{"id":1437,"date":"2022-07-09T08:45:42","date_gmt":"2022-07-09T06:45:42","guid":{"rendered":"https:\/\/www.aspronis.com\/collabora\/collaboracio-per-particulars\/donatius\/"},"modified":"2026-02-03T09:46:10","modified_gmt":"2026-02-03T08:46:10","slug":"donativos","status":"publish","type":"page","link":"https:\/\/www.aspronis.com\/es\/colabora\/colaboracion-para-particulares\/donativos\/","title":{"rendered":"Haz un donativo"},"content":{"rendered":"<div class=\"wpb-content-wrapper\"><p>[vc_row css_animation=\u00bb\u00bb row_type=\u00bbrow\u00bb use_row_as_full_screen_section=\u00bbno\u00bb type=\u00bbgrid\u00bb angled_section=\u00bbno\u00bb text_align=\u00bbleft\u00bb background_image_as_pattern=\u00bbwithout_pattern\u00bb el_class=\u00bbpb0&#8243; z_index=\u00bb\u00bb][vc_column][vc_column_text el_class=\u00bbsection_title small\u00bb]<\/p>\n<h2>Haz un donativo<\/h2>\n<p>[\/vc_column_text][\/vc_column][\/vc_row][vc_row css_animation=\u00bb\u00bb row_type=\u00bbrow\u00bb use_row_as_full_screen_section=\u00bbno\u00bb type=\u00bbgrid\u00bb angled_section=\u00bbno\u00bb text_align=\u00bbleft\u00bb background_image_as_pattern=\u00bbwithout_pattern\u00bb z_index=\u00bb\u00bb el_class=\u00bbpt0&#8243;][vc_column width=\u00bb1\/2&#8243;][vc_column_text el_class=\u00bbinfo_fer_donatiu\u00bb]En la Fundaci\u00f3n ASPRONIS atendemos a <strong>m\u00e1s de 700 personas con discapacidad intelectual o en riesgo de exclusi\u00f3n<\/strong> ya sus familias, y <strong>t\u00fa puedes ayudarnos. <\/strong>Colabora en hacer realidad proyectos que mejoran la calidad de vida de las personas y favorece la inserci\u00f3n social y el trabajo para estos colectivos.<\/p>\n<p><strong>Haz un donativo. No importa la cantidad, \u00a1todo suma!<\/strong><\/p>\n<p>&nbsp;<\/p>\n<h5><strong>\u00bfC\u00f3mo hacer un donativo?<\/strong><\/h5>\n<p>Puedes realizar un donativo con <strong>tarjeta de cr\u00e9dito <\/strong>mediante el formulario por el importe que quieras. Tambi\u00e9n puedes realizar una <strong>transferencia bancaria*<\/strong> o un <strong>Bizum*<\/strong>:[\/vc_column_text][vc_separator type=\u00bbtransparent\u00bb up=\u00bb30&#8243;][vc_column_text css=\u00bb.vc_custom_1666169092019{padding-top: 20px !important;padding-right: 20px !important;padding-bottom: 20px !important;padding-left: 20px !important;background-color: #dbdbdb !important;}\u00bb el_class=\u00bbinfo_fer_donatiu\u00bb]<strong><em>CAIXABANK: ES75 2100 9622 8522 0005 2955<\/em><\/strong><br \/>\n<em>(Concepto \u201cNIF + Nombre y apellidos + C\u00f3digo Postal\u201d)<\/em><\/p>\n<p><img loading=\"lazy\" decoding=\"async\" class=\"alignnone wp-image-1329\" src=\"https:\/\/www.aspronis.com\/wp-content\/uploads\/2022\/09\/Bizum.png\" alt=\"\" width=\"105\" height=\"39\" \/><br \/>\n<em><strong>06077<\/strong> <\/em><br \/>\n<em>(Concepto Nombre y Apellidos)<\/em>[\/vc_column_text][vc_separator type=\u00bbtransparent\u00bb up=\u00bb30&#8243;][vc_column_text el_class=\u00bbinfo_fer_donatiu\u00bb]<strong>*<\/strong>En caso de <strong>transferencia o Bizum, debes enviarnos tus datos<\/strong> (nombre completo, NIF, direcci\u00f3n postal y tel\u00e9fono) por correo electr\u00f3nico a la direcci\u00f3n ambtu@aspronis .com <strong>para que te podamos enviar el certificado de donaci\u00f3n.<\/strong>[\/vc_column_text][vc_separator type=\u00bbtransparent\u00bb up=\u00bb30&#8243;][vc_column_text css=\u00bb\u00bb el_class=\u00bblink_vols_coneixer\u00bb]<a class=\"qode-prettyphoto qode-single-image-pretty-photo\" href=\"https:\/\/www.aspronis.com\/wp-content\/uploads\/2026\/02\/Persones-fisiques-scaled.png\" target=\"_self\" rel=\"prettyPhoto[rel-1] noopener\" data-rel=\"prettyPhoto[rel-1]\">\u00bfSabes cu\u00e1les son los beneficios fiscales de realizar una donaci\u00f3n?<\/a>[\/vc_column_text][vc_separator type=\u00bbtransparent\u00bb up=\u00bb30&#8243;][vc_column_text el_class=\u00bblink_bold\u00bb]\u00bfTienes alguna duda? Escr\u00edbenos a: <a href=\"mailto:ambtu@aspronis.com\">ambtu@aspronis.com<\/a>[\/vc_column_text][vc_separator type=\u00bbtransparent\u00bb up=\u00bb30&#8243;][vc_single_image image=\u00bb1327&#8243; img_size=\u00bbfull\u00bb qode_css_animation=\u00bb\u00bb][vc_separator type=\u00bbtransparent\u00bb up=\u00bb30&#8243;][\/vc_column][vc_column width=\u00bb1\/2&#8243;][vc_widget_sidebar sidebar_id=\u00bbdonacions\u00bb][\/vc_column][\/vc_row][vc_row css_animation=\u00bb\u00bb row_type=\u00bbrow\u00bb use_row_as_full_screen_section=\u00bbno\u00bb type=\u00bbfull_width\u00bb angled_section=\u00bbno\u00bb text_align=\u00bbleft\u00bb background_image_as_pattern=\u00bbwithout_pattern\u00bb el_class=\u00bbnewsletter_section_wrapper\u00bb z_index=\u00bb\u00bb][vc_column][vc_widget_sidebar sidebar_id=\u00bbnewsletter\u00bb][\/vc_column][\/vc_row]<\/p>\n<\/div>","protected":false},"excerpt":{"rendered":"<p>[vc_row css_animation=\u00bb\u00bb row_type=\u00bbrow\u00bb use_row_as_full_screen_section=\u00bbno\u00bb type=\u00bbgrid\u00bb angled_section=\u00bbno\u00bb text_align=\u00bbleft\u00bb background_image_as_pattern=\u00bbwithout_pattern\u00bb el_class=\u00bbpb0&#8243; z_index=\u00bb\u00bb][vc_column][vc_column_text el_class=\u00bbsection_title small\u00bb] Haz un donativo [\/vc_column_text][\/vc_column][\/vc_row][vc_row css_animation=\u00bb\u00bb row_type=\u00bbrow\u00bb use_row_as_full_screen_section=\u00bbno\u00bb type=\u00bbgrid\u00bb angled_section=\u00bbno\u00bb text_align=\u00bbleft\u00bb background_image_as_pattern=\u00bbwithout_pattern\u00bb z_index=\u00bb\u00bb el_class=\u00bbpt0&#8243;][vc_column width=\u00bb1\/2&#8243;][vc_column_text el_class=\u00bbinfo_fer_donatiu\u00bb]En la Fundaci\u00f3n ASPRONIS atendemos a m\u00e1s de 700 personas con discapacidad intelectual o en riesgo de exclusi\u00f3n ya&#8230;<\/p>\n","protected":false},"author":1,"featured_media":0,"parent":1435,"menu_order":0,"comment_status":"closed","ping_status":"closed","template":"full_width.php","meta":{"footnotes":""},"class_list":["post-1437","page","type-page","status-publish","hentry"],"yoast_head":"<!-- This site is optimized with the Yoast SEO plugin v26.8 - https:\/\/yoast.com\/product\/yoast-seo-wordpress\/ -->\n<title>Haz un donativo - Aspronis<\/title>\n<meta name=\"robots\" content=\"index, follow, max-snippet:-1, max-image-preview:large, max-video-preview:-1\" \/>\n<link rel=\"canonical\" href=\"https:\/\/www.aspronis.com\/es\/colabora\/colaboracion-para-particulares\/donativos\/\" \/>\n<meta property=\"og:locale\" content=\"es_ES\" \/>\n<meta property=\"og:type\" content=\"article\" \/>\n<meta property=\"og:title\" content=\"Haz un donativo - Aspronis\" \/>\n<meta property=\"og:description\" content=\"[vc_row css_animation=\u00bb\u00bb row_type=\u00bbrow\u00bb use_row_as_full_screen_section=\u00bbno\u00bb type=\u00bbgrid\u00bb angled_section=\u00bbno\u00bb text_align=\u00bbleft\u00bb background_image_as_pattern=\u00bbwithout_pattern\u00bb el_class=\u00bbpb0&#8243; z_index=\u00bb\u00bb][vc_column][vc_column_text el_class=\u00bbsection_title small\u00bb] Haz un donativo [\/vc_column_text][\/vc_column][\/vc_row][vc_row css_animation=\u00bb\u00bb row_type=\u00bbrow\u00bb use_row_as_full_screen_section=\u00bbno\u00bb type=\u00bbgrid\u00bb angled_section=\u00bbno\u00bb text_align=\u00bbleft\u00bb background_image_as_pattern=\u00bbwithout_pattern\u00bb z_index=\u00bb\u00bb el_class=\u00bbpt0&#8243;][vc_column width=\u00bb1\/2&#8243;][vc_column_text el_class=\u00bbinfo_fer_donatiu\u00bb]En la Fundaci\u00f3n ASPRONIS atendemos a m\u00e1s de 700 personas con discapacidad intelectual o en riesgo de exclusi\u00f3n ya...\" \/>\n<meta property=\"og:url\" content=\"https:\/\/www.aspronis.com\/es\/colabora\/colaboracion-para-particulares\/donativos\/\" \/>\n<meta property=\"og:site_name\" content=\"Aspronis\" \/>\n<meta property=\"article:modified_time\" content=\"2026-02-03T08:46:10+00:00\" \/>\n<meta property=\"og:image\" content=\"https:\/\/www.aspronis.com\/wp-content\/uploads\/2022\/09\/Bizum.png\" \/>\n\t<meta property=\"og:image:width\" content=\"150\" \/>\n\t<meta property=\"og:image:height\" content=\"51\" \/>\n\t<meta property=\"og:image:type\" content=\"image\/png\" \/>\n<meta name=\"twitter:card\" content=\"summary_large_image\" \/>\n<meta name=\"twitter:label1\" content=\"Tiempo de lectura\" \/>\n\t<meta name=\"twitter:data1\" content=\"2 minutos\" \/>\n<script type=\"application\/ld+json\" class=\"yoast-schema-graph\">{\"@context\":\"https:\/\/schema.org\",\"@graph\":[{\"@type\":\"WebPage\",\"@id\":\"https:\/\/www.aspronis.com\/es\/colabora\/colaboracion-para-particulares\/donativos\/\",\"url\":\"https:\/\/www.aspronis.com\/es\/colabora\/colaboracion-para-particulares\/donativos\/\",\"name\":\"Haz un donativo - Aspronis\",\"isPartOf\":{\"@id\":\"https:\/\/www.aspronis.com\/es\/#website\"},\"primaryImageOfPage\":{\"@id\":\"https:\/\/www.aspronis.com\/es\/colabora\/colaboracion-para-particulares\/donativos\/#primaryimage\"},\"image\":{\"@id\":\"https:\/\/www.aspronis.com\/es\/colabora\/colaboracion-para-particulares\/donativos\/#primaryimage\"},\"thumbnailUrl\":\"https:\/\/www.aspronis.com\/wp-content\/uploads\/2022\/09\/Bizum.png\",\"datePublished\":\"2022-07-09T06:45:42+00:00\",\"dateModified\":\"2026-02-03T08:46:10+00:00\",\"breadcrumb\":{\"@id\":\"https:\/\/www.aspronis.com\/es\/colabora\/colaboracion-para-particulares\/donativos\/#breadcrumb\"},\"inLanguage\":\"es\",\"potentialAction\":[{\"@type\":\"ReadAction\",\"target\":[\"https:\/\/www.aspronis.com\/es\/colabora\/colaboracion-para-particulares\/donativos\/\"]}]},{\"@type\":\"ImageObject\",\"inLanguage\":\"es\",\"@id\":\"https:\/\/www.aspronis.com\/es\/colabora\/colaboracion-para-particulares\/donativos\/#primaryimage\",\"url\":\"https:\/\/www.aspronis.com\/wp-content\/uploads\/2022\/09\/Bizum.png\",\"contentUrl\":\"https:\/\/www.aspronis.com\/wp-content\/uploads\/2022\/09\/Bizum.png\"},{\"@type\":\"BreadcrumbList\",\"@id\":\"https:\/\/www.aspronis.com\/es\/colabora\/colaboracion-para-particulares\/donativos\/#breadcrumb\",\"itemListElement\":[{\"@type\":\"ListItem\",\"position\":1,\"name\":\"Colabora\",\"item\":\"https:\/\/www.aspronis.com\/es\/colabora\/\"},{\"@type\":\"ListItem\",\"position\":2,\"name\":\"Colaboraci\u00f3n para particulares\",\"item\":\"https:\/\/www.aspronis.com\/es\/colabora\/colaboracion-para-particulares\/\"},{\"@type\":\"ListItem\",\"position\":3,\"name\":\"Haz un donativo\"}]},{\"@type\":\"WebSite\",\"@id\":\"https:\/\/www.aspronis.com\/es\/#website\",\"url\":\"https:\/\/www.aspronis.com\/es\/\",\"name\":\"Aspronis\",\"description\":\"\",\"potentialAction\":[{\"@type\":\"SearchAction\",\"target\":{\"@type\":\"EntryPoint\",\"urlTemplate\":\"https:\/\/www.aspronis.com\/es\/?s={search_term_string}\"},\"query-input\":{\"@type\":\"PropertyValueSpecification\",\"valueRequired\":true,\"valueName\":\"search_term_string\"}}],\"inLanguage\":\"es\"}]}<\/script>\n<!-- \/ Yoast SEO plugin. -->","yoast_head_json":{"title":"Haz un donativo - Aspronis","robots":{"index":"index","follow":"follow","max-snippet":"max-snippet:-1","max-image-preview":"max-image-preview:large","max-video-preview":"max-video-preview:-1"},"canonical":"https:\/\/www.aspronis.com\/es\/colabora\/colaboracion-para-particulares\/donativos\/","og_locale":"es_ES","og_type":"article","og_title":"Haz un donativo - Aspronis","og_description":"[vc_row css_animation=\u00bb\u00bb row_type=\u00bbrow\u00bb use_row_as_full_screen_section=\u00bbno\u00bb type=\u00bbgrid\u00bb angled_section=\u00bbno\u00bb text_align=\u00bbleft\u00bb background_image_as_pattern=\u00bbwithout_pattern\u00bb el_class=\u00bbpb0&#8243; z_index=\u00bb\u00bb][vc_column][vc_column_text el_class=\u00bbsection_title small\u00bb] Haz un donativo [\/vc_column_text][\/vc_column][\/vc_row][vc_row css_animation=\u00bb\u00bb row_type=\u00bbrow\u00bb use_row_as_full_screen_section=\u00bbno\u00bb type=\u00bbgrid\u00bb angled_section=\u00bbno\u00bb text_align=\u00bbleft\u00bb background_image_as_pattern=\u00bbwithout_pattern\u00bb z_index=\u00bb\u00bb el_class=\u00bbpt0&#8243;][vc_column width=\u00bb1\/2&#8243;][vc_column_text el_class=\u00bbinfo_fer_donatiu\u00bb]En la Fundaci\u00f3n ASPRONIS atendemos a m\u00e1s de 700 personas con discapacidad intelectual o en riesgo de exclusi\u00f3n ya...","og_url":"https:\/\/www.aspronis.com\/es\/colabora\/colaboracion-para-particulares\/donativos\/","og_site_name":"Aspronis","article_modified_time":"2026-02-03T08:46:10+00:00","og_image":[{"width":150,"height":51,"url":"https:\/\/www.aspronis.com\/wp-content\/uploads\/2022\/09\/Bizum.png","type":"image\/png"}],"twitter_card":"summary_large_image","twitter_misc":{"Tiempo de lectura":"2 minutos"},"schema":{"@context":"https:\/\/schema.org","@graph":[{"@type":"WebPage","@id":"https:\/\/www.aspronis.com\/es\/colabora\/colaboracion-para-particulares\/donativos\/","url":"https:\/\/www.aspronis.com\/es\/colabora\/colaboracion-para-particulares\/donativos\/","name":"Haz un donativo - Aspronis","isPartOf":{"@id":"https:\/\/www.aspronis.com\/es\/#website"},"primaryImageOfPage":{"@id":"https:\/\/www.aspronis.com\/es\/colabora\/colaboracion-para-particulares\/donativos\/#primaryimage"},"image":{"@id":"https:\/\/www.aspronis.com\/es\/colabora\/colaboracion-para-particulares\/donativos\/#primaryimage"},"thumbnailUrl":"https:\/\/www.aspronis.com\/wp-content\/uploads\/2022\/09\/Bizum.png","datePublished":"2022-07-09T06:45:42+00:00","dateModified":"2026-02-03T08:46:10+00:00","breadcrumb":{"@id":"https:\/\/www.aspronis.com\/es\/colabora\/colaboracion-para-particulares\/donativos\/#breadcrumb"},"inLanguage":"es","potentialAction":[{"@type":"ReadAction","target":["https:\/\/www.aspronis.com\/es\/colabora\/colaboracion-para-particulares\/donativos\/"]}]},{"@type":"ImageObject","inLanguage":"es","@id":"https:\/\/www.aspronis.com\/es\/colabora\/colaboracion-para-particulares\/donativos\/#primaryimage","url":"https:\/\/www.aspronis.com\/wp-content\/uploads\/2022\/09\/Bizum.png","contentUrl":"https:\/\/www.aspronis.com\/wp-content\/uploads\/2022\/09\/Bizum.png"},{"@type":"BreadcrumbList","@id":"https:\/\/www.aspronis.com\/es\/colabora\/colaboracion-para-particulares\/donativos\/#breadcrumb","itemListElement":[{"@type":"ListItem","position":1,"name":"Colabora","item":"https:\/\/www.aspronis.com\/es\/colabora\/"},{"@type":"ListItem","position":2,"name":"Colaboraci\u00f3n para particulares","item":"https:\/\/www.aspronis.com\/es\/colabora\/colaboracion-para-particulares\/"},{"@type":"ListItem","position":3,"name":"Haz un donativo"}]},{"@type":"WebSite","@id":"https:\/\/www.aspronis.com\/es\/#website","url":"https:\/\/www.aspronis.com\/es\/","name":"Aspronis","description":"","potentialAction":[{"@type":"SearchAction","target":{"@type":"EntryPoint","urlTemplate":"https:\/\/www.aspronis.com\/es\/?s={search_term_string}"},"query-input":{"@type":"PropertyValueSpecification","valueRequired":true,"valueName":"search_term_string"}}],"inLanguage":"es"}]}},"_links":{"self":[{"href":"https:\/\/www.aspronis.com\/es\/wp-json\/wp\/v2\/pages\/1437","targetHints":{"allow":["GET"]}}],"collection":[{"href":"https:\/\/www.aspronis.com\/es\/wp-json\/wp\/v2\/pages"}],"about":[{"href":"https:\/\/www.aspronis.com\/es\/wp-json\/wp\/v2\/types\/page"}],"author":[{"embeddable":true,"href":"https:\/\/www.aspronis.com\/es\/wp-json\/wp\/v2\/users\/1"}],"replies":[{"embeddable":true,"href":"https:\/\/www.aspronis.com\/es\/wp-json\/wp\/v2\/comments?post=1437"}],"version-history":[{"count":4,"href":"https:\/\/www.aspronis.com\/es\/wp-json\/wp\/v2\/pages\/1437\/revisions"}],"predecessor-version":[{"id":3668,"href":"https:\/\/www.aspronis.com\/es\/wp-json\/wp\/v2\/pages\/1437\/revisions\/3668"}],"up":[{"embeddable":true,"href":"https:\/\/www.aspronis.com\/es\/wp-json\/wp\/v2\/pages\/1435"}],"wp:attachment":[{"href":"https:\/\/www.aspronis.com\/es\/wp-json\/wp\/v2\/media?parent=1437"}],"curies":[{"name":"wp","href":"https:\/\/api.w.org\/{rel}","templated":true}]}}