{"id":1439,"date":"2022-07-10T20:12:50","date_gmt":"2022-07-10T18:12:50","guid":{"rendered":"https:\/\/www.aspronis.com\/collabora\/collaboracio-per-particulars\/herencies-i-llegats\/"},"modified":"2022-10-31T16:50:14","modified_gmt":"2022-10-31T15:50:14","slug":"herencias-y-legados","status":"publish","type":"page","link":"https:\/\/www.aspronis.com\/es\/colabora\/colaboracion-para-particulares\/herencias-y-legados\/","title":{"rendered":"Herencias y legados"},"content":{"rendered":"<div class=\"wpb-content-wrapper\"><p>[vc_row css_animation=\u00bb\u00bb row_type=\u00bbrow\u00bb use_row_as_full_screen_section=\u00bbno\u00bb type=\u00bbgrid\u00bb angled_section=\u00bbno\u00bb text_align=\u00bbleft\u00bb background_image_as_pattern=\u00bbwithout_pattern\u00bb z_index=\u00bb\u00bb][vc_column][vc_column_text el_class=\u00bbsection_title small sep\u00bb]<\/p>\n<h2>Herencias y legados<\/h2>\n<p>[\/vc_column_text][vc_column_text]<strong>Informamos y asesoramos a las familias<\/strong> de las personas atendidas sobre la <strong>necesidad de hacer testamento<\/strong> y sus ventajas, y les ayudamos a <strong>planificar el futuro patrimonial de la persona&lt;\/ strong&gt; para garantizar su calidad de vida y su atenci\u00f3n.<\/strong><\/p>\n<p><strong>El servicio tambi\u00e9n est\u00e1 destinado a cualquier persona que quiera hacer un legado o dejar una herencia a favor de la Fundaci\u00f3n<\/strong>, tenga o no vinculaci\u00f3n. Todos los recursos ser\u00e1n destinados a la misi\u00f3n de la entidad: velar por la calidad de vida de las personas en riesgo de exclusi\u00f3n, especialmente con diversidad funcional, y hacer realidad su proyecto de vida.[\/vc_column_text][vc_separator type=\u00bbtransparent\u00bb up=\u00bb30&#8243;][vc_column_text el_class=\u00bbhome_intro text_primary_color\u00bb]<\/p>\n<p style=\"text-align: center;\"><strong><i>Su herencia o legado puede contribuir a garantizar la atenci\u00f3n a las personas que lo necesitan una vez usted o su familiar dado no est\u00e9n all\u00ed .<\/i><\/strong><\/p>\n<p>[\/vc_column_text][vc_separator type=\u00bbtransparent\u00bb up=\u00bb10&#8243;]<div class=\"qode-accordion-holder clearfix qode-toggle qode-initial \">\n\t<h4 class=\"clearfix qode-title-holder\">\n<span class=\"qode-tab-title\">\n\t    <span class=\"qode-tab-title-inner\">\n        Herencias y legados solidarios    <\/span>\n<\/span>\n<span class=\"qode-accordion-mark\">\n    <span class=\"qode-accordion-mark-icon\">\n        <span class=\"icon_plus\"><\/span>\n        <span class=\"icon_minus-06\"><\/span>\n    <\/span>\n<\/span>\n<\/h4>\n<div  class=\"qode-accordion-content \" >\n    <div class=\"qode-accordion-content-inner\">\n        [vc_column_text]<strong>Hacer testamento es importante<\/strong> y lo es especialmente para las familias que tienen un hijo\/a con discapacidad, ya que es una oportunidad de garantizar su futuro y su proyecto de vida. Es un <strong>procedimiento sencillo, econ\u00f3mico y \u00fatil<\/strong> para decidir sobre la disposici\u00f3n del patrimonio.<br \/>\nEs muy importante hacer testamento por:<\/p>\n<ul>\n<li><span class=\"list_aspronis\">Garantizar que su voluntad se cumplir\u00e1 con exactitud y facilitar a los herederos la transmisi\u00f3n de los bienes.<\/span><\/li>\n<li><span class=\"list_aspronis\">Evitar problemas a familiares y c\u00edrculos cercanos.<\/span><\/li>\n<li><span class=\"list_aspronis\">Evitar que el patrimonio pase a manos del Estado en caso de no haber testamento.<\/span><\/li>\n<li><span class=\"list_aspronis\">Evitar pagar impuestos de forma innecesaria y que se reduzca as\u00ed el valor de su legado.<\/span><\/li>\n<\/ul>\n<p>Adem\u00e1s de <strong>garantizar el futuro de su familiar con discapacidad<\/strong>, su herencia o <strong>su legado tambi\u00e9n puede ser solidario<\/strong> con otras personas atendidas en ASPRONIS.[\/vc_column_text]    <\/div>\n<\/div><h4 class=\"clearfix qode-title-holder\">\n<span class=\"qode-tab-title\">\n\t    <span class=\"qode-tab-title-inner\">\n        \u00bfC\u00f3mo puedo dejar la herencia o realizar un legado a la Fundaci\u00f3n ASPRONIS?    <\/span>\n<\/span>\n<span class=\"qode-accordion-mark\">\n    <span class=\"qode-accordion-mark-icon\">\n        <span class=\"icon_plus\"><\/span>\n        <span class=\"icon_minus-06\"><\/span>\n    <\/span>\n<\/span>\n<\/h4>\n<div  class=\"qode-accordion-content \" >\n    <div class=\"qode-accordion-content-inner\">\n        [vc_column_text]En el testamento tanto los familiares de las personas atendidas en la Fundaci\u00f3n como cualquier persona puede:<\/p>\n<ul>\n<li><span class=\"list_aspronis\">Hacer un <strong>legado a favor<\/strong> de la entidad, es decir, asignar varios bienes o derechos a la Fundaci\u00f3n.<\/span><\/li>\n<li><span class=\"list_aspronis\">Nombrarla <strong>coheredera<\/strong>, en caso de que quiera compartir los bienes con m\u00e1s de una persona o instituci\u00f3n.<\/span><\/li>\n<li><span class=\"list_aspronis\">Nombrarla <strong>heredera universal<\/strong>, en caso de que no haya herederos.<\/span><\/li>\n<li><span class=\"list_aspronis\">Nombrarla <strong>administradora<\/strong> de los bienes legados en usufructo al hijo\/a con discapacidad y, a su muerte, la Fundaci\u00f3n los destinar\u00e1 a otras personas con discapacidad y sin recursos.<\/span><\/li>\n<\/ul>\n<p>[\/vc_column_text]    <\/div>\n<\/div><h4 class=\"clearfix qode-title-holder\">\n<span class=\"qode-tab-title\">\n\t    <span class=\"qode-tab-title-inner\">\n        \u00bfQu\u00e9 haremos con su herencia o su legado?    <\/span>\n<\/span>\n<span class=\"qode-accordion-mark\">\n    <span class=\"qode-accordion-mark-icon\">\n        <span class=\"icon_plus\"><\/span>\n        <span class=\"icon_minus-06\"><\/span>\n    <\/span>\n<\/span>\n<\/h4>\n<div  class=\"qode-accordion-content \" >\n    <div class=\"qode-accordion-content-inner\">\n        [vc_column_text]<\/p>\n<div class=\"su-spoiler su-spoiler-style-default su-spoiler-icon-arrow\" data-anchor=\"Accordion-3\" data-scroll-offset=\"0\">\n<div class=\"su-spoiler-content su-u-clearfijo su-u-trim\">En caso de que as\u00ed lo establezca el testamento, la Fundaci\u00f3n dedicar\u00e1 la herencia o el legado al proyecto de vida de su familiar atendido en nuestros servicios. A su muerte, dedicaremos los restantes bienes a mejorar la calidad de vida de aquellas personas con discapacidad atendidas en la Fundaci\u00f3n que no tengan recursos.<\/div>\n<\/div>\n<p>[\/vc_column_text]    <\/div>\n<\/div><h4 class=\"clearfix qode-title-holder\">\n<span class=\"qode-tab-title\">\n\t    <span class=\"qode-tab-title-inner\">\n        \u00bfQu\u00e9 bienes pueden ser legados a la Fundaci\u00f3n ASPRONIS?    <\/span>\n<\/span>\n<span class=\"qode-accordion-mark\">\n    <span class=\"qode-accordion-mark-icon\">\n        <span class=\"icon_plus\"><\/span>\n        <span class=\"icon_minus-06\"><\/span>\n    <\/span>\n<\/span>\n<\/h4>\n<div  class=\"qode-accordion-content \" >\n    <div class=\"qode-accordion-content-inner\">\n        [vc_column_text]<\/p>\n<div class=\"su-spoiler su-spoiler-style-default su-spoiler-icon-arrow\" data-anchor=\"Accordion-3\" data-scroll-offset=\"0\">\n<div class=\"su-spoiler-content su-u-clearfijo su-u-trim\">\n<ul>\n<li><span class=\"list_aspronis\"><strong>Bienes inmuebles: <\/strong>viviendas, fincas r\u00fasticas, etc.<\/span><\/li>\n<li><span class=\"list_aspronis\"><strong>Dinero en efectivo <\/strong>o dinero depositado en entidades financieras.<\/span><\/li>\n<li><span class=\"list_aspronis\"><strong>Acciones<\/strong>, fondos de inversi\u00f3n o seguros de vida.<\/span><\/li>\n<li><span class=\"list_aspronis\"><strong>Otros bienes<\/strong>, como joyas, cuadros, antig\u00fcedades, mobiliario, etc.<\/span><\/li>\n<\/ul>\n<\/div>\n<\/div>\n<p>[\/vc_column_text]    <\/div>\n<\/div><h4 class=\"clearfix qode-title-holder\">\n<span class=\"qode-tab-title\">\n\t    <span class=\"qode-tab-title-inner\">\n        \u00bfA qu\u00e9 dedicaremos la herencia o legado cuando no sea de un familiar de ninguna persona atendida?    <\/span>\n<\/span>\n<span class=\"qode-accordion-mark\">\n    <span class=\"qode-accordion-mark-icon\">\n        <span class=\"icon_plus\"><\/span>\n        <span class=\"icon_minus-06\"><\/span>\n    <\/span>\n<\/span>\n<\/h4>\n<div  class=\"qode-accordion-content \" >\n    <div class=\"qode-accordion-content-inner\">\n        [vc_column_text]<\/p>\n<div class=\"su-spoiler su-spoiler-style-default su-spoiler-icon-arrow\" data-anchor=\"Accordion-3\" data-scroll-offset=\"0\">\n<div class=\"su-spoiler-content su-u-clearfijo su-u-trim\">\n<ul>\n<li><span class=\"list_aspronis\"><strong>Proporcionar vivienda <\/strong>a personas atendidas sin recursos.<\/span><\/li>\n<li><span class=\"list_aspronis\"><strong>Equipar servicios asistenciales.<\/strong><\/span><\/li>\n<li><span class=\"list_aspronis\"><strong>Proveer de maquinaria o recursos que den trabajo a las personas.<\/strong><\/span><\/li>\n<\/ul>\n<\/div>\n<\/div>\n<p>[\/vc_column_text]    <\/div>\n<\/div><\/div>[\/vc_column][\/vc_row][vc_row css_animation=\u00bb\u00bb row_type=\u00bbrow\u00bb use_row_as_full_screen_section=\u00bbno\u00bb type=\u00bbfull_width\u00bb angled_section=\u00bbno\u00bb text_align=\u00bbleft\u00bb background_image_as_pattern=\u00bbwithout_pattern\u00bb el_class=\u00bbnewsletter_section_wrapper\u00bb z_index=\u00bb\u00bb][vc_column][vc_widget_sidebar sidebar_id=\u00bbnewsletter\u00bb][\/vc_column][\/vc_row]<\/p>\n<\/div>","protected":false},"excerpt":{"rendered":"<p>[vc_row css_animation=\u00bb\u00bb row_type=\u00bbrow\u00bb use_row_as_full_screen_section=\u00bbno\u00bb type=\u00bbgrid\u00bb angled_section=\u00bbno\u00bb text_align=\u00bbleft\u00bb background_image_as_pattern=\u00bbwithout_pattern\u00bb z_index=\u00bb\u00bb][vc_column][vc_column_text el_class=\u00bbsection_title small sep\u00bb] Herencias y legados [\/vc_column_text][vc_column_text]Informamos y asesoramos a las familias de las personas atendidas sobre la necesidad de hacer testamento y sus ventajas, y les ayudamos a planificar el futuro patrimonial de la persona&lt;\/&#8230;<\/p>\n","protected":false},"author":1,"featured_media":0,"parent":1435,"menu_order":0,"comment_status":"closed","ping_status":"closed","template":"full_width.php","meta":{"footnotes":""},"class_list":["post-1439","page","type-page","status-publish","hentry"],"yoast_head":"<!-- This site is optimized with the Yoast SEO plugin v26.8 - https:\/\/yoast.com\/product\/yoast-seo-wordpress\/ -->\n<title>Herencias y legados - Aspronis<\/title>\n<meta name=\"robots\" content=\"index, follow, max-snippet:-1, max-image-preview:large, max-video-preview:-1\" \/>\n<link rel=\"canonical\" href=\"https:\/\/www.aspronis.com\/es\/colabora\/colaboracion-para-particulares\/herencias-y-legados\/\" \/>\n<meta property=\"og:locale\" content=\"es_ES\" \/>\n<meta property=\"og:type\" content=\"article\" \/>\n<meta property=\"og:title\" content=\"Herencias y legados - Aspronis\" \/>\n<meta property=\"og:description\" content=\"[vc_row css_animation=\u00bb\u00bb row_type=\u00bbrow\u00bb use_row_as_full_screen_section=\u00bbno\u00bb type=\u00bbgrid\u00bb angled_section=\u00bbno\u00bb text_align=\u00bbleft\u00bb background_image_as_pattern=\u00bbwithout_pattern\u00bb z_index=\u00bb\u00bb][vc_column][vc_column_text el_class=\u00bbsection_title small sep\u00bb] Herencias y legados [\/vc_column_text][vc_column_text]Informamos y asesoramos a las familias de las personas atendidas sobre la necesidad de hacer testamento y sus ventajas, y les ayudamos a planificar el futuro patrimonial de la persona&lt;\/...\" \/>\n<meta property=\"og:url\" content=\"https:\/\/www.aspronis.com\/es\/colabora\/colaboracion-para-particulares\/herencias-y-legados\/\" \/>\n<meta property=\"og:site_name\" content=\"Aspronis\" \/>\n<meta property=\"article:modified_time\" content=\"2022-10-31T15:50:14+00:00\" \/>\n<meta name=\"twitter:card\" content=\"summary_large_image\" \/>\n<meta name=\"twitter:label1\" content=\"Tiempo de lectura\" \/>\n\t<meta name=\"twitter:data1\" content=\"3 minutos\" \/>\n<script type=\"application\/ld+json\" class=\"yoast-schema-graph\">{\"@context\":\"https:\/\/schema.org\",\"@graph\":[{\"@type\":\"WebPage\",\"@id\":\"https:\/\/www.aspronis.com\/es\/colabora\/colaboracion-para-particulares\/herencias-y-legados\/\",\"url\":\"https:\/\/www.aspronis.com\/es\/colabora\/colaboracion-para-particulares\/herencias-y-legados\/\",\"name\":\"Herencias y legados - Aspronis\",\"isPartOf\":{\"@id\":\"https:\/\/www.aspronis.com\/es\/#website\"},\"datePublished\":\"2022-07-10T18:12:50+00:00\",\"dateModified\":\"2022-10-31T15:50:14+00:00\",\"breadcrumb\":{\"@id\":\"https:\/\/www.aspronis.com\/es\/colabora\/colaboracion-para-particulares\/herencias-y-legados\/#breadcrumb\"},\"inLanguage\":\"es\",\"potentialAction\":[{\"@type\":\"ReadAction\",\"target\":[\"https:\/\/www.aspronis.com\/es\/colabora\/colaboracion-para-particulares\/herencias-y-legados\/\"]}]},{\"@type\":\"BreadcrumbList\",\"@id\":\"https:\/\/www.aspronis.com\/es\/colabora\/colaboracion-para-particulares\/herencias-y-legados\/#breadcrumb\",\"itemListElement\":[{\"@type\":\"ListItem\",\"position\":1,\"name\":\"Colabora\",\"item\":\"https:\/\/www.aspronis.com\/es\/colabora\/\"},{\"@type\":\"ListItem\",\"position\":2,\"name\":\"Colaboraci\u00f3n para particulares\",\"item\":\"https:\/\/www.aspronis.com\/es\/colabora\/colaboracion-para-particulares\/\"},{\"@type\":\"ListItem\",\"position\":3,\"name\":\"Herencias y legados\"}]},{\"@type\":\"WebSite\",\"@id\":\"https:\/\/www.aspronis.com\/es\/#website\",\"url\":\"https:\/\/www.aspronis.com\/es\/\",\"name\":\"Aspronis\",\"description\":\"\",\"potentialAction\":[{\"@type\":\"SearchAction\",\"target\":{\"@type\":\"EntryPoint\",\"urlTemplate\":\"https:\/\/www.aspronis.com\/es\/?s={search_term_string}\"},\"query-input\":{\"@type\":\"PropertyValueSpecification\",\"valueRequired\":true,\"valueName\":\"search_term_string\"}}],\"inLanguage\":\"es\"}]}<\/script>\n<!-- \/ Yoast SEO plugin. -->","yoast_head_json":{"title":"Herencias y legados - Aspronis","robots":{"index":"index","follow":"follow","max-snippet":"max-snippet:-1","max-image-preview":"max-image-preview:large","max-video-preview":"max-video-preview:-1"},"canonical":"https:\/\/www.aspronis.com\/es\/colabora\/colaboracion-para-particulares\/herencias-y-legados\/","og_locale":"es_ES","og_type":"article","og_title":"Herencias y legados - Aspronis","og_description":"[vc_row css_animation=\u00bb\u00bb row_type=\u00bbrow\u00bb use_row_as_full_screen_section=\u00bbno\u00bb type=\u00bbgrid\u00bb angled_section=\u00bbno\u00bb text_align=\u00bbleft\u00bb background_image_as_pattern=\u00bbwithout_pattern\u00bb z_index=\u00bb\u00bb][vc_column][vc_column_text el_class=\u00bbsection_title small sep\u00bb] Herencias y legados [\/vc_column_text][vc_column_text]Informamos y asesoramos a las familias de las personas atendidas sobre la necesidad de hacer testamento y sus ventajas, y les ayudamos a planificar el futuro patrimonial de la persona&lt;\/...","og_url":"https:\/\/www.aspronis.com\/es\/colabora\/colaboracion-para-particulares\/herencias-y-legados\/","og_site_name":"Aspronis","article_modified_time":"2022-10-31T15:50:14+00:00","twitter_card":"summary_large_image","twitter_misc":{"Tiempo de lectura":"3 minutos"},"schema":{"@context":"https:\/\/schema.org","@graph":[{"@type":"WebPage","@id":"https:\/\/www.aspronis.com\/es\/colabora\/colaboracion-para-particulares\/herencias-y-legados\/","url":"https:\/\/www.aspronis.com\/es\/colabora\/colaboracion-para-particulares\/herencias-y-legados\/","name":"Herencias y legados - Aspronis","isPartOf":{"@id":"https:\/\/www.aspronis.com\/es\/#website"},"datePublished":"2022-07-10T18:12:50+00:00","dateModified":"2022-10-31T15:50:14+00:00","breadcrumb":{"@id":"https:\/\/www.aspronis.com\/es\/colabora\/colaboracion-para-particulares\/herencias-y-legados\/#breadcrumb"},"inLanguage":"es","potentialAction":[{"@type":"ReadAction","target":["https:\/\/www.aspronis.com\/es\/colabora\/colaboracion-para-particulares\/herencias-y-legados\/"]}]},{"@type":"BreadcrumbList","@id":"https:\/\/www.aspronis.com\/es\/colabora\/colaboracion-para-particulares\/herencias-y-legados\/#breadcrumb","itemListElement":[{"@type":"ListItem","position":1,"name":"Colabora","item":"https:\/\/www.aspronis.com\/es\/colabora\/"},{"@type":"ListItem","position":2,"name":"Colaboraci\u00f3n para particulares","item":"https:\/\/www.aspronis.com\/es\/colabora\/colaboracion-para-particulares\/"},{"@type":"ListItem","position":3,"name":"Herencias y legados"}]},{"@type":"WebSite","@id":"https:\/\/www.aspronis.com\/es\/#website","url":"https:\/\/www.aspronis.com\/es\/","name":"Aspronis","description":"","potentialAction":[{"@type":"SearchAction","target":{"@type":"EntryPoint","urlTemplate":"https:\/\/www.aspronis.com\/es\/?s={search_term_string}"},"query-input":{"@type":"PropertyValueSpecification","valueRequired":true,"valueName":"search_term_string"}}],"inLanguage":"es"}]}},"_links":{"self":[{"href":"https:\/\/www.aspronis.com\/es\/wp-json\/wp\/v2\/pages\/1439","targetHints":{"allow":["GET"]}}],"collection":[{"href":"https:\/\/www.aspronis.com\/es\/wp-json\/wp\/v2\/pages"}],"about":[{"href":"https:\/\/www.aspronis.com\/es\/wp-json\/wp\/v2\/types\/page"}],"author":[{"embeddable":true,"href":"https:\/\/www.aspronis.com\/es\/wp-json\/wp\/v2\/users\/1"}],"replies":[{"embeddable":true,"href":"https:\/\/www.aspronis.com\/es\/wp-json\/wp\/v2\/comments?post=1439"}],"version-history":[{"count":2,"href":"https:\/\/www.aspronis.com\/es\/wp-json\/wp\/v2\/pages\/1439\/revisions"}],"predecessor-version":[{"id":1603,"href":"https:\/\/www.aspronis.com\/es\/wp-json\/wp\/v2\/pages\/1439\/revisions\/1603"}],"up":[{"embeddable":true,"href":"https:\/\/www.aspronis.com\/es\/wp-json\/wp\/v2\/pages\/1435"}],"wp:attachment":[{"href":"https:\/\/www.aspronis.com\/es\/wp-json\/wp\/v2\/media?parent=1439"}],"curies":[{"name":"wp","href":"https:\/\/api.w.org\/{rel}","templated":true}]}}