{"id":1440,"date":"2022-09-27T15:20:23","date_gmt":"2022-09-27T13:20:23","guid":{"rendered":"https:\/\/www.aspronis.com\/collabora\/collaboracio-per-particulars\/propostes-solidaries\/"},"modified":"2022-10-31T16:50:23","modified_gmt":"2022-10-31T15:50:23","slug":"propuestas-solidarias","status":"publish","type":"page","link":"https:\/\/www.aspronis.com\/es\/colabora\/colaboracion-para-particulares\/propuestas-solidarias\/","title":{"rendered":"Propuestas solidarias"},"content":{"rendered":"<div class=\"wpb-content-wrapper\"><p>[vc_row css_animation=\u00bb\u00bb row_type=\u00bbrow\u00bb use_row_as_full_screen_section=\u00bbno\u00bb type=\u00bbgrid\u00bb angled_section=\u00bbno\u00bb text_align=\u00bbleft\u00bb background_image_as_pattern=\u00bbwithout_pattern\u00bb z_index=\u00bb\u00bb][vc_column][vc_column_text el_class=\u00bbsection_title small sep\u00bb]<\/p>\n<h2>Propuestas solidarias<\/h2>\n<p>[\/vc_column_text][vc_column_text]\u00bfTienes ganas de ayudar a ASPRONIS y <strong>quieres organizar<\/strong> <strong>un evento para recaudar fondos <\/strong>para alg\u00fan proyecto concreto o para apoyar a la Fundaci\u00f3n?<\/p>\n<p>Escr\u00edbenos a la direcci\u00f3n <a href=\"mailto:ambtu@aspronis.com\">ambtu@aspronis.com<\/a> o ll\u00e1manos al 93 765 46 20 y<strong> te ayudaremos a ayudarnos .<\/strong>[\/vc_column_text][vc_separator type=\u00bbtransparent\u00bb up=\u00bb30&#8243;][vc_column_text el_class=\u00bbhome_intro text_primary_color\u00bb]<\/p>\n<p style=\"text-align: center;\"><strong><i>Porque #AmbTu arribem m\u00e9s lluny!<\/i><\/strong><\/p>\n<p>[\/vc_column_text][vc_separator type=\u00bbtransparent\u00bb up=\u00bb10&#8243;][vc_column_text]Te damos algunos ejemplos de propuestas solidarias que nos han ayudado a ayudar a m\u00e1s personas:<br \/>\n[\/vc_column_text][vc_separator type=\u00bbtransparent\u00bb up=\u00bb10&#8243;][vc_row_inner row_type=\u00bbrow\u00bb type=\u00bbfull_width\u00bb text_align=\u00bbleft\u00bb css_animation=\u00bb\u00bb][vc_column_inner width=\u00bb1\/3&#8243;][vc_single_image image=\u00bb1343&#8243; img_size=\u00bbfull\u00bb qode_css_animation=\u00bb\u00bb][\/vc_column_inner][vc_column_inner width=\u00bb1\/3&#8243;][vc_single_image image=\u00bb1345&#8243; img_size=\u00bbfull\u00bb qode_css_animation=\u00bb\u00bb][\/vc_column_inner][vc_column_inner width=\u00bb1\/3&#8243;][\/vc_column_inner][\/vc_row_inner][\/vc_column][\/vc_row][vc_row css_animation=\u00bb\u00bb row_type=\u00bbrow\u00bb use_row_as_full_screen_section=\u00bbno\u00bb type=\u00bbfull_width\u00bb angled_section=\u00bbno\u00bb text_align=\u00bbleft\u00bb background_image_as_pattern=\u00bbwithout_pattern\u00bb el_class=\u00bbnewsletter_section_wrapper\u00bb z_index=\u00bb\u00bb][vc_column][vc_widget_sidebar sidebar_id=\u00bbnewsletter\u00bb][\/vc_column][\/vc_row]<\/p>\n<\/div>","protected":false},"excerpt":{"rendered":"<p>[vc_row css_animation=\u00bb\u00bb row_type=\u00bbrow\u00bb use_row_as_full_screen_section=\u00bbno\u00bb type=\u00bbgrid\u00bb angled_section=\u00bbno\u00bb text_align=\u00bbleft\u00bb background_image_as_pattern=\u00bbwithout_pattern\u00bb z_index=\u00bb\u00bb][vc_column][vc_column_text el_class=\u00bbsection_title small sep\u00bb] Propuestas solidarias [\/vc_column_text][vc_column_text]\u00bfTienes ganas de ayudar a ASPRONIS y quieres organizar un evento para recaudar fondos para alg\u00fan proyecto concreto o para apoyar a la Fundaci\u00f3n? Escr\u00edbenos a la direcci\u00f3n ambtu@aspronis.com o ll\u00e1manos&#8230;<\/p>\n","protected":false},"author":2,"featured_media":0,"parent":1435,"menu_order":0,"comment_status":"closed","ping_status":"closed","template":"full_width.php","meta":{"footnotes":""},"class_list":["post-1440","page","type-page","status-publish","hentry"],"yoast_head":"<!-- This site is optimized with the Yoast SEO plugin v26.8 - https:\/\/yoast.com\/product\/yoast-seo-wordpress\/ -->\n<title>Propuestas solidarias - Aspronis<\/title>\n<meta name=\"robots\" content=\"index, follow, max-snippet:-1, max-image-preview:large, max-video-preview:-1\" \/>\n<link rel=\"canonical\" href=\"https:\/\/www.aspronis.com\/es\/colabora\/colaboracion-para-particulares\/propuestas-solidarias\/\" \/>\n<meta property=\"og:locale\" content=\"es_ES\" \/>\n<meta property=\"og:type\" content=\"article\" \/>\n<meta property=\"og:title\" content=\"Propuestas solidarias - Aspronis\" \/>\n<meta property=\"og:description\" content=\"[vc_row css_animation=\u00bb\u00bb row_type=\u00bbrow\u00bb use_row_as_full_screen_section=\u00bbno\u00bb type=\u00bbgrid\u00bb angled_section=\u00bbno\u00bb text_align=\u00bbleft\u00bb background_image_as_pattern=\u00bbwithout_pattern\u00bb z_index=\u00bb\u00bb][vc_column][vc_column_text el_class=\u00bbsection_title small sep\u00bb] Propuestas solidarias [\/vc_column_text][vc_column_text]\u00bfTienes ganas de ayudar a ASPRONIS y quieres organizar un evento para recaudar fondos para alg\u00fan proyecto concreto o para apoyar a la Fundaci\u00f3n? Escr\u00edbenos a la direcci\u00f3n ambtu@aspronis.com o ll\u00e1manos...\" \/>\n<meta property=\"og:url\" content=\"https:\/\/www.aspronis.com\/es\/colabora\/colaboracion-para-particulares\/propuestas-solidarias\/\" \/>\n<meta property=\"og:site_name\" content=\"Aspronis\" \/>\n<meta property=\"article:modified_time\" content=\"2022-10-31T15:50:23+00:00\" \/>\n<meta name=\"twitter:card\" content=\"summary_large_image\" \/>\n<meta name=\"twitter:label1\" content=\"Tiempo de lectura\" \/>\n\t<meta name=\"twitter:data1\" content=\"1 minuto\" \/>\n<script type=\"application\/ld+json\" class=\"yoast-schema-graph\">{\"@context\":\"https:\/\/schema.org\",\"@graph\":[{\"@type\":\"WebPage\",\"@id\":\"https:\/\/www.aspronis.com\/es\/colabora\/colaboracion-para-particulares\/propuestas-solidarias\/\",\"url\":\"https:\/\/www.aspronis.com\/es\/colabora\/colaboracion-para-particulares\/propuestas-solidarias\/\",\"name\":\"Propuestas solidarias - Aspronis\",\"isPartOf\":{\"@id\":\"https:\/\/www.aspronis.com\/es\/#website\"},\"datePublished\":\"2022-09-27T13:20:23+00:00\",\"dateModified\":\"2022-10-31T15:50:23+00:00\",\"breadcrumb\":{\"@id\":\"https:\/\/www.aspronis.com\/es\/colabora\/colaboracion-para-particulares\/propuestas-solidarias\/#breadcrumb\"},\"inLanguage\":\"es\",\"potentialAction\":[{\"@type\":\"ReadAction\",\"target\":[\"https:\/\/www.aspronis.com\/es\/colabora\/colaboracion-para-particulares\/propuestas-solidarias\/\"]}]},{\"@type\":\"BreadcrumbList\",\"@id\":\"https:\/\/www.aspronis.com\/es\/colabora\/colaboracion-para-particulares\/propuestas-solidarias\/#breadcrumb\",\"itemListElement\":[{\"@type\":\"ListItem\",\"position\":1,\"name\":\"Colabora\",\"item\":\"https:\/\/www.aspronis.com\/es\/colabora\/\"},{\"@type\":\"ListItem\",\"position\":2,\"name\":\"Colaboraci\u00f3n para particulares\",\"item\":\"https:\/\/www.aspronis.com\/es\/colabora\/colaboracion-para-particulares\/\"},{\"@type\":\"ListItem\",\"position\":3,\"name\":\"Propuestas solidarias\"}]},{\"@type\":\"WebSite\",\"@id\":\"https:\/\/www.aspronis.com\/es\/#website\",\"url\":\"https:\/\/www.aspronis.com\/es\/\",\"name\":\"Aspronis\",\"description\":\"\",\"potentialAction\":[{\"@type\":\"SearchAction\",\"target\":{\"@type\":\"EntryPoint\",\"urlTemplate\":\"https:\/\/www.aspronis.com\/es\/?s={search_term_string}\"},\"query-input\":{\"@type\":\"PropertyValueSpecification\",\"valueRequired\":true,\"valueName\":\"search_term_string\"}}],\"inLanguage\":\"es\"}]}<\/script>\n<!-- \/ Yoast SEO plugin. -->","yoast_head_json":{"title":"Propuestas solidarias - Aspronis","robots":{"index":"index","follow":"follow","max-snippet":"max-snippet:-1","max-image-preview":"max-image-preview:large","max-video-preview":"max-video-preview:-1"},"canonical":"https:\/\/www.aspronis.com\/es\/colabora\/colaboracion-para-particulares\/propuestas-solidarias\/","og_locale":"es_ES","og_type":"article","og_title":"Propuestas solidarias - Aspronis","og_description":"[vc_row css_animation=\u00bb\u00bb row_type=\u00bbrow\u00bb use_row_as_full_screen_section=\u00bbno\u00bb type=\u00bbgrid\u00bb angled_section=\u00bbno\u00bb text_align=\u00bbleft\u00bb background_image_as_pattern=\u00bbwithout_pattern\u00bb z_index=\u00bb\u00bb][vc_column][vc_column_text el_class=\u00bbsection_title small sep\u00bb] Propuestas solidarias [\/vc_column_text][vc_column_text]\u00bfTienes ganas de ayudar a ASPRONIS y quieres organizar un evento para recaudar fondos para alg\u00fan proyecto concreto o para apoyar a la Fundaci\u00f3n? Escr\u00edbenos a la direcci\u00f3n ambtu@aspronis.com o ll\u00e1manos...","og_url":"https:\/\/www.aspronis.com\/es\/colabora\/colaboracion-para-particulares\/propuestas-solidarias\/","og_site_name":"Aspronis","article_modified_time":"2022-10-31T15:50:23+00:00","twitter_card":"summary_large_image","twitter_misc":{"Tiempo de lectura":"1 minuto"},"schema":{"@context":"https:\/\/schema.org","@graph":[{"@type":"WebPage","@id":"https:\/\/www.aspronis.com\/es\/colabora\/colaboracion-para-particulares\/propuestas-solidarias\/","url":"https:\/\/www.aspronis.com\/es\/colabora\/colaboracion-para-particulares\/propuestas-solidarias\/","name":"Propuestas solidarias - Aspronis","isPartOf":{"@id":"https:\/\/www.aspronis.com\/es\/#website"},"datePublished":"2022-09-27T13:20:23+00:00","dateModified":"2022-10-31T15:50:23+00:00","breadcrumb":{"@id":"https:\/\/www.aspronis.com\/es\/colabora\/colaboracion-para-particulares\/propuestas-solidarias\/#breadcrumb"},"inLanguage":"es","potentialAction":[{"@type":"ReadAction","target":["https:\/\/www.aspronis.com\/es\/colabora\/colaboracion-para-particulares\/propuestas-solidarias\/"]}]},{"@type":"BreadcrumbList","@id":"https:\/\/www.aspronis.com\/es\/colabora\/colaboracion-para-particulares\/propuestas-solidarias\/#breadcrumb","itemListElement":[{"@type":"ListItem","position":1,"name":"Colabora","item":"https:\/\/www.aspronis.com\/es\/colabora\/"},{"@type":"ListItem","position":2,"name":"Colaboraci\u00f3n para particulares","item":"https:\/\/www.aspronis.com\/es\/colabora\/colaboracion-para-particulares\/"},{"@type":"ListItem","position":3,"name":"Propuestas solidarias"}]},{"@type":"WebSite","@id":"https:\/\/www.aspronis.com\/es\/#website","url":"https:\/\/www.aspronis.com\/es\/","name":"Aspronis","description":"","potentialAction":[{"@type":"SearchAction","target":{"@type":"EntryPoint","urlTemplate":"https:\/\/www.aspronis.com\/es\/?s={search_term_string}"},"query-input":{"@type":"PropertyValueSpecification","valueRequired":true,"valueName":"search_term_string"}}],"inLanguage":"es"}]}},"_links":{"self":[{"href":"https:\/\/www.aspronis.com\/es\/wp-json\/wp\/v2\/pages\/1440","targetHints":{"allow":["GET"]}}],"collection":[{"href":"https:\/\/www.aspronis.com\/es\/wp-json\/wp\/v2\/pages"}],"about":[{"href":"https:\/\/www.aspronis.com\/es\/wp-json\/wp\/v2\/types\/page"}],"author":[{"embeddable":true,"href":"https:\/\/www.aspronis.com\/es\/wp-json\/wp\/v2\/users\/2"}],"replies":[{"embeddable":true,"href":"https:\/\/www.aspronis.com\/es\/wp-json\/wp\/v2\/comments?post=1440"}],"version-history":[{"count":2,"href":"https:\/\/www.aspronis.com\/es\/wp-json\/wp\/v2\/pages\/1440\/revisions"}],"predecessor-version":[{"id":1604,"href":"https:\/\/www.aspronis.com\/es\/wp-json\/wp\/v2\/pages\/1440\/revisions\/1604"}],"up":[{"embeddable":true,"href":"https:\/\/www.aspronis.com\/es\/wp-json\/wp\/v2\/pages\/1435"}],"wp:attachment":[{"href":"https:\/\/www.aspronis.com\/es\/wp-json\/wp\/v2\/media?parent=1440"}],"curies":[{"name":"wp","href":"https:\/\/api.w.org\/{rel}","templated":true}]}}