{"id":1452,"date":"2022-07-01T18:40:13","date_gmt":"2022-07-01T16:40:13","guid":{"rendered":"https:\/\/www.aspronis.com\/inici\/"},"modified":"2025-01-21T16:01:14","modified_gmt":"2025-01-21T15:01:14","slug":"inici","status":"publish","type":"page","link":"https:\/\/www.aspronis.com\/es\/","title":{"rendered":"Inicio"},"content":{"rendered":"<div class=\"wpb-content-wrapper\"><p>[vc_row css_animation=\u00bb\u00bb row_type=\u00bbrow\u00bb use_row_as_full_screen_section=\u00bbno\u00bb type=\u00bbgrid\u00bb angled_section=\u00bbno\u00bb text_align=\u00bbleft\u00bb background_image_as_pattern=\u00bbwithout_pattern\u00bb el_class=\u00bbbg_gris pb0&#8243; z_index=\u00bb\u00bb][vc_column][vc_column_text el_class=\u00bbhome_intro\u00bb]<\/p>\n<p style=\"text-align: center;\"><strong>ASPRONIS<\/strong> somos una fundaci\u00f3n <strong>sin \u00e1nimo de lucro<\/strong> que trabajamos para generar iniciativas, soportes y servicios para que las <strong>personas con discapacidad intelectual y del desarrollo<\/strong>, de otros colectivos vulnerables y sus entornos familiares disfruten de unas condiciones \u00f3ptimas de <strong>calidad de vida e igualdad<\/strong>.<\/p>\n<p>[\/vc_column_text][vc_row_inner row_type=\u00bbrow\u00bb type=\u00bbfull_width\u00bb text_align=\u00bbleft\u00bb css_animation=\u00bb\u00bb el_class=\u00bbhome_teasers\u00bb][vc_column_inner width=\u00bb1\/3&#8243;]<div class='q_icon_with_title small custom_icon_image '><div class=\"icon_holder \" style=\" \"><img decoding=\"async\" itemprop=\"image\" style=\"\" src=\"https:\/\/www.aspronis.com\/wp-content\/uploads\/2022\/07\/home_icon_1.png\" alt=\"\"><\/div><div class=\"icon_text_holder\" style=\"padding-left:78px;\"><div class=\"icon_text_inner\" style=\"\"><h5 class=\"icon_title\" style=\"\">SERVICIOS A LAS PERSONAS<\/h5><p style=''>Ofrecemos servicios a la infancia, residenciales, domiciliarios, laborales, ocupacionales, etc. adaptados a todas las necesidades.<\/p><\/div><\/div><\/div>[\/vc_column_inner][vc_column_inner width=\u00bb1\/3&#8243;]<div class='q_icon_with_title small custom_icon_image '><div class=\"icon_holder \" style=\" \"><img decoding=\"async\" itemprop=\"image\" style=\"\" src=\"https:\/\/www.aspronis.com\/wp-content\/uploads\/2022\/07\/home_icon_2.png\" alt=\"\"><\/div><div class=\"icon_text_holder\" style=\"padding-left:78px;\"><div class=\"icon_text_inner\" style=\"\"><h5 class=\"icon_title\" style=\"\">SERVICIOS A LAS EMPRESAS<\/h5><p style=''>Podemos ser el partner social de empresas como proveedores de servicios o con la contrataci\u00f3n de personas en riesgo de exclusi\u00f3n.<\/p><\/div><\/div><\/div>[\/vc_column_inner][vc_column_inner width=\u00bb1\/3&#8243;]<div class='q_icon_with_title small custom_icon_image '><div class=\"icon_holder \" style=\" \"><img decoding=\"async\" itemprop=\"image\" style=\"\" src=\"https:\/\/www.aspronis.com\/wp-content\/uploads\/2022\/07\/home_icon_3.png\" alt=\"\"><\/div><div class=\"icon_text_holder\" style=\"padding-left:78px;\"><div class=\"icon_text_inner\" style=\"\"><h5 class=\"icon_title\" style=\"\">\u00bfQUIERES COLABORAR?<\/h5><p style=''>Nos puedes ayudar de muchas formas, tanto si eres particular como empresa. #AmbTu arribem m\u00e9s lluny!<\/p><\/div><\/div><\/div>[\/vc_column_inner][\/vc_row_inner][\/vc_column][\/vc_row][vc_row css_animation=\u00bb\u00bb row_type=\u00bbrow\u00bb use_row_as_full_screen_section=\u00bbno\u00bb type=\u00bbgrid\u00bb angled_section=\u00bbno\u00bb text_align=\u00bbleft\u00bb background_image_as_pattern=\u00bbwithout_pattern\u00bb z_index=\u00bb\u00bb][vc_column][vc_column_text el_class=\u00bbsection_title large underline sep\u00bb]<\/p>\n<h2>Actualidad<\/h2>\n<p>[\/vc_column_text]\n<div class='latest_post_holder boxes three_columns one_row' >\n    <ul>\n    \n        <li class=\"clearfix\">\n            <div class=\"boxes_image\">\n                                <a itemprop=\"url\" href=\"https:\/\/www.aspronis.com\/es\/aspronis-presenta-un-estudio-sobre-soledad-no-deseada-en-lloret-de-mar\/\"><img loading=\"lazy\" decoding=\"async\" width=\"539\" height=\"303\" src=\"https:\/\/www.aspronis.com\/wp-content\/uploads\/2026\/05\/IMG_3501-539x303.jpg\" class=\"attachment-latest_post_boxes size-latest_post_boxes wp-post-image\" alt=\"Marina G\u00f3mez, responsable d&#039;Acci\u00f3 Comunit\u00e0ria d&#039;ASPRONIS; Francesc Dur\u00e0, director general d&#039;ASPRONIS; Adri\u00e0 Lamelas, alcalde de Lloret de Mar, i Alejandro P\u00e9rez, regidor de Serveis Socials, presenten un estudi sobre solitud no desitjada\" \/><\/a>\n            <\/div>\n            <div class=\"latest_post\"  >\n                <div class=\"latest_post_text\">\n                    <div class=\"latest_post_inner\">\n                        <div class=\"latest_post_text_inner\">\n                            <h5 itemprop=\"name\" class=\"latest_post_title entry_title\"><a itemprop=\"url\" href=\"https:\/\/www.aspronis.com\/es\/aspronis-presenta-un-estudio-sobre-soledad-no-deseada-en-lloret-de-mar\/\">ASPRONIS presenta un estudio sobre soledad no deseada en Lloret de Mar<\/a><\/h5>\n                            <span class=\"post_infos\">\n                                                                    <span class=\"date_hour_holder\">\n                                        <span itemprop=\"dateCreated\" class=\"date entry_date updated\">12 mayo, 2026 <meta itemprop=\"interactionCount\" content=\"UserComments: 0\"\/><\/span>\n                                    <\/span>\n                                                                                                \n                                \n                                                            <\/span>\n                            \n                            <p class=\"excerpt\">Recoge el testimonio de m\u00e1s de 250 personas mayores de 70 a\u00f1os en Lloret de Mar y detecta 50 con solitud no deseada La Fundaci\u00f3n ASPRONIS ha detectado 50 situaciones de soledad no deseada en Lloret en colaboraci\u00f3n con los Servicios Sociales del Ayuntamiento. Es......<\/p>\n                            \n                        <\/div>\n                    <\/div>\n                <\/div>\n            <\/div>\n        <\/li>\n    \n        <li class=\"clearfix\">\n            <div class=\"boxes_image\">\n                                <a itemprop=\"url\" href=\"https:\/\/www.aspronis.com\/es\/el-patronato-de-aspronis-incorpora-la-abogada-anabel-lopez-porta\/\"><img loading=\"lazy\" decoding=\"async\" width=\"539\" height=\"303\" src=\"https:\/\/www.aspronis.com\/wp-content\/uploads\/2026\/05\/IMG_20260116_105013-1-539x303.jpg\" class=\"attachment-latest_post_boxes size-latest_post_boxes wp-post-image\" alt=\"Francesc Dur\u00e0, director general; Anabel L\u00f3pez, nova patrona, i Cristina Caba\u00f1as, vicepresidenta del Patronat\" srcset=\"https:\/\/www.aspronis.com\/wp-content\/uploads\/2026\/05\/IMG_20260116_105013-1-539x303.jpg 539w, https:\/\/www.aspronis.com\/wp-content\/uploads\/2026\/05\/IMG_20260116_105013-1-300x169.jpg 300w, https:\/\/www.aspronis.com\/wp-content\/uploads\/2026\/05\/IMG_20260116_105013-1-1024x576.jpg 1024w, https:\/\/www.aspronis.com\/wp-content\/uploads\/2026\/05\/IMG_20260116_105013-1-768x432.jpg 768w, https:\/\/www.aspronis.com\/wp-content\/uploads\/2026\/05\/IMG_20260116_105013-1-1536x864.jpg 1536w, https:\/\/www.aspronis.com\/wp-content\/uploads\/2026\/05\/IMG_20260116_105013-1-2048x1152.jpg 2048w, https:\/\/www.aspronis.com\/wp-content\/uploads\/2026\/05\/IMG_20260116_105013-1-700x394.jpg 700w, https:\/\/www.aspronis.com\/wp-content\/uploads\/2026\/05\/IMG_20260116_105013-1-600x338.jpg 600w\" sizes=\"auto, (max-width: 539px) 100vw, 539px\" \/><\/a>\n            <\/div>\n            <div class=\"latest_post\"  >\n                <div class=\"latest_post_text\">\n                    <div class=\"latest_post_inner\">\n                        <div class=\"latest_post_text_inner\">\n                            <h5 itemprop=\"name\" class=\"latest_post_title entry_title\"><a itemprop=\"url\" href=\"https:\/\/www.aspronis.com\/es\/el-patronato-de-aspronis-incorpora-la-abogada-anabel-lopez-porta\/\">El Patronato de ASPRONIS incorpora la abogada Anabel L\u00f3pez Porta<\/a><\/h5>\n                            <span class=\"post_infos\">\n                                                                    <span class=\"date_hour_holder\">\n                                        <span itemprop=\"dateCreated\" class=\"date entry_date updated\">28 abril, 2026 <meta itemprop=\"interactionCount\" content=\"UserComments: 0\"\/><\/span>\n                                    <\/span>\n                                                                                                \n                                \n                                                            <\/span>\n                            \n                            <p class=\"excerpt\">La Fundaci\u00f3n ASPRONIS sigue fortaleciendo su \u00f3rgano de gobierno para adaptarse a los nuevos retos del sector social. Recientemente, el Patronato ha formalizado la incorporaci\u00f3n de Anabel L\u00f3pez Porta, abogada de formaci\u00f3n dedicada al asesoramiento de empresas, con una dilatada experiencia en la gesti\u00f3n empresarial......<\/p>\n                            \n                        <\/div>\n                    <\/div>\n                <\/div>\n            <\/div>\n        <\/li>\n    \n        <li class=\"clearfix\">\n            <div class=\"boxes_image\">\n                                <a itemprop=\"url\" href=\"https:\/\/www.aspronis.com\/es\/se-amplia-el-plazo-para-firmar-la-ilp-por-una-concertacion-social-exclusiva\/\"><img loading=\"lazy\" decoding=\"async\" width=\"539\" height=\"303\" src=\"https:\/\/www.aspronis.com\/wp-content\/uploads\/2026\/04\/IMG_2638-539x303.jpg\" class=\"attachment-latest_post_boxes size-latest_post_boxes wp-post-image\" alt=\"\" \/><\/a>\n            <\/div>\n            <div class=\"latest_post\"  >\n                <div class=\"latest_post_text\">\n                    <div class=\"latest_post_inner\">\n                        <div class=\"latest_post_text_inner\">\n                            <h5 itemprop=\"name\" class=\"latest_post_title entry_title\"><a itemprop=\"url\" href=\"https:\/\/www.aspronis.com\/es\/se-amplia-el-plazo-para-firmar-la-ilp-por-una-concertacion-social-exclusiva\/\">Se ampl\u00eda el plazo para firmar la ILP por una concertaci\u00f3n social exclusiva<\/a><\/h5>\n                            <span class=\"post_infos\">\n                                                                    <span class=\"date_hour_holder\">\n                                        <span itemprop=\"dateCreated\" class=\"date entry_date updated\">21 abril, 2026 <meta itemprop=\"interactionCount\" content=\"UserComments: 0\"\/><\/span>\n                                    <\/span>\n                                                                                                \n                                \n                                                            <\/span>\n                            \n                            <p class=\"excerpt\">Se ha alargado unas semanas el plazo de recogida de firmas de la Iniciativa Legislativa Popular para una concertaci\u00f3n social exclusiva, que debe conseguir 50.000 firmas de apoyo antes del 15 de mayo. En nuestras sedes, podr\u00e1 firmarse hasta el 8 de mayo en apoyo......<\/p>\n                            \n                        <\/div>\n                    <\/div>\n                <\/div>\n            <\/div>\n        <\/li>\n        <\/ul>\n<\/div>[\/vc_column][\/vc_row][vc_row css_animation=\u00bb\u00bb row_type=\u00bbrow\u00bb use_row_as_full_screen_section=\u00bbno\u00bb type=\u00bbfull_width\u00bb angled_section=\u00bbno\u00bb text_align=\u00bbleft\u00bb background_image_as_pattern=\u00bbwithout_pattern\u00bb el_class=\u00bbnewsletter_section_wrapper\u00bb z_index=\u00bb\u00bb el_id=\u00bbnewsletter\u00bb][vc_column][vc_widget_sidebar sidebar_id=\u00bbnewsletter\u00bb][\/vc_column][\/vc_row][vc_row css_animation=\u00bb\u00bb row_type=\u00bbrow\u00bb use_row_as_full_screen_section=\u00bbno\u00bb type=\u00bbgrid\u00bb angled_section=\u00bbno\u00bb text_align=\u00bbleft\u00bb background_image_as_pattern=\u00bbwithout_pattern\u00bb z_index=\u00bb\u00bb][vc_column width=\u00bb2\/3&#8243;][vc_column_text el_class=\u00bbsection_title medium underline sep\u00bb]<\/p>\n<h2>Instagram<\/h2>\n<p>[\/vc_column_text][vc_raw_html]JTVCaW5zdGFncmFtLWZlZWQlMjBmZWVkJTNEMSU1RA==[\/vc_raw_html][\/vc_column][vc_column width=\u00bb1\/3&#8243;][vc_column_text el_class=\u00bbsection_title medium underline sep\u00bb]<\/p>\n<h2>Facebook<\/h2>\n<p>[\/vc_column_text][vc_raw_html]JTNDZGl2JTIwaWQlM0QlMjJmYi1yb290JTIyJTNFJTNDJTJGZGl2JTNFJTBBJTNDc2NyaXB0JTIwYXN5bmMlMjBkZWZlciUyMGNyb3Nzb3JpZ2luJTNEJTIyYW5vbnltb3VzJTIyJTIwc3JjJTNEJTIyaHR0cHMlM0ElMkYlMkZjb25uZWN0LmZhY2Vib29rLm5ldCUyRmVzX0VTJTJGc2RrLmpzJTIzeGZibWwlM0QxJTI2dmVyc2lvbiUzRHYxNC4wJTIyJTIwbm9uY2UlM0QlMjI2REtrNGppZiUyMiUzRSUzQyUyRnNjcmlwdCUzRSUwQSUzQ2RpdiUyMGNsYXNzJTNEJTIyZmItcGFnZSUyMiUyMGRhdGEtaHJlZiUzRCUyMmh0dHBzJTNBJTJGJTJGd3d3LmZhY2Vib29rLmNvbSUyRmFzcHJvbmlzJTJGJTIyJTIwZGF0YS10YWJzJTNEJTIydGltZWxpbmUlMjIlMjBkYXRhLXdpZHRoJTNEJTIyJTIyJTIwZGF0YS1oZWlnaHQlM0QlMjIlMjIlMjBkYXRhLXNtYWxsLWhlYWRlciUzRCUyMnRydWUlMjIlMjBkYXRhLWFkYXB0LWNvbnRhaW5lci13aWR0aCUzRCUyMnRydWUlMjIlMjBkYXRhLWhpZGUtY292ZXIlM0QlMjJ0cnVlJTIyJTIwZGF0YS1zaG93LWZhY2VwaWxlJTNEJTIydHJ1ZSUyMiUzRSUzQ2Jsb2NrcXVvdGUlMjBjaXRlJTNEJTIyaHR0cHMlM0ElMkYlMkZ3d3cuZmFjZWJvb2suY29tJTJGYXNwcm9uaXMlMkYlMjIlMjBjbGFzcyUzRCUyMmZiLXhmYm1sLXBhcnNlLWlnbm9yZSUyMiUzRSUzQ2ElMjBocmVmJTNEJTIyaHR0cHMlM0ElMkYlMkZ3d3cuZmFjZWJvb2suY29tJTJGYXNwcm9uaXMlMkYlMjIlM0VBc3Byb25pcyUzQyUyRmElM0UlM0MlMkZibG9ja3F1b3RlJTNFJTNDJTJGZGl2JTNF[\/vc_raw_html][\/vc_column][\/vc_row]<\/p>\n<\/div>","protected":false},"excerpt":{"rendered":"<p>[vc_row css_animation=\u00bb\u00bb row_type=\u00bbrow\u00bb use_row_as_full_screen_section=\u00bbno\u00bb type=\u00bbgrid\u00bb angled_section=\u00bbno\u00bb text_align=\u00bbleft\u00bb background_image_as_pattern=\u00bbwithout_pattern\u00bb el_class=\u00bbbg_gris pb0&#8243; z_index=\u00bb\u00bb][vc_column][vc_column_text el_class=\u00bbhome_intro\u00bb] ASPRONIS somos una fundaci\u00f3n sin \u00e1nimo de lucro que trabajamos para generar iniciativas, soportes y servicios para que las personas con discapacidad intelectual y del desarrollo, de otros colectivos vulnerables y sus entornos&#8230;<\/p>\n","protected":false},"author":1,"featured_media":0,"parent":0,"menu_order":0,"comment_status":"closed","ping_status":"closed","template":"full_width.php","meta":{"footnotes":""},"class_list":["post-1452","page","type-page","status-publish","hentry"],"yoast_head":"<!-- This site is optimized with the Yoast SEO plugin v27.5 - https:\/\/yoast.com\/product\/yoast-seo-wordpress\/ -->\n<title>Inicio - Aspronis<\/title>\n<meta name=\"robots\" content=\"index, follow, max-snippet:-1, max-image-preview:large, max-video-preview:-1\" \/>\n<link rel=\"canonical\" href=\"https:\/\/www.aspronis.com\/es\/\" \/>\n<meta property=\"og:locale\" content=\"es_ES\" \/>\n<meta property=\"og:type\" content=\"article\" \/>\n<meta property=\"og:title\" content=\"Inicio - Aspronis\" \/>\n<meta property=\"og:description\" content=\"[vc_row css_animation=\u00bb\u00bb row_type=\u00bbrow\u00bb use_row_as_full_screen_section=\u00bbno\u00bb type=\u00bbgrid\u00bb angled_section=\u00bbno\u00bb text_align=\u00bbleft\u00bb background_image_as_pattern=\u00bbwithout_pattern\u00bb el_class=\u00bbbg_gris pb0&#8243; z_index=\u00bb\u00bb][vc_column][vc_column_text el_class=\u00bbhome_intro\u00bb] ASPRONIS somos una fundaci\u00f3n sin \u00e1nimo de lucro que trabajamos para generar iniciativas, soportes y servicios para que las personas con discapacidad intelectual y del desarrollo, de otros colectivos vulnerables y sus entornos...\" \/>\n<meta property=\"og:url\" content=\"https:\/\/www.aspronis.com\/es\/\" \/>\n<meta property=\"og:site_name\" content=\"Aspronis\" \/>\n<meta property=\"article:modified_time\" content=\"2025-01-21T15:01:14+00:00\" \/>\n<meta name=\"twitter:card\" content=\"summary_large_image\" \/>\n<meta name=\"twitter:label1\" content=\"Tiempo de lectura\" \/>\n\t<meta name=\"twitter:data1\" content=\"2 minutos\" \/>\n<script type=\"application\/ld+json\" class=\"yoast-schema-graph\">{\"@context\":\"https:\\\/\\\/schema.org\",\"@graph\":[{\"@type\":\"WebPage\",\"@id\":\"https:\\\/\\\/www.aspronis.com\\\/es\\\/\",\"url\":\"https:\\\/\\\/www.aspronis.com\\\/es\\\/\",\"name\":\"Inicio - Aspronis\",\"isPartOf\":{\"@id\":\"https:\\\/\\\/www.aspronis.com\\\/es\\\/#website\"},\"datePublished\":\"2022-07-01T16:40:13+00:00\",\"dateModified\":\"2025-01-21T15:01:14+00:00\",\"inLanguage\":\"es\",\"potentialAction\":[{\"@type\":\"ReadAction\",\"target\":[\"https:\\\/\\\/www.aspronis.com\\\/es\\\/\"]}]},{\"@type\":\"WebSite\",\"@id\":\"https:\\\/\\\/www.aspronis.com\\\/es\\\/#website\",\"url\":\"https:\\\/\\\/www.aspronis.com\\\/es\\\/\",\"name\":\"Aspronis\",\"description\":\"\",\"potentialAction\":[{\"@type\":\"SearchAction\",\"target\":{\"@type\":\"EntryPoint\",\"urlTemplate\":\"https:\\\/\\\/www.aspronis.com\\\/es\\\/?s={search_term_string}\"},\"query-input\":{\"@type\":\"PropertyValueSpecification\",\"valueRequired\":true,\"valueName\":\"search_term_string\"}}],\"inLanguage\":\"es\"}]}<\/script>\n<!-- \/ Yoast SEO plugin. -->","yoast_head_json":{"title":"Inicio - Aspronis","robots":{"index":"index","follow":"follow","max-snippet":"max-snippet:-1","max-image-preview":"max-image-preview:large","max-video-preview":"max-video-preview:-1"},"canonical":"https:\/\/www.aspronis.com\/es\/","og_locale":"es_ES","og_type":"article","og_title":"Inicio - Aspronis","og_description":"[vc_row css_animation=\u00bb\u00bb row_type=\u00bbrow\u00bb use_row_as_full_screen_section=\u00bbno\u00bb type=\u00bbgrid\u00bb angled_section=\u00bbno\u00bb text_align=\u00bbleft\u00bb background_image_as_pattern=\u00bbwithout_pattern\u00bb el_class=\u00bbbg_gris pb0&#8243; z_index=\u00bb\u00bb][vc_column][vc_column_text el_class=\u00bbhome_intro\u00bb] ASPRONIS somos una fundaci\u00f3n sin \u00e1nimo de lucro que trabajamos para generar iniciativas, soportes y servicios para que las personas con discapacidad intelectual y del desarrollo, de otros colectivos vulnerables y sus entornos...","og_url":"https:\/\/www.aspronis.com\/es\/","og_site_name":"Aspronis","article_modified_time":"2025-01-21T15:01:14+00:00","twitter_card":"summary_large_image","twitter_misc":{"Tiempo de lectura":"2 minutos"},"schema":{"@context":"https:\/\/schema.org","@graph":[{"@type":"WebPage","@id":"https:\/\/www.aspronis.com\/es\/","url":"https:\/\/www.aspronis.com\/es\/","name":"Inicio - Aspronis","isPartOf":{"@id":"https:\/\/www.aspronis.com\/es\/#website"},"datePublished":"2022-07-01T16:40:13+00:00","dateModified":"2025-01-21T15:01:14+00:00","inLanguage":"es","potentialAction":[{"@type":"ReadAction","target":["https:\/\/www.aspronis.com\/es\/"]}]},{"@type":"WebSite","@id":"https:\/\/www.aspronis.com\/es\/#website","url":"https:\/\/www.aspronis.com\/es\/","name":"Aspronis","description":"","potentialAction":[{"@type":"SearchAction","target":{"@type":"EntryPoint","urlTemplate":"https:\/\/www.aspronis.com\/es\/?s={search_term_string}"},"query-input":{"@type":"PropertyValueSpecification","valueRequired":true,"valueName":"search_term_string"}}],"inLanguage":"es"}]}},"_links":{"self":[{"href":"https:\/\/www.aspronis.com\/es\/wp-json\/wp\/v2\/pages\/1452","targetHints":{"allow":["GET"]}}],"collection":[{"href":"https:\/\/www.aspronis.com\/es\/wp-json\/wp\/v2\/pages"}],"about":[{"href":"https:\/\/www.aspronis.com\/es\/wp-json\/wp\/v2\/types\/page"}],"author":[{"embeddable":true,"href":"https:\/\/www.aspronis.com\/es\/wp-json\/wp\/v2\/users\/1"}],"replies":[{"embeddable":true,"href":"https:\/\/www.aspronis.com\/es\/wp-json\/wp\/v2\/comments?post=1452"}],"version-history":[{"count":3,"href":"https:\/\/www.aspronis.com\/es\/wp-json\/wp\/v2\/pages\/1452\/revisions"}],"predecessor-version":[{"id":3065,"href":"https:\/\/www.aspronis.com\/es\/wp-json\/wp\/v2\/pages\/1452\/revisions\/3065"}],"wp:attachment":[{"href":"https:\/\/www.aspronis.com\/es\/wp-json\/wp\/v2\/media?parent=1452"}],"curies":[{"name":"wp","href":"https:\/\/api.w.org\/{rel}","templated":true}]}}