{"id":1458,"date":"2022-07-05T17:40:39","date_gmt":"2022-07-05T15:40:39","guid":{"rendered":"https:\/\/www.aspronis.com\/la-fundacio\/comunicacio\/publicacions-dinteres\/"},"modified":"2022-12-08T14:00:05","modified_gmt":"2022-12-08T13:00:05","slug":"publicaciones-de-interes","status":"publish","type":"page","link":"https:\/\/www.aspronis.com\/es\/la-fundacio\/comunicacio\/publicaciones-de-interes\/","title":{"rendered":"Publicaciones de inter\u00e9s"},"content":{"rendered":"<div class=\"wpb-content-wrapper\"><p>[vc_row css_animation=\u00bb\u00bb row_type=\u00bbrow\u00bb use_row_as_full_screen_section=\u00bbno\u00bb type=\u00bbgrid\u00bb angled_section=\u00bbno\u00bb text_align=\u00bbleft\u00bb background_image_as_pattern=\u00bbwithout_pattern\u00bb z_index=\u00bb\u00bb][vc_column width=\u00bb2\/3&#8243;][vc_column_text el_class=\u00bbsection_title small sep\u00bb]<\/p>\n<h2>Publicaciones de inter\u00e9s<\/h2>\n<p>[\/vc_column_text][vc_separator type=\u00bbtransparent\u00bb up=\u00bb20&#8243;][vc_column_text el_class=\u00bbul_nice\u00bb]<strong>Plan de prevenci\u00f3n de delitos penales (Compliance)<\/strong><\/p>\n<ul>\n<li><a href=\"https:\/\/www.aspronis.com\/wp-content\/uploads\/2022\/09\/programa-Prevencio-Delictes-penals-ASPRONIS.pdf\" target=\"_blank\" rel=\"noopener\">Documento Prevenci\u00f3n de Delitos \u2013 ASPRONIS<\/a><\/li>\n<\/ul>\n<p>&nbsp;<\/p>\n<p><strong>ESPACIO DE REFLEXI\u00d3N \u00c9TICA DE SERVICIOS SOCIALES (ERESS)<\/strong><\/p>\n<ul>\n<li><a href=\"https:\/\/www.aspronis.com\/wp-content\/uploads\/2022\/09\/CODIETIC_ASPRONIS-lectura-facil.pdf\" target=\"_blank\" rel=\"noopener noreferrer\">C\u00f3digo \u00e9tico<\/a><\/li>\n<li><a href=\"https:\/\/www.aspronis.com\/wp-content\/uploads\/2022\/09\/codi-etic-Aspronis_CAT_04-1.pdf\" target=\"_blank\" rel=\"noopener noreferrer\">C\u00f3digo \u00e9tico (Lectura f\u00e1cil)<\/a><\/li>\n<li><a href=\"https:\/\/www.aspronis.com\/wp-content\/uploads\/2022\/09\/RRI-ERESS-Aspr_def2.pdf\" target=\"_blank\" rel=\"noopener noreferrer\">Reglamento de R\u00e9gimen Interno<\/a><\/li>\n<\/ul>\n<p>&nbsp;<\/p>\n<p><strong>COMUNICADOS RECURSOS HUMANOS<\/strong><\/p>\n<ul>\n<li><a href=\"https:\/\/www.aspronis.com\/wp-content\/uploads\/2022\/09\/carta-Mutua-Intercomarcal.pdf\" target=\"_blank\" rel=\"noopener noreferrer\">Nueva m\u00fatua de accidentes de trabajo.<\/a><\/li>\n<li><a href=\"https:\/\/www.aspronis.com\/wp-content\/uploads\/2022\/09\/carta-ERTO-catala.pdf\" target=\"_blank\" rel=\"noopener\">Carta personal atendido<\/a><\/li>\n<\/ul>\n<p>&nbsp;<\/p>\n<p><strong>SROI CDIAP ASPRONIS<\/strong><\/p>\n<ul>\n<li><a href=\"https:\/\/www.aspronis.com\/wp-content\/uploads\/2022\/09\/Informe_final_SROI_CDIAP_Aspronis_04.2020-CAT.pdf\" target=\"_blank\" rel=\"noopener noreferrer\">Informe SROI CDIAP Fundaci\u00f3 ASPRONIS<\/a><\/li>\n<\/ul>\n<p>&nbsp;<\/p>\n<p><strong>ANDANA<\/strong><\/p>\n<ul>\n<li><a href=\"https:\/\/www.aspronis.com\/wp-content\/uploads\/2022\/09\/Fulla-inscripcio-soci-ANDANA.pdf\" target=\"_blank\" rel=\"noopener\">Hoja inscripci\u00f3n socio ANDANA<\/a><\/li>\n<\/ul>\n<p>&nbsp;<\/p>\n<p><strong>CLUB DEPORTIVO<\/strong><\/p>\n<ul>\n<li><a href=\"https:\/\/www.aspronis.com\/wp-content\/uploads\/2022\/09\/Triptic-Club-Esportiu-El-Vilar-19-20OK.pdf\" target=\"_blank\" rel=\"noopener noreferrer\">Hazte socio \u2013 Hoja de inscripci\u00f3n<\/a><\/li>\n<\/ul>\n<p><strong>\u00a0<\/strong><\/p>\n<p><strong>DISCAPACIDAD INTELECTUAL<\/strong><\/p>\n<ul>\n<li><a href=\"https:\/\/www.aspronis.com\/wp-content\/uploads\/2022\/09\/Convencio_drets_persones_discapacitat_catala.pdf\" target=\"_blank\" rel=\"noopener noreferrer\">Convenci\u00f3b de la ONU sobre los derechos de las personas con discapacidad<\/a><\/li>\n<li><a href=\"https:\/\/www.aspronis.com\/wp-content\/uploads\/2022\/09\/etica-de-dincat_238667.pdf\" target=\"_blank\" rel=\"noopener noreferrer\">La \u00e9tica de Dincat<\/a><\/li>\n<li><a href=\"https:\/\/www.aspronis.com\/wp-content\/uploads\/2022\/09\/23abril_Manifest-Lectura-Facil-1.pdf\" target=\"_blank\" rel=\"noopener noreferrer\">Manifiesto Federaci\u00f3n Dincat y Asociaci\u00f3n Lectura f\u00e1cil \u201c\u00bfPor qu\u00e9 tu\u00a0puedes leer y yo no?\u201d<\/a><\/li>\n<\/ul>\n<p>[\/vc_column_text][\/vc_column][vc_column width=\u00bb1\/3&#8243;][\/vc_column][\/vc_row][vc_row css_animation=\u00bb\u00bb row_type=\u00bbrow\u00bb use_row_as_full_screen_section=\u00bbno\u00bb type=\u00bbfull_width\u00bb angled_section=\u00bbno\u00bb text_align=\u00bbleft\u00bb background_image_as_pattern=\u00bbwithout_pattern\u00bb el_class=\u00bbnewsletter_section_wrapper\u00bb z_index=\u00bb\u00bb][vc_column][vc_widget_sidebar sidebar_id=\u00bbnewsletter\u00bb][\/vc_column][\/vc_row]<\/p>\n<\/div>","protected":false},"excerpt":{"rendered":"<p>[vc_row css_animation=\u00bb\u00bb row_type=\u00bbrow\u00bb use_row_as_full_screen_section=\u00bbno\u00bb type=\u00bbgrid\u00bb angled_section=\u00bbno\u00bb text_align=\u00bbleft\u00bb background_image_as_pattern=\u00bbwithout_pattern\u00bb z_index=\u00bb\u00bb][vc_column width=\u00bb2\/3&#8243;][vc_column_text el_class=\u00bbsection_title small sep\u00bb] Publicaciones de inter\u00e9s [\/vc_column_text][vc_separator type=\u00bbtransparent\u00bb up=\u00bb20&#8243;][vc_column_text el_class=\u00bbul_nice\u00bb]Plan de prevenci\u00f3n de delitos penales (Compliance) Documento Prevenci\u00f3n de Delitos \u2013 ASPRONIS &nbsp; ESPACIO DE REFLEXI\u00d3N \u00c9TICA DE SERVICIOS SOCIALES (ERESS) C\u00f3digo \u00e9tico C\u00f3digo \u00e9tico&#8230;<\/p>\n","protected":false},"author":1,"featured_media":0,"parent":1454,"menu_order":0,"comment_status":"closed","ping_status":"closed","template":"full_width.php","meta":{"footnotes":""},"class_list":["post-1458","page","type-page","status-publish","hentry"],"yoast_head":"<!-- This site is optimized with the Yoast SEO plugin v26.8 - https:\/\/yoast.com\/product\/yoast-seo-wordpress\/ -->\n<title>Publicaciones de inter\u00e9s - Aspronis<\/title>\n<meta name=\"robots\" content=\"index, follow, max-snippet:-1, max-image-preview:large, max-video-preview:-1\" \/>\n<link rel=\"canonical\" href=\"https:\/\/www.aspronis.com\/es\/la-fundacio\/comunicacio\/publicaciones-de-interes\/\" \/>\n<meta property=\"og:locale\" content=\"es_ES\" \/>\n<meta property=\"og:type\" content=\"article\" \/>\n<meta property=\"og:title\" content=\"Publicaciones de inter\u00e9s - Aspronis\" \/>\n<meta property=\"og:description\" content=\"[vc_row css_animation=\u00bb\u00bb row_type=\u00bbrow\u00bb use_row_as_full_screen_section=\u00bbno\u00bb type=\u00bbgrid\u00bb angled_section=\u00bbno\u00bb text_align=\u00bbleft\u00bb background_image_as_pattern=\u00bbwithout_pattern\u00bb z_index=\u00bb\u00bb][vc_column width=\u00bb2\/3&#8243;][vc_column_text el_class=\u00bbsection_title small sep\u00bb] Publicaciones de inter\u00e9s [\/vc_column_text][vc_separator type=\u00bbtransparent\u00bb up=\u00bb20&#8243;][vc_column_text el_class=\u00bbul_nice\u00bb]Plan de prevenci\u00f3n de delitos penales (Compliance) Documento Prevenci\u00f3n de Delitos \u2013 ASPRONIS &nbsp; ESPACIO DE REFLEXI\u00d3N \u00c9TICA DE SERVICIOS SOCIALES (ERESS) C\u00f3digo \u00e9tico C\u00f3digo \u00e9tico...\" \/>\n<meta property=\"og:url\" content=\"https:\/\/www.aspronis.com\/es\/la-fundacio\/comunicacio\/publicaciones-de-interes\/\" \/>\n<meta property=\"og:site_name\" content=\"Aspronis\" \/>\n<meta property=\"article:modified_time\" content=\"2022-12-08T13:00:05+00:00\" \/>\n<meta name=\"twitter:card\" content=\"summary_large_image\" \/>\n<meta name=\"twitter:label1\" content=\"Tiempo de lectura\" \/>\n\t<meta name=\"twitter:data1\" content=\"1 minuto\" \/>\n<script type=\"application\/ld+json\" class=\"yoast-schema-graph\">{\"@context\":\"https:\/\/schema.org\",\"@graph\":[{\"@type\":\"WebPage\",\"@id\":\"https:\/\/www.aspronis.com\/es\/la-fundacio\/comunicacio\/publicaciones-de-interes\/\",\"url\":\"https:\/\/www.aspronis.com\/es\/la-fundacio\/comunicacio\/publicaciones-de-interes\/\",\"name\":\"Publicaciones de inter\u00e9s - Aspronis\",\"isPartOf\":{\"@id\":\"https:\/\/www.aspronis.com\/es\/#website\"},\"datePublished\":\"2022-07-05T15:40:39+00:00\",\"dateModified\":\"2022-12-08T13:00:05+00:00\",\"breadcrumb\":{\"@id\":\"https:\/\/www.aspronis.com\/es\/la-fundacio\/comunicacio\/publicaciones-de-interes\/#breadcrumb\"},\"inLanguage\":\"es\",\"potentialAction\":[{\"@type\":\"ReadAction\",\"target\":[\"https:\/\/www.aspronis.com\/es\/la-fundacio\/comunicacio\/publicaciones-de-interes\/\"]}]},{\"@type\":\"BreadcrumbList\",\"@id\":\"https:\/\/www.aspronis.com\/es\/la-fundacio\/comunicacio\/publicaciones-de-interes\/#breadcrumb\",\"itemListElement\":[{\"@type\":\"ListItem\",\"position\":1,\"name\":\"La fundaci\u00f3n\",\"item\":\"https:\/\/www.aspronis.com\/es\/la-fundacio\/\"},{\"@type\":\"ListItem\",\"position\":2,\"name\":\"Comunicaci\u00f3n\",\"item\":\"https:\/\/www.aspronis.com\/es\/la-fundacio\/comunicacio\/\"},{\"@type\":\"ListItem\",\"position\":3,\"name\":\"Publicaciones de inter\u00e9s\"}]},{\"@type\":\"WebSite\",\"@id\":\"https:\/\/www.aspronis.com\/es\/#website\",\"url\":\"https:\/\/www.aspronis.com\/es\/\",\"name\":\"Aspronis\",\"description\":\"\",\"potentialAction\":[{\"@type\":\"SearchAction\",\"target\":{\"@type\":\"EntryPoint\",\"urlTemplate\":\"https:\/\/www.aspronis.com\/es\/?s={search_term_string}\"},\"query-input\":{\"@type\":\"PropertyValueSpecification\",\"valueRequired\":true,\"valueName\":\"search_term_string\"}}],\"inLanguage\":\"es\"}]}<\/script>\n<!-- \/ Yoast SEO plugin. -->","yoast_head_json":{"title":"Publicaciones de inter\u00e9s - Aspronis","robots":{"index":"index","follow":"follow","max-snippet":"max-snippet:-1","max-image-preview":"max-image-preview:large","max-video-preview":"max-video-preview:-1"},"canonical":"https:\/\/www.aspronis.com\/es\/la-fundacio\/comunicacio\/publicaciones-de-interes\/","og_locale":"es_ES","og_type":"article","og_title":"Publicaciones de inter\u00e9s - Aspronis","og_description":"[vc_row css_animation=\u00bb\u00bb row_type=\u00bbrow\u00bb use_row_as_full_screen_section=\u00bbno\u00bb type=\u00bbgrid\u00bb angled_section=\u00bbno\u00bb text_align=\u00bbleft\u00bb background_image_as_pattern=\u00bbwithout_pattern\u00bb z_index=\u00bb\u00bb][vc_column width=\u00bb2\/3&#8243;][vc_column_text el_class=\u00bbsection_title small sep\u00bb] Publicaciones de inter\u00e9s [\/vc_column_text][vc_separator type=\u00bbtransparent\u00bb up=\u00bb20&#8243;][vc_column_text el_class=\u00bbul_nice\u00bb]Plan de prevenci\u00f3n de delitos penales (Compliance) Documento Prevenci\u00f3n de Delitos \u2013 ASPRONIS &nbsp; ESPACIO DE REFLEXI\u00d3N \u00c9TICA DE SERVICIOS SOCIALES (ERESS) C\u00f3digo \u00e9tico C\u00f3digo \u00e9tico...","og_url":"https:\/\/www.aspronis.com\/es\/la-fundacio\/comunicacio\/publicaciones-de-interes\/","og_site_name":"Aspronis","article_modified_time":"2022-12-08T13:00:05+00:00","twitter_card":"summary_large_image","twitter_misc":{"Tiempo de lectura":"1 minuto"},"schema":{"@context":"https:\/\/schema.org","@graph":[{"@type":"WebPage","@id":"https:\/\/www.aspronis.com\/es\/la-fundacio\/comunicacio\/publicaciones-de-interes\/","url":"https:\/\/www.aspronis.com\/es\/la-fundacio\/comunicacio\/publicaciones-de-interes\/","name":"Publicaciones de inter\u00e9s - Aspronis","isPartOf":{"@id":"https:\/\/www.aspronis.com\/es\/#website"},"datePublished":"2022-07-05T15:40:39+00:00","dateModified":"2022-12-08T13:00:05+00:00","breadcrumb":{"@id":"https:\/\/www.aspronis.com\/es\/la-fundacio\/comunicacio\/publicaciones-de-interes\/#breadcrumb"},"inLanguage":"es","potentialAction":[{"@type":"ReadAction","target":["https:\/\/www.aspronis.com\/es\/la-fundacio\/comunicacio\/publicaciones-de-interes\/"]}]},{"@type":"BreadcrumbList","@id":"https:\/\/www.aspronis.com\/es\/la-fundacio\/comunicacio\/publicaciones-de-interes\/#breadcrumb","itemListElement":[{"@type":"ListItem","position":1,"name":"La fundaci\u00f3n","item":"https:\/\/www.aspronis.com\/es\/la-fundacio\/"},{"@type":"ListItem","position":2,"name":"Comunicaci\u00f3n","item":"https:\/\/www.aspronis.com\/es\/la-fundacio\/comunicacio\/"},{"@type":"ListItem","position":3,"name":"Publicaciones de inter\u00e9s"}]},{"@type":"WebSite","@id":"https:\/\/www.aspronis.com\/es\/#website","url":"https:\/\/www.aspronis.com\/es\/","name":"Aspronis","description":"","potentialAction":[{"@type":"SearchAction","target":{"@type":"EntryPoint","urlTemplate":"https:\/\/www.aspronis.com\/es\/?s={search_term_string}"},"query-input":{"@type":"PropertyValueSpecification","valueRequired":true,"valueName":"search_term_string"}}],"inLanguage":"es"}]}},"_links":{"self":[{"href":"https:\/\/www.aspronis.com\/es\/wp-json\/wp\/v2\/pages\/1458","targetHints":{"allow":["GET"]}}],"collection":[{"href":"https:\/\/www.aspronis.com\/es\/wp-json\/wp\/v2\/pages"}],"about":[{"href":"https:\/\/www.aspronis.com\/es\/wp-json\/wp\/v2\/types\/page"}],"author":[{"embeddable":true,"href":"https:\/\/www.aspronis.com\/es\/wp-json\/wp\/v2\/users\/1"}],"replies":[{"embeddable":true,"href":"https:\/\/www.aspronis.com\/es\/wp-json\/wp\/v2\/comments?post=1458"}],"version-history":[{"count":3,"href":"https:\/\/www.aspronis.com\/es\/wp-json\/wp\/v2\/pages\/1458\/revisions"}],"predecessor-version":[{"id":1926,"href":"https:\/\/www.aspronis.com\/es\/wp-json\/wp\/v2\/pages\/1458\/revisions\/1926"}],"up":[{"embeddable":true,"href":"https:\/\/www.aspronis.com\/es\/wp-json\/wp\/v2\/pages\/1454"}],"wp:attachment":[{"href":"https:\/\/www.aspronis.com\/es\/wp-json\/wp\/v2\/media?parent=1458"}],"curies":[{"name":"wp","href":"https:\/\/api.w.org\/{rel}","templated":true}]}}