{"id":1465,"date":"2022-07-03T09:49:44","date_gmt":"2022-07-03T07:49:44","guid":{"rendered":"https:\/\/www.aspronis.com\/la-fundacio\/aspronis-qui-som\/codi-de-conducta\/"},"modified":"2023-12-18T10:45:13","modified_gmt":"2023-12-18T09:45:13","slug":"codigo-de-conducta","status":"publish","type":"page","link":"https:\/\/www.aspronis.com\/es\/la-fundacio\/aspronis-qui-som\/codigo-de-conducta\/","title":{"rendered":"C\u00f3digo de conducta"},"content":{"rendered":"<div class=\"wpb-content-wrapper\"><p>[vc_row css_animation=\u00bb\u00bb row_type=\u00bbrow\u00bb use_row_as_full_screen_section=\u00bbno\u00bb type=\u00bbgrid\u00bb angled_section=\u00bbno\u00bb text_align=\u00bbleft\u00bb background_image_as_pattern=\u00bbwithout_pattern\u00bb el_class=\u00bbpb0&#8243; z_index=\u00bb\u00bb][vc_column][vc_column_text el_class=\u00bbsection_title small\u00bb]<\/p>\n<h2>C\u00f3digo de conducta<\/h2>\n<p>[\/vc_column_text][\/vc_column][\/vc_row][vc_row css_animation=\u00bb\u00bb row_type=\u00bbrow\u00bb use_row_as_full_screen_section=\u00bbno\u00bb type=\u00bbgrid\u00bb angled_section=\u00bbno\u00bb text_align=\u00bbleft\u00bb background_image_as_pattern=\u00bbwithout_pattern\u00bb z_index=\u00bb\u00bb el_class=\u00bbpt0&#8243;][vc_column width=\u00bb1\/2&#8243;][vc_column_text]Los valores y compromisos que deben orientar la actividad de la Fundaci\u00f3n recogidos en el c\u00f3digo \u00e9tico de ASPRONIS se han desarrollado y ampliado en un c\u00f3digo de conducta, una herramienta clave para la difusi\u00f3n e instauraci\u00f3n de un Programa de Prevenci\u00f3n de Delitos. Por eso, este c\u00f3digo contiene <strong>pautas de conducta concretas para cumplir los est\u00e1ndares legales vigentes y promover una cultura de respeto y promoci\u00f3n de la \u00e9tica en la Fundaci\u00f3n.<\/strong>[\/vc_column_text][vc_separator type=\u00bbtransparent\u00bb up=\u00bb30&#8243;][vc_row_inner row_type=\u00bbrow\u00bb type=\u00bbfull_width\u00bb text_align=\u00bbcenter\u00bb css_animation=\u00bb\u00bb][vc_column_inner]<a  itemprop=\"url\" href=\"https:\/\/www.aspronis.com\/wp-content\/uploads\/2022\/10\/codi-conducta-es.pdf\" target=\"_blank\"  class=\"qbutton  default btn_black\" style=\"\">DESCARGA EL C\u00d3DIGO DE CONDUCTA DE LA FUNDACI\u00d3N ASPRONIS<\/a>[\/vc_column_inner][\/vc_row_inner][vc_separator type=\u00bbtransparent\u00bb up=\u00bb10&#8243;][vc_column_text]La Fundaci\u00f3n ASPRONIS pone a disposici\u00f3n de todo el mundo un canal de comunicaci\u00f3n con el objetivo de recibir <strong>comunicaciones de indicios de infracciones, infracciones o de riesgo de que haya de tipo penal o del C\u00f3digo de conducta de la Fundaci\u00f3n ASPRONIS<\/strong> cometidas por el personal, directivos o miembros del patronato de la Fundaci\u00f3n, a fin de iniciar un procedimiento interno para comprobar los hechos y adoptar las medidas de reacci\u00f3n y correcci\u00f3n oportunas. Tambi\u00e9n pretende ser una v\u00eda para resolver dudas sobre la correcci\u00f3n legal o \u00e9tica de una conducta de los integrantes de la Fundaci\u00f3n que pueda tener trascendencia penal.[\/vc_column_text][vc_separator type=\u00bbtransparent\u00bb up=\u00bb30&#8243;]<div class=\"qode-accordion-holder clearfix qode-accordion qode-initial \">\n\t<h4 class=\"clearfix qode-title-holder\">\n<span class=\"qode-tab-title\">\n\t    <span class=\"qode-tab-title-inner\">\n        INSTRUCCIONES DE USO DEL CANAL DE COMUNICACI\u00d3N    <\/span>\n<\/span>\n<span class=\"qode-accordion-mark\">\n    <span class=\"qode-accordion-mark-icon\">\n        <span class=\"icon_plus\"><\/span>\n        <span class=\"icon_minus-06\"><\/span>\n    <\/span>\n<\/span>\n<\/h4>\n<div  class=\"qode-accordion-content \" >\n    <div class=\"qode-accordion-content-inner\">\n        [vc_column_text]1. Enviar una comunicaci\u00f3n al correo electr\u00f3nico o direcci\u00f3n postal arriba indicada.<\/p>\n<p>2. Indicar los nombres y apellidos de la persona que formula la comunicaci\u00f3n en el Canal (Opcional).<\/p>\n<p>3. Datos de contacto de quien formula la comunicaci\u00f3n: correo electr\u00f3nico, direcci\u00f3n postal o tel\u00e9fono (Opcional).<\/p>\n<p>4. Descripci\u00f3n de los hechos denunciados (descripci\u00f3n de conducta irregular e identificaci\u00f3n de las personas implicadas). En caso de que se trate de una duda \u00e9tica, descripci\u00f3n de la conducta que suscita dudas.<\/p>\n<p>5. Adjuntar documentos que sean una prueba o indicio de la conducta irregular o sugerir otros medios de prueba \u00fatiles para determinar su existencia.<\/p>\n<p>6. Quedan excluidas de este Canal las quejas y sugerencias sobre la calidad de los servicios de ASPRONIS que puedan formular integrantes de la entidad o personas relacionadas.[\/vc_column_text]    <\/div>\n<\/div><h4 class=\"clearfix qode-title-holder\">\n<span class=\"qode-tab-title\">\n\t    <span class=\"qode-tab-title-inner\">\n        REGLAS GENERALES DE FUNCIONAMIENTO DEL CANAL    <\/span>\n<\/span>\n<span class=\"qode-accordion-mark\">\n    <span class=\"qode-accordion-mark-icon\">\n        <span class=\"icon_plus\"><\/span>\n        <span class=\"icon_minus-06\"><\/span>\n    <\/span>\n<\/span>\n<\/h4>\n<div  class=\"qode-accordion-content \" >\n    <div class=\"qode-accordion-content-inner\">\n        [vc_column_text]1.La ley no permite las denuncias an\u00f3nimas. El hecho de que el denunciante deba identificarse en ning\u00fan caso significa que su identidad pueda hacerse p\u00fablica. As\u00ed pues, se mantendr\u00e1 la confidencialidad de la identidad del denunciante con las \u00fanicas excepciones previstas en la ley y cuando resulte imprescindible para investigar los hechos denunciados.<\/p>\n<p>2.La investigaci\u00f3n y comprobaci\u00f3n de los hechos denunciados se realizar\u00e1 con objetividad, imparcialidad y con la m\u00e1xima discreci\u00f3n y reserva posibles.<\/p>\n<p>3.Existe el deber de colaborar en la investigaci\u00f3n de los hechos, de mantener la confidencialidad de la colaboraci\u00f3n prestada y de la informaci\u00f3n relativa a los hechos de los que se tiene conocimiento.<\/p>\n<p>4.Si una persona, integrante de Fundaci\u00f3n Privada ASPRONIS , es autora o part\u00edcipe en los hechos que infringen la ley o el C\u00f3digo de conducta y es la primera en denunciarlo, le ser\u00e1n de aplicaci\u00f3n alguno de los siguientes beneficios:<\/p>\n<ul>\n<li>Si es el \u00fanico responsable, se le moderar\u00e1, seg\u00fan los casos, la sanci\u00f3n prevista en el C\u00f3digo de Conducta.<\/li>\n<li>Si existen varios responsables y es la primera persona en denunciarlo, se le moderar\u00e1, seg\u00fan los casos, la sanci\u00f3n prevista en el C\u00f3digo de conducta.<\/li>\n<\/ul>\n<p>5. Con independencia de los beneficios anteriores, el C\u00f3digo Penal prev\u00e9 atenuantes de la sanci\u00f3n penal por aquellos autores o part\u00edcipes de un delito que le confiesen, que reparen el da\u00f1o ocasionado a la v\u00edctima o que disminuyan sus efectos.<\/p>\n<p>6. Se archivar\u00e1n las denuncias cuando los hechos resulten ser falsos o no puedan ser demostrados (sin perjuicio, del deber de denunciarlo a las autoridades cuando sean veros\u00edmiles los hechos denunciados).<\/p>\n<p>7. No habr\u00e1 represalias ni sanciones contra el denunciante, ni siquiera cuando los hechos sean falsos (a menos que la denuncia fuera presentada con mala fe y con conciencia de su falsedad).<\/p>\n<p>8. Cuando se compruebe la veracidad de los hechos, se promover\u00e1n la adopci\u00f3n de sanciones y medidas correctivas y se denunciar\u00e1n los hechos a las autoridades cuando sea legalmente preceptivo.[\/vc_column_text]    <\/div>\n<\/div><h4 class=\"clearfix qode-title-holder\">\n<span class=\"qode-tab-title\">\n\t    <span class=\"qode-tab-title-inner\">\n        RESPONSABLE DE CUMPLIMIENTO NORMATIVO. GESTOR DEL CANAL DE DENUNCIA    <\/span>\n<\/span>\n<span class=\"qode-accordion-mark\">\n    <span class=\"qode-accordion-mark-icon\">\n        <span class=\"icon_plus\"><\/span>\n        <span class=\"icon_minus-06\"><\/span>\n    <\/span>\n<\/span>\n<\/h4>\n<div  class=\"qode-accordion-content \" >\n    <div class=\"qode-accordion-content-inner\">\n        [vc_column_text]Fundaci\u00f3n Privada ASPRONIS tiene designado un Responsable de Cumplimiento Normativo que, por delegaci\u00f3n de la Junta Directiva de la entidad, tiene la funci\u00f3n de supervisar, con independencia y objetividad, que los integrantes de la organizaci\u00f3n (y otros destinatarios del C\u00f3digo \u00e9tico, cuando proceda) cumplen fielmente con la normativa penal y el citado C\u00f3digo. A tal fin promover\u00e1 el conocimiento y cumplimiento del citado C\u00f3digo, resolver\u00e1 las dudas que su interpretaci\u00f3n pueda generar y gestionar\u00e1 el Canal de Comunicaci\u00f3n.<\/p>\n<p>[\/vc_column_text]    <\/div>\n<\/div><\/div>[\/vc_column][vc_column width=\u00bb1\/2&#8243; el_class=\u00bbform_box\u00bb][vc_column_text el_class=\u00bbform_box_title\u00bb]Canal de comunicaci\u00f3n[\/vc_column_text][vc_raw_html]JTVCZm9ybWluYXRvcl9mb3JtJTIwaWQlM0QlMjIxNTI3JTIyJTVE[\/vc_raw_html][vc_column_text el_class=\u00bbform_text_bottom\u00bb]De acuerdo con el Reglamento (UE) 2016\/679 del Parlamento y del Consejo, de 27 de abril de 2016, relativo a la protecci\u00f3n de las personas f\u00edsicas en lo que se refiere al tratamiento de datos personales ya la libre circulaci\u00f3n de estos datos (RGPD), los datos personales contenidos en el correo electr\u00f3nico que nos env\u00ede al Canal de Comunicaci\u00f3n ser\u00e1n objeto de tratamiento por parte de Fundaci\u00f3n Privada ASPRONIS con el fin de acreditar el cumplimiento de la normativa penal y del C\u00f3digo de Conducta de Fundaci\u00f3n Privada ASPRONIS por parte de los integrantes de Fundaci\u00f3n Privada ASPRONIS y de dar cumplimiento al Programa de Prevenci\u00f3n de Delitos de Fundaci\u00f3n Privada ASPRONIS de prestar los servicios asistenciales y actividades que integran sus fines asociativos. La base legal para el tratamiento de sus datos es su consentimiento y\/o desarrollo de medidas precontractuales o contractuales. Se podr\u00e1n ejercitar los derechos de acceso, supresi\u00f3n, rectificaci\u00f3n, oposici\u00f3n, portabilidad o limitaci\u00f3n mediante correo electr\u00f3nico a la direcci\u00f3n codiconducta@aspronis.com o por escrito enviado a la direcci\u00f3n: av. Sanlleh\u00ed i Bosch, 12-14 \u2013 08380 Malgrat de Mar (Barcelona). Los interesados \u200b\u200btienen derecho a presentar una reclamaci\u00f3n ante la Autoridad de Protecci\u00f3n de Datos correspondiente. Los datos personales proporcionados se conservar\u00e1n por el per\u00edodo legal o contractualmente previsto o mientras se mantenga el consentimiento del interesado. No se realizar\u00e1 cesi\u00f3n de los datos recogidos, salvo obligaci\u00f3n legal y en los casos en que sea necesaria la cesi\u00f3n de los datos a nuestros asesores con el fin de dar cumplimiento al Programa de Prevenci\u00f3n de Delitos de Fundaci\u00f3n Privada ASPRONIS. Rogamos comunique de forma inmediata a la direcci\u00f3n aspronis@aspronis.com cualquier cambio o modificaci\u00f3n que se produzca en relaci\u00f3n con los datos que nos ha proporcionado, con el fin de que respondan con veracidad a su situaci\u00f3n personal en todo momento.[\/vc_column_text][\/vc_column][\/vc_row][vc_row css_animation=\u00bb\u00bb row_type=\u00bbrow\u00bb use_row_as_full_screen_section=\u00bbno\u00bb type=\u00bbfull_width\u00bb angled_section=\u00bbno\u00bb text_align=\u00bbleft\u00bb background_image_as_pattern=\u00bbwithout_pattern\u00bb el_class=\u00bbnewsletter_section_wrapper\u00bb z_index=\u00bb\u00bb][vc_column][vc_widget_sidebar sidebar_id=\u00bbnewsletter\u00bb][\/vc_column][\/vc_row]<\/p>\n<\/div>","protected":false},"excerpt":{"rendered":"<p>[vc_row css_animation=\u00bb\u00bb row_type=\u00bbrow\u00bb use_row_as_full_screen_section=\u00bbno\u00bb type=\u00bbgrid\u00bb angled_section=\u00bbno\u00bb text_align=\u00bbleft\u00bb background_image_as_pattern=\u00bbwithout_pattern\u00bb el_class=\u00bbpb0&#8243; z_index=\u00bb\u00bb][vc_column][vc_column_text el_class=\u00bbsection_title small\u00bb] C\u00f3digo de conducta [\/vc_column_text][\/vc_column][\/vc_row][vc_row css_animation=\u00bb\u00bb row_type=\u00bbrow\u00bb use_row_as_full_screen_section=\u00bbno\u00bb type=\u00bbgrid\u00bb angled_section=\u00bbno\u00bb text_align=\u00bbleft\u00bb background_image_as_pattern=\u00bbwithout_pattern\u00bb z_index=\u00bb\u00bb el_class=\u00bbpt0&#8243;][vc_column width=\u00bb1\/2&#8243;][vc_column_text]Los valores y compromisos que deben orientar la actividad de la Fundaci\u00f3n recogidos en el c\u00f3digo \u00e9tico de ASPRONIS se&#8230;<\/p>\n","protected":false},"author":1,"featured_media":0,"parent":1464,"menu_order":0,"comment_status":"closed","ping_status":"closed","template":"full_width.php","meta":{"footnotes":""},"class_list":["post-1465","page","type-page","status-publish","hentry"],"yoast_head":"<!-- This site is optimized with the Yoast SEO plugin v26.8 - https:\/\/yoast.com\/product\/yoast-seo-wordpress\/ -->\n<title>C\u00f3digo de conducta - Aspronis<\/title>\n<meta name=\"robots\" content=\"index, follow, max-snippet:-1, max-image-preview:large, max-video-preview:-1\" \/>\n<link rel=\"canonical\" href=\"https:\/\/www.aspronis.com\/es\/la-fundacio\/aspronis-qui-som\/codigo-de-conducta\/\" \/>\n<meta property=\"og:locale\" content=\"es_ES\" \/>\n<meta property=\"og:type\" content=\"article\" \/>\n<meta property=\"og:title\" content=\"C\u00f3digo de conducta - Aspronis\" \/>\n<meta property=\"og:description\" content=\"[vc_row css_animation=\u00bb\u00bb row_type=\u00bbrow\u00bb use_row_as_full_screen_section=\u00bbno\u00bb type=\u00bbgrid\u00bb angled_section=\u00bbno\u00bb text_align=\u00bbleft\u00bb background_image_as_pattern=\u00bbwithout_pattern\u00bb el_class=\u00bbpb0&#8243; z_index=\u00bb\u00bb][vc_column][vc_column_text el_class=\u00bbsection_title small\u00bb] C\u00f3digo de conducta [\/vc_column_text][\/vc_column][\/vc_row][vc_row css_animation=\u00bb\u00bb row_type=\u00bbrow\u00bb use_row_as_full_screen_section=\u00bbno\u00bb type=\u00bbgrid\u00bb angled_section=\u00bbno\u00bb text_align=\u00bbleft\u00bb background_image_as_pattern=\u00bbwithout_pattern\u00bb z_index=\u00bb\u00bb el_class=\u00bbpt0&#8243;][vc_column width=\u00bb1\/2&#8243;][vc_column_text]Los valores y compromisos que deben orientar la actividad de la Fundaci\u00f3n recogidos en el c\u00f3digo \u00e9tico de ASPRONIS se...\" \/>\n<meta property=\"og:url\" content=\"https:\/\/www.aspronis.com\/es\/la-fundacio\/aspronis-qui-som\/codigo-de-conducta\/\" \/>\n<meta property=\"og:site_name\" content=\"Aspronis\" \/>\n<meta property=\"article:modified_time\" content=\"2023-12-18T09:45:13+00:00\" \/>\n<meta name=\"twitter:card\" content=\"summary_large_image\" \/>\n<meta name=\"twitter:label1\" content=\"Tiempo de lectura\" \/>\n\t<meta name=\"twitter:data1\" content=\"6 minutos\" \/>\n<script type=\"application\/ld+json\" class=\"yoast-schema-graph\">{\"@context\":\"https:\/\/schema.org\",\"@graph\":[{\"@type\":\"WebPage\",\"@id\":\"https:\/\/www.aspronis.com\/es\/la-fundacio\/aspronis-qui-som\/codigo-de-conducta\/\",\"url\":\"https:\/\/www.aspronis.com\/es\/la-fundacio\/aspronis-qui-som\/codigo-de-conducta\/\",\"name\":\"C\u00f3digo de conducta - Aspronis\",\"isPartOf\":{\"@id\":\"https:\/\/www.aspronis.com\/es\/#website\"},\"datePublished\":\"2022-07-03T07:49:44+00:00\",\"dateModified\":\"2023-12-18T09:45:13+00:00\",\"breadcrumb\":{\"@id\":\"https:\/\/www.aspronis.com\/es\/la-fundacio\/aspronis-qui-som\/codigo-de-conducta\/#breadcrumb\"},\"inLanguage\":\"es\",\"potentialAction\":[{\"@type\":\"ReadAction\",\"target\":[\"https:\/\/www.aspronis.com\/es\/la-fundacio\/aspronis-qui-som\/codigo-de-conducta\/\"]}]},{\"@type\":\"BreadcrumbList\",\"@id\":\"https:\/\/www.aspronis.com\/es\/la-fundacio\/aspronis-qui-som\/codigo-de-conducta\/#breadcrumb\",\"itemListElement\":[{\"@type\":\"ListItem\",\"position\":1,\"name\":\"La fundaci\u00f3n\",\"item\":\"https:\/\/www.aspronis.com\/es\/la-fundacio\/\"},{\"@type\":\"ListItem\",\"position\":2,\"name\":\"Qui\u00e9nes somos\",\"item\":\"https:\/\/www.aspronis.com\/es\/la-fundacio\/aspronis-qui-som\/\"},{\"@type\":\"ListItem\",\"position\":3,\"name\":\"C\u00f3digo de conducta\"}]},{\"@type\":\"WebSite\",\"@id\":\"https:\/\/www.aspronis.com\/es\/#website\",\"url\":\"https:\/\/www.aspronis.com\/es\/\",\"name\":\"Aspronis\",\"description\":\"\",\"potentialAction\":[{\"@type\":\"SearchAction\",\"target\":{\"@type\":\"EntryPoint\",\"urlTemplate\":\"https:\/\/www.aspronis.com\/es\/?s={search_term_string}\"},\"query-input\":{\"@type\":\"PropertyValueSpecification\",\"valueRequired\":true,\"valueName\":\"search_term_string\"}}],\"inLanguage\":\"es\"}]}<\/script>\n<!-- \/ Yoast SEO plugin. -->","yoast_head_json":{"title":"C\u00f3digo de conducta - Aspronis","robots":{"index":"index","follow":"follow","max-snippet":"max-snippet:-1","max-image-preview":"max-image-preview:large","max-video-preview":"max-video-preview:-1"},"canonical":"https:\/\/www.aspronis.com\/es\/la-fundacio\/aspronis-qui-som\/codigo-de-conducta\/","og_locale":"es_ES","og_type":"article","og_title":"C\u00f3digo de conducta - Aspronis","og_description":"[vc_row css_animation=\u00bb\u00bb row_type=\u00bbrow\u00bb use_row_as_full_screen_section=\u00bbno\u00bb type=\u00bbgrid\u00bb angled_section=\u00bbno\u00bb text_align=\u00bbleft\u00bb background_image_as_pattern=\u00bbwithout_pattern\u00bb el_class=\u00bbpb0&#8243; z_index=\u00bb\u00bb][vc_column][vc_column_text el_class=\u00bbsection_title small\u00bb] C\u00f3digo de conducta [\/vc_column_text][\/vc_column][\/vc_row][vc_row css_animation=\u00bb\u00bb row_type=\u00bbrow\u00bb use_row_as_full_screen_section=\u00bbno\u00bb type=\u00bbgrid\u00bb angled_section=\u00bbno\u00bb text_align=\u00bbleft\u00bb background_image_as_pattern=\u00bbwithout_pattern\u00bb z_index=\u00bb\u00bb el_class=\u00bbpt0&#8243;][vc_column width=\u00bb1\/2&#8243;][vc_column_text]Los valores y compromisos que deben orientar la actividad de la Fundaci\u00f3n recogidos en el c\u00f3digo \u00e9tico de ASPRONIS se...","og_url":"https:\/\/www.aspronis.com\/es\/la-fundacio\/aspronis-qui-som\/codigo-de-conducta\/","og_site_name":"Aspronis","article_modified_time":"2023-12-18T09:45:13+00:00","twitter_card":"summary_large_image","twitter_misc":{"Tiempo de lectura":"6 minutos"},"schema":{"@context":"https:\/\/schema.org","@graph":[{"@type":"WebPage","@id":"https:\/\/www.aspronis.com\/es\/la-fundacio\/aspronis-qui-som\/codigo-de-conducta\/","url":"https:\/\/www.aspronis.com\/es\/la-fundacio\/aspronis-qui-som\/codigo-de-conducta\/","name":"C\u00f3digo de conducta - Aspronis","isPartOf":{"@id":"https:\/\/www.aspronis.com\/es\/#website"},"datePublished":"2022-07-03T07:49:44+00:00","dateModified":"2023-12-18T09:45:13+00:00","breadcrumb":{"@id":"https:\/\/www.aspronis.com\/es\/la-fundacio\/aspronis-qui-som\/codigo-de-conducta\/#breadcrumb"},"inLanguage":"es","potentialAction":[{"@type":"ReadAction","target":["https:\/\/www.aspronis.com\/es\/la-fundacio\/aspronis-qui-som\/codigo-de-conducta\/"]}]},{"@type":"BreadcrumbList","@id":"https:\/\/www.aspronis.com\/es\/la-fundacio\/aspronis-qui-som\/codigo-de-conducta\/#breadcrumb","itemListElement":[{"@type":"ListItem","position":1,"name":"La fundaci\u00f3n","item":"https:\/\/www.aspronis.com\/es\/la-fundacio\/"},{"@type":"ListItem","position":2,"name":"Qui\u00e9nes somos","item":"https:\/\/www.aspronis.com\/es\/la-fundacio\/aspronis-qui-som\/"},{"@type":"ListItem","position":3,"name":"C\u00f3digo de conducta"}]},{"@type":"WebSite","@id":"https:\/\/www.aspronis.com\/es\/#website","url":"https:\/\/www.aspronis.com\/es\/","name":"Aspronis","description":"","potentialAction":[{"@type":"SearchAction","target":{"@type":"EntryPoint","urlTemplate":"https:\/\/www.aspronis.com\/es\/?s={search_term_string}"},"query-input":{"@type":"PropertyValueSpecification","valueRequired":true,"valueName":"search_term_string"}}],"inLanguage":"es"}]}},"_links":{"self":[{"href":"https:\/\/www.aspronis.com\/es\/wp-json\/wp\/v2\/pages\/1465","targetHints":{"allow":["GET"]}}],"collection":[{"href":"https:\/\/www.aspronis.com\/es\/wp-json\/wp\/v2\/pages"}],"about":[{"href":"https:\/\/www.aspronis.com\/es\/wp-json\/wp\/v2\/types\/page"}],"author":[{"embeddable":true,"href":"https:\/\/www.aspronis.com\/es\/wp-json\/wp\/v2\/users\/1"}],"replies":[{"embeddable":true,"href":"https:\/\/www.aspronis.com\/es\/wp-json\/wp\/v2\/comments?post=1465"}],"version-history":[{"count":4,"href":"https:\/\/www.aspronis.com\/es\/wp-json\/wp\/v2\/pages\/1465\/revisions"}],"predecessor-version":[{"id":2383,"href":"https:\/\/www.aspronis.com\/es\/wp-json\/wp\/v2\/pages\/1465\/revisions\/2383"}],"up":[{"embeddable":true,"href":"https:\/\/www.aspronis.com\/es\/wp-json\/wp\/v2\/pages\/1464"}],"wp:attachment":[{"href":"https:\/\/www.aspronis.com\/es\/wp-json\/wp\/v2\/media?parent=1465"}],"curies":[{"name":"wp","href":"https:\/\/api.w.org\/{rel}","templated":true}]}}