{"id":1468,"date":"2022-07-02T20:26:02","date_gmt":"2022-07-02T18:26:02","guid":{"rendered":"https:\/\/www.aspronis.com\/la-fundacio\/aspronis-qui-som\/don-venim\/"},"modified":"2022-10-24T15:31:40","modified_gmt":"2022-10-24T13:31:40","slug":"de-donde-venimos","status":"publish","type":"page","link":"https:\/\/www.aspronis.com\/es\/la-fundacio\/aspronis-qui-som\/de-donde-venimos\/","title":{"rendered":"De d\u00f3nde venimos"},"content":{"rendered":"<div class=\"wpb-content-wrapper\"><p>[vc_row css_animation=\u00bb\u00bb row_type=\u00bbrow\u00bb use_row_as_full_screen_section=\u00bbno\u00bb type=\u00bbgrid\u00bb angled_section=\u00bbno\u00bb text_align=\u00bbleft\u00bb background_image_as_pattern=\u00bbwithout_pattern\u00bb z_index=\u00bb\u00bb][vc_column][vc_column_text el_class=\u00bbhome_intro\u00bb]En la Fundaci\u00f3n ASPRONIS <strong>acompa\u00f1amos a las personas y familias<\/strong> para que tengas <strong>mejores oportunidades de vida<\/strong>.<\/p>\n<p>Somos una fundaci\u00f3n <strong>sin \u00e1nimo de lucro<\/strong> que trabajamos para generar <strong>iniciativas, soportes y servicios<\/strong> para que las <strong>personas con discapacidad intelectual<\/strong> y del desarrollo, de otros colectivos en situaci\u00f3n de vulnerabilidad y sus entornos familiares disfruten de unas condiciones \u00f3ptimas de <strong>calidad de vida e igualdad<\/strong>.<\/p>\n<p><strong>Nuestra \u00e1rea de actuaci\u00f3n<\/strong> es principalmente la comarca de la Selva y el norte del Maresme.[\/vc_column_text][\/vc_column][\/vc_row][vc_row css_animation=\u00bb\u00bb row_type=\u00bbrow\u00bb use_row_as_full_screen_section=\u00bbno\u00bb type=\u00bbgrid\u00bb angled_section=\u00bbno\u00bb text_align=\u00bbleft\u00bb background_image_as_pattern=\u00bbwithout_pattern\u00bb z_index=\u00bb\u00bb][vc_column width=\u00bb1\/2&#8243; el_class=\u00bbonvenim\u00bb][vc_column_text]ASPRONIS naci\u00f3 como asociaci\u00f3n en 1968 de la uni\u00f3n de familias que buscaban recursos y servicios para atender a sus hijos e hijas con discapacidad intelectual.<\/p>\n<p>Con el paso de los a\u00f1os y la profesionalizaci\u00f3n de los servicios se dio paso en 1992 a la creaci\u00f3n de dos fundaciones: <strong>ASPRONIS para agrupar los servicios asistenciales, y El Vilar, para los laborales.<\/strong><\/p>\n<p>Sin embargo, las fundaciones se organizaban como un solo ente con la finalidad de dar un servicio integral a la persona atendida, junto con la Asociaci\u00f3n y el Club Deportivo.<\/p>\n<p>Por eso, el Patronato decidi\u00f3 en 2016 fusionar las fundaciones en una sola, la Fundaci\u00f3n ASPRONIS, y disolver la Asociaci\u00f3n, que ya no estaba operativa.<\/p>\n<p><strong>La trayectoria de ASPRONIS ha sido reconocida, entre otros, con estos premios y distinciones: <\/strong>[\/vc_column_text][\/vc_column][vc_column width=\u00bb1\/2&#8243; el_class=\u00bbpremis_box\u00bb][vc_column_text el_class=\u00bbsection_title small sep\u00bb]<\/p>\n<h2>Premios y distinciones<\/h2>\n<p>[\/vc_column_text][vc_column_text]<\/p>\n<ul>\n<li><strong>2019<\/strong> Cruz Sant Jordi<\/li>\n<li><strong>2016<\/strong> Premio Serra Santamans<\/li>\n<li><strong>2012<\/strong> Premio al Valor Deportivo para el Club Esportiu EL VILAR en los IV Premios Nacionales Special Olympics<\/li>\n<li><strong>2009<\/strong> Menci\u00f3n Especial en los Premios Exportaci\u00f3n de la Cambra de Comer\u00e7 de Girona a la Fundaci\u00f3 Privada EL VILAR<\/li>\n<li><strong>2006<\/strong> Premio Juego Limpio al Voluntariado de los Juegos Special Olympics Lloret de Mar, captado des d\u2019ASPRONIS<\/li>\n<li><strong>2003<\/strong> Reconocimiento de la Generalitat de Catalunya a la trayectoria y el trabajo de la Fundaci\u00f3 Privada ASPRONIS<\/li>\n<li><strong>1999<\/strong> Premio Calidad Social del Departamento de Trabajo de la Generalitat de Catalunya<\/li>\n<li><strong>1998<\/strong> Placa President Maci\u00e0 a la Asociaci\u00f3n ASPRONIS<\/li>\n<li><strong>1984<\/strong> Entidad declarada de Utilidad P\u00fablica por el Consejo de Ministros del Estado<\/li>\n<\/ul>\n<p>[\/vc_column_text][\/vc_column][\/vc_row][vc_row css_animation=\u00bb\u00bb row_type=\u00bbrow\u00bb use_row_as_full_screen_section=\u00bbno\u00bb type=\u00bbgrid\u00bb angled_section=\u00bbno\u00bb text_align=\u00bbleft\u00bb background_image_as_pattern=\u00bbwithout_pattern\u00bb z_index=\u00bb\u00bb][vc_column][vc_single_image image=\u00bb154&#8243; img_size=\u00bbfull\u00bb qode_css_animation=\u00bb\u00bb][\/vc_column][\/vc_row][vc_row css_animation=\u00bb\u00bb row_type=\u00bbrow\u00bb use_row_as_full_screen_section=\u00bbno\u00bb type=\u00bbfull_width\u00bb angled_section=\u00bbno\u00bb text_align=\u00bbleft\u00bb background_image_as_pattern=\u00bbwithout_pattern\u00bb el_class=\u00bbnewsletter_section_wrapper\u00bb z_index=\u00bb\u00bb][vc_column][vc_widget_sidebar sidebar_id=\u00bbnewsletter\u00bb][\/vc_column][\/vc_row]<\/p>\n<\/div>","protected":false},"excerpt":{"rendered":"<p>[vc_row css_animation=\u00bb\u00bb row_type=\u00bbrow\u00bb use_row_as_full_screen_section=\u00bbno\u00bb type=\u00bbgrid\u00bb angled_section=\u00bbno\u00bb text_align=\u00bbleft\u00bb background_image_as_pattern=\u00bbwithout_pattern\u00bb z_index=\u00bb\u00bb][vc_column][vc_column_text el_class=\u00bbhome_intro\u00bb]En la Fundaci\u00f3n ASPRONIS acompa\u00f1amos a las personas y familias para que tengas mejores oportunidades de vida. Somos una fundaci\u00f3n sin \u00e1nimo de lucro que trabajamos para generar iniciativas, soportes y servicios para que las personas&#8230;<\/p>\n","protected":false},"author":1,"featured_media":0,"parent":1464,"menu_order":0,"comment_status":"closed","ping_status":"closed","template":"full_width.php","meta":{"footnotes":""},"class_list":["post-1468","page","type-page","status-publish","hentry"],"yoast_head":"<!-- This site is optimized with the Yoast SEO plugin v26.8 - https:\/\/yoast.com\/product\/yoast-seo-wordpress\/ -->\n<title>De d\u00f3nde venimos - Aspronis<\/title>\n<meta name=\"robots\" content=\"index, follow, max-snippet:-1, max-image-preview:large, max-video-preview:-1\" \/>\n<link rel=\"canonical\" href=\"https:\/\/www.aspronis.com\/es\/la-fundacio\/aspronis-qui-som\/de-donde-venimos\/\" \/>\n<meta property=\"og:locale\" content=\"es_ES\" \/>\n<meta property=\"og:type\" content=\"article\" \/>\n<meta property=\"og:title\" content=\"De d\u00f3nde venimos - Aspronis\" \/>\n<meta property=\"og:description\" content=\"[vc_row css_animation=\u00bb\u00bb row_type=\u00bbrow\u00bb use_row_as_full_screen_section=\u00bbno\u00bb type=\u00bbgrid\u00bb angled_section=\u00bbno\u00bb text_align=\u00bbleft\u00bb background_image_as_pattern=\u00bbwithout_pattern\u00bb z_index=\u00bb\u00bb][vc_column][vc_column_text el_class=\u00bbhome_intro\u00bb]En la Fundaci\u00f3n ASPRONIS acompa\u00f1amos a las personas y familias para que tengas mejores oportunidades de vida. Somos una fundaci\u00f3n sin \u00e1nimo de lucro que trabajamos para generar iniciativas, soportes y servicios para que las personas...\" \/>\n<meta property=\"og:url\" content=\"https:\/\/www.aspronis.com\/es\/la-fundacio\/aspronis-qui-som\/de-donde-venimos\/\" \/>\n<meta property=\"og:site_name\" content=\"Aspronis\" \/>\n<meta property=\"article:modified_time\" content=\"2022-10-24T13:31:40+00:00\" \/>\n<meta name=\"twitter:card\" content=\"summary_large_image\" \/>\n<script type=\"application\/ld+json\" class=\"yoast-schema-graph\">{\"@context\":\"https:\/\/schema.org\",\"@graph\":[{\"@type\":\"WebPage\",\"@id\":\"https:\/\/www.aspronis.com\/es\/la-fundacio\/aspronis-qui-som\/de-donde-venimos\/\",\"url\":\"https:\/\/www.aspronis.com\/es\/la-fundacio\/aspronis-qui-som\/de-donde-venimos\/\",\"name\":\"De d\u00f3nde venimos - Aspronis\",\"isPartOf\":{\"@id\":\"https:\/\/www.aspronis.com\/es\/#website\"},\"datePublished\":\"2022-07-02T18:26:02+00:00\",\"dateModified\":\"2022-10-24T13:31:40+00:00\",\"breadcrumb\":{\"@id\":\"https:\/\/www.aspronis.com\/es\/la-fundacio\/aspronis-qui-som\/de-donde-venimos\/#breadcrumb\"},\"inLanguage\":\"es\",\"potentialAction\":[{\"@type\":\"ReadAction\",\"target\":[\"https:\/\/www.aspronis.com\/es\/la-fundacio\/aspronis-qui-som\/de-donde-venimos\/\"]}]},{\"@type\":\"BreadcrumbList\",\"@id\":\"https:\/\/www.aspronis.com\/es\/la-fundacio\/aspronis-qui-som\/de-donde-venimos\/#breadcrumb\",\"itemListElement\":[{\"@type\":\"ListItem\",\"position\":1,\"name\":\"La fundaci\u00f3n\",\"item\":\"https:\/\/www.aspronis.com\/es\/la-fundacio\/\"},{\"@type\":\"ListItem\",\"position\":2,\"name\":\"Qui\u00e9nes somos\",\"item\":\"https:\/\/www.aspronis.com\/es\/la-fundacio\/aspronis-qui-som\/\"},{\"@type\":\"ListItem\",\"position\":3,\"name\":\"De d\u00f3nde venimos\"}]},{\"@type\":\"WebSite\",\"@id\":\"https:\/\/www.aspronis.com\/es\/#website\",\"url\":\"https:\/\/www.aspronis.com\/es\/\",\"name\":\"Aspronis\",\"description\":\"\",\"potentialAction\":[{\"@type\":\"SearchAction\",\"target\":{\"@type\":\"EntryPoint\",\"urlTemplate\":\"https:\/\/www.aspronis.com\/es\/?s={search_term_string}\"},\"query-input\":{\"@type\":\"PropertyValueSpecification\",\"valueRequired\":true,\"valueName\":\"search_term_string\"}}],\"inLanguage\":\"es\"}]}<\/script>\n<!-- \/ Yoast SEO plugin. -->","yoast_head_json":{"title":"De d\u00f3nde venimos - Aspronis","robots":{"index":"index","follow":"follow","max-snippet":"max-snippet:-1","max-image-preview":"max-image-preview:large","max-video-preview":"max-video-preview:-1"},"canonical":"https:\/\/www.aspronis.com\/es\/la-fundacio\/aspronis-qui-som\/de-donde-venimos\/","og_locale":"es_ES","og_type":"article","og_title":"De d\u00f3nde venimos - Aspronis","og_description":"[vc_row css_animation=\u00bb\u00bb row_type=\u00bbrow\u00bb use_row_as_full_screen_section=\u00bbno\u00bb type=\u00bbgrid\u00bb angled_section=\u00bbno\u00bb text_align=\u00bbleft\u00bb background_image_as_pattern=\u00bbwithout_pattern\u00bb z_index=\u00bb\u00bb][vc_column][vc_column_text el_class=\u00bbhome_intro\u00bb]En la Fundaci\u00f3n ASPRONIS acompa\u00f1amos a las personas y familias para que tengas mejores oportunidades de vida. Somos una fundaci\u00f3n sin \u00e1nimo de lucro que trabajamos para generar iniciativas, soportes y servicios para que las personas...","og_url":"https:\/\/www.aspronis.com\/es\/la-fundacio\/aspronis-qui-som\/de-donde-venimos\/","og_site_name":"Aspronis","article_modified_time":"2022-10-24T13:31:40+00:00","twitter_card":"summary_large_image","schema":{"@context":"https:\/\/schema.org","@graph":[{"@type":"WebPage","@id":"https:\/\/www.aspronis.com\/es\/la-fundacio\/aspronis-qui-som\/de-donde-venimos\/","url":"https:\/\/www.aspronis.com\/es\/la-fundacio\/aspronis-qui-som\/de-donde-venimos\/","name":"De d\u00f3nde venimos - Aspronis","isPartOf":{"@id":"https:\/\/www.aspronis.com\/es\/#website"},"datePublished":"2022-07-02T18:26:02+00:00","dateModified":"2022-10-24T13:31:40+00:00","breadcrumb":{"@id":"https:\/\/www.aspronis.com\/es\/la-fundacio\/aspronis-qui-som\/de-donde-venimos\/#breadcrumb"},"inLanguage":"es","potentialAction":[{"@type":"ReadAction","target":["https:\/\/www.aspronis.com\/es\/la-fundacio\/aspronis-qui-som\/de-donde-venimos\/"]}]},{"@type":"BreadcrumbList","@id":"https:\/\/www.aspronis.com\/es\/la-fundacio\/aspronis-qui-som\/de-donde-venimos\/#breadcrumb","itemListElement":[{"@type":"ListItem","position":1,"name":"La fundaci\u00f3n","item":"https:\/\/www.aspronis.com\/es\/la-fundacio\/"},{"@type":"ListItem","position":2,"name":"Qui\u00e9nes somos","item":"https:\/\/www.aspronis.com\/es\/la-fundacio\/aspronis-qui-som\/"},{"@type":"ListItem","position":3,"name":"De d\u00f3nde venimos"}]},{"@type":"WebSite","@id":"https:\/\/www.aspronis.com\/es\/#website","url":"https:\/\/www.aspronis.com\/es\/","name":"Aspronis","description":"","potentialAction":[{"@type":"SearchAction","target":{"@type":"EntryPoint","urlTemplate":"https:\/\/www.aspronis.com\/es\/?s={search_term_string}"},"query-input":{"@type":"PropertyValueSpecification","valueRequired":true,"valueName":"search_term_string"}}],"inLanguage":"es"}]}},"_links":{"self":[{"href":"https:\/\/www.aspronis.com\/es\/wp-json\/wp\/v2\/pages\/1468","targetHints":{"allow":["GET"]}}],"collection":[{"href":"https:\/\/www.aspronis.com\/es\/wp-json\/wp\/v2\/pages"}],"about":[{"href":"https:\/\/www.aspronis.com\/es\/wp-json\/wp\/v2\/types\/page"}],"author":[{"embeddable":true,"href":"https:\/\/www.aspronis.com\/es\/wp-json\/wp\/v2\/users\/1"}],"replies":[{"embeddable":true,"href":"https:\/\/www.aspronis.com\/es\/wp-json\/wp\/v2\/comments?post=1468"}],"version-history":[{"count":1,"href":"https:\/\/www.aspronis.com\/es\/wp-json\/wp\/v2\/pages\/1468\/revisions"}],"predecessor-version":[{"id":1651,"href":"https:\/\/www.aspronis.com\/es\/wp-json\/wp\/v2\/pages\/1468\/revisions\/1651"}],"up":[{"embeddable":true,"href":"https:\/\/www.aspronis.com\/es\/wp-json\/wp\/v2\/pages\/1464"}],"wp:attachment":[{"href":"https:\/\/www.aspronis.com\/es\/wp-json\/wp\/v2\/media?parent=1468"}],"curies":[{"name":"wp","href":"https:\/\/api.w.org\/{rel}","templated":true}]}}