{"id":1469,"date":"2022-07-02T21:15:18","date_gmt":"2022-07-02T19:15:18","guid":{"rendered":"https:\/\/www.aspronis.com\/la-fundacio\/aspronis-qui-som\/missio-visio-i-valors\/"},"modified":"2022-10-24T15:32:47","modified_gmt":"2022-10-24T13:32:47","slug":"mision-vision-y-valores","status":"publish","type":"page","link":"https:\/\/www.aspronis.com\/es\/la-fundacio\/aspronis-qui-som\/mision-vision-y-valores\/","title":{"rendered":"Misi\u00f3n, Visi\u00f3n y Valores"},"content":{"rendered":"<div class=\"wpb-content-wrapper\"><p>[vc_row css_animation=\u00bb\u00bb row_type=\u00bbrow\u00bb use_row_as_full_screen_section=\u00bbno\u00bb type=\u00bbgrid\u00bb angled_section=\u00bbno\u00bb text_align=\u00bbleft\u00bb background_image_as_pattern=\u00bbwithout_pattern\u00bb z_index=\u00bb\u00bb el_class=\u00bbpb0&#8243;][vc_column el_class=\u00bbmissio_box gris\u00bb][vc_column_text el_class=\u00bbsection_title small sep\u00bb]<\/p>\n<h2>Misi\u00f3n<\/h2>\n<p>[\/vc_column_text][vc_column_text]<strong>Contribuimos al desarrollo del proyecto de vida de las personas con discapacidad intelectual ya que puedan participar como ciudadanas de pleno derecho en la sociedad.<\/strong> Esta misi\u00f3n se desarrolla en la zona de la Selva y el norte del Maresme.<\/p>\n<p>ASPRONIS tiene tambi\u00e9n el compromiso de <strong>mejorar la calidad de vida de otros colectivos con necesidades de apoyo o en riesgo de exclusi\u00f3n<\/strong> mediante un conjunto de servicios.[\/vc_column_text][\/vc_column][\/vc_row][vc_row css_animation=\u00bb\u00bb row_type=\u00bbrow\u00bb use_row_as_full_screen_section=\u00bbno\u00bb type=\u00bbgrid\u00bb angled_section=\u00bbno\u00bb text_align=\u00bbleft\u00bb background_image_as_pattern=\u00bbwithout_pattern\u00bb z_index=\u00bb\u00bb el_class=\u00bbpb0 pt0&#8243;][vc_column el_class=\u00bbmissio_box rosa\u00bb][vc_column_text el_class=\u00bbsection_title small sep\u00bb]<\/p>\n<h2>Visi\u00f3n<\/h2>\n<p>[\/vc_column_text][vc_column_text]Ser una organizaci\u00f3n de econom\u00eda social de referencia en el conjunto de las comarcas en las que tenemos presencia para que todas las personas puedan gozar de plenitud de derechos y de la mayor calidad de vida, desde el desarrollo continuo de sus capacidades y de su autonom\u00eda. Tenemos la voluntad de proporcionar servicios adecuados a las necesidades de las personas en las diferentes etapas de la vida, procurar los soportes que mejoren la autogesti\u00f3n y considerar a la persona, protagonista de todas las acciones.<\/p>\n<p>&#8211; Nuestro compromiso prioritario se dirige:<\/p>\n<p>&#8211; En la infancia con necesidades de apoyo para su desarrollo<\/p>\n<p>&#8211; A las personas con discapacidad intelectual (desde la infancia y hasta las \u00faltimas etapas de la vida)<\/p>\n<p>&#8211; As\u00ed como a sus familias Tambi\u00e9n ofrecer oportunidades de integraci\u00f3n y trabajo a otras personas con diversidad funcional o en riesgo de exclusi\u00f3n social.<\/p>\n<p>&#8211; Nuestro compromiso prioritario se dirige:<\/p>\n<p>&#8211; En la infancia con necesidades de apoyo para su desarrollo<\/p>\n<p>&#8211; A las personas con discapacidad intelectual (desde la infancia y hasta las \u00faltimas etapas de la vida)<\/p>\n<p>&#8211; As\u00ed como a sus familias Tambi\u00e9n ofrecer oportunidades de integraci\u00f3n y trabajo a otras personas con diversidad funcional o en riesgo de exclusi\u00f3n social. en la sociedad. Esta misi\u00f3n se desarrolla en la zona de la Selva y el norte del Maresme.<\/p>\n<p>ASPRONIS tiene tambi\u00e9n el compromiso de <strong>mejorar la calidad de vida de otros colectivos con necesidades de apoyo o en riesgo de exclusi\u00f3n<\/strong> mediante un conjunto de servicios.[\/vc_column_text][\/vc_column][\/vc_row][vc_row css_animation=\u00bb\u00bb row_type=\u00bbrow\u00bb use_row_as_full_screen_section=\u00bbno\u00bb type=\u00bbgrid\u00bb angled_section=\u00bbno\u00bb text_align=\u00bbleft\u00bb background_image_as_pattern=\u00bbwithout_pattern\u00bb z_index=\u00bb\u00bb el_class=\u00bbpt0&#8243;][vc_column el_class=\u00bbmissio_box gris\u00bb][vc_column_text el_class=\u00bbsection_title small sep\u00bb]<\/p>\n<h2>Valores<\/h2>\n<p>[\/vc_column_text][vc_column_text]Comprometidos con la <strong>dignidad de las personas<\/strong> y el respeto a su <strong>diversidad<\/strong>, as\u00ed como con la promoci\u00f3n de las condiciones de <strong>igualdad de oportunidades y de los derechos, <\/strong> velamos por la incorporaci\u00f3n de los siguientes principios en todas nuestras actuaciones:<\/p>\n<p>&nbsp;<\/p>\n<p><u>Respeto a las personas:<\/u><\/p>\n<p>&#8211; <strong>Autonom\u00eda e independencia individual<\/strong>, incluida la libertad de tomar las propias decisiones por parte de toda persona.<\/p>\n<p>&#8211; <strong>Participaci\u00f3n e inclusi\u00f3n<\/strong> llenas y efectivas en la sociedad, as\u00ed como en la propia organizaci\u00f3n.<\/p>\n<p>&#8211; <strong>Accesibilidad<\/strong> en el entorno f\u00edsico, social, econ\u00f3mico y cultural, en la salud y la educaci\u00f3n, y en la informaci\u00f3n y las comunicaciones, tanto en el interno de la entidad como en el entorno .<\/p>\n<p>&nbsp;<\/p>\n<p><u>Respeto a nuestra organizaci\u00f3n:<\/u><\/p>\n<p>&#8211; <strong>Calidad y excelencia en los servicios<\/strong>, creyendo en la persona como miembro activo y central de la organizaci\u00f3n, teni\u00e9ndola en cuenta e integrando sus deseos y expectativas en la planificaci\u00f3n y en la prestaci\u00f3n de sus soportes para mejorar su calidad de vida.<\/p>\n<p>&#8211; <strong>Transparencia en la gesti\u00f3n<\/strong>, con la ausencia del af\u00e1n de lucro y la transparencia como criterio de funcionamiento econ\u00f3mico, de acuerdo con los principios de solidaridad, honestidad y sostenibilidad.[\/vc_column_text][\/vc_column][\/vc_row][vc_row css_animation=\u00bb\u00bb row_type=\u00bbrow\u00bb use_row_as_full_screen_section=\u00bbno\u00bb type=\u00bbfull_width\u00bb angled_section=\u00bbno\u00bb text_align=\u00bbleft\u00bb background_image_as_pattern=\u00bbwithout_pattern\u00bb el_class=\u00bbnewsletter_section_wrapper\u00bb z_index=\u00bb\u00bb][vc_column][vc_widget_sidebar sidebar_id=\u00bbnewsletter\u00bb][\/vc_column][\/vc_row]<\/p>\n<\/div>","protected":false},"excerpt":{"rendered":"<p>[vc_row css_animation=\u00bb\u00bb row_type=\u00bbrow\u00bb use_row_as_full_screen_section=\u00bbno\u00bb type=\u00bbgrid\u00bb angled_section=\u00bbno\u00bb text_align=\u00bbleft\u00bb background_image_as_pattern=\u00bbwithout_pattern\u00bb z_index=\u00bb\u00bb el_class=\u00bbpb0&#8243;][vc_column el_class=\u00bbmissio_box gris\u00bb][vc_column_text el_class=\u00bbsection_title small sep\u00bb] Misi\u00f3n [\/vc_column_text][vc_column_text]Contribuimos al desarrollo del proyecto de vida de las personas con discapacidad intelectual ya que puedan participar como ciudadanas de pleno derecho en la sociedad. Esta misi\u00f3n se desarrolla&#8230;<\/p>\n","protected":false},"author":1,"featured_media":0,"parent":1464,"menu_order":0,"comment_status":"closed","ping_status":"closed","template":"full_width.php","meta":{"footnotes":""},"class_list":["post-1469","page","type-page","status-publish","hentry"],"yoast_head":"<!-- This site is optimized with the Yoast SEO plugin v27.5 - https:\/\/yoast.com\/product\/yoast-seo-wordpress\/ -->\n<title>Misi\u00f3n, Visi\u00f3n y Valores - Aspronis<\/title>\n<meta name=\"robots\" content=\"index, follow, max-snippet:-1, max-image-preview:large, max-video-preview:-1\" \/>\n<link rel=\"canonical\" href=\"https:\/\/www.aspronis.com\/es\/la-fundacio\/aspronis-qui-som\/mision-vision-y-valores\/\" \/>\n<meta property=\"og:locale\" content=\"es_ES\" \/>\n<meta property=\"og:type\" content=\"article\" \/>\n<meta property=\"og:title\" content=\"Misi\u00f3n, Visi\u00f3n y Valores - Aspronis\" \/>\n<meta property=\"og:description\" content=\"[vc_row css_animation=\u00bb\u00bb row_type=\u00bbrow\u00bb use_row_as_full_screen_section=\u00bbno\u00bb type=\u00bbgrid\u00bb angled_section=\u00bbno\u00bb text_align=\u00bbleft\u00bb background_image_as_pattern=\u00bbwithout_pattern\u00bb z_index=\u00bb\u00bb el_class=\u00bbpb0&#8243;][vc_column el_class=\u00bbmissio_box gris\u00bb][vc_column_text el_class=\u00bbsection_title small sep\u00bb] Misi\u00f3n [\/vc_column_text][vc_column_text]Contribuimos al desarrollo del proyecto de vida de las personas con discapacidad intelectual ya que puedan participar como ciudadanas de pleno derecho en la sociedad. Esta misi\u00f3n se desarrolla...\" \/>\n<meta property=\"og:url\" content=\"https:\/\/www.aspronis.com\/es\/la-fundacio\/aspronis-qui-som\/mision-vision-y-valores\/\" \/>\n<meta property=\"og:site_name\" content=\"Aspronis\" \/>\n<meta property=\"article:modified_time\" content=\"2022-10-24T13:32:47+00:00\" \/>\n<meta name=\"twitter:card\" content=\"summary_large_image\" \/>\n<meta name=\"twitter:label1\" content=\"Tiempo de lectura\" \/>\n\t<meta name=\"twitter:data1\" content=\"4 minutos\" \/>\n<script type=\"application\/ld+json\" class=\"yoast-schema-graph\">{\"@context\":\"https:\\\/\\\/schema.org\",\"@graph\":[{\"@type\":\"WebPage\",\"@id\":\"https:\\\/\\\/www.aspronis.com\\\/es\\\/la-fundacio\\\/aspronis-qui-som\\\/mision-vision-y-valores\\\/\",\"url\":\"https:\\\/\\\/www.aspronis.com\\\/es\\\/la-fundacio\\\/aspronis-qui-som\\\/mision-vision-y-valores\\\/\",\"name\":\"Misi\u00f3n, Visi\u00f3n y Valores - Aspronis\",\"isPartOf\":{\"@id\":\"https:\\\/\\\/www.aspronis.com\\\/es\\\/#website\"},\"datePublished\":\"2022-07-02T19:15:18+00:00\",\"dateModified\":\"2022-10-24T13:32:47+00:00\",\"breadcrumb\":{\"@id\":\"https:\\\/\\\/www.aspronis.com\\\/es\\\/la-fundacio\\\/aspronis-qui-som\\\/mision-vision-y-valores\\\/#breadcrumb\"},\"inLanguage\":\"es\",\"potentialAction\":[{\"@type\":\"ReadAction\",\"target\":[\"https:\\\/\\\/www.aspronis.com\\\/es\\\/la-fundacio\\\/aspronis-qui-som\\\/mision-vision-y-valores\\\/\"]}]},{\"@type\":\"BreadcrumbList\",\"@id\":\"https:\\\/\\\/www.aspronis.com\\\/es\\\/la-fundacio\\\/aspronis-qui-som\\\/mision-vision-y-valores\\\/#breadcrumb\",\"itemListElement\":[{\"@type\":\"ListItem\",\"position\":1,\"name\":\"La fundaci\u00f3n\",\"item\":\"https:\\\/\\\/www.aspronis.com\\\/es\\\/la-fundacio\\\/\"},{\"@type\":\"ListItem\",\"position\":2,\"name\":\"Qui\u00e9nes somos\",\"item\":\"https:\\\/\\\/www.aspronis.com\\\/es\\\/la-fundacio\\\/aspronis-qui-som\\\/\"},{\"@type\":\"ListItem\",\"position\":3,\"name\":\"Misi\u00f3n, Visi\u00f3n y Valores\"}]},{\"@type\":\"WebSite\",\"@id\":\"https:\\\/\\\/www.aspronis.com\\\/es\\\/#website\",\"url\":\"https:\\\/\\\/www.aspronis.com\\\/es\\\/\",\"name\":\"Aspronis\",\"description\":\"\",\"potentialAction\":[{\"@type\":\"SearchAction\",\"target\":{\"@type\":\"EntryPoint\",\"urlTemplate\":\"https:\\\/\\\/www.aspronis.com\\\/es\\\/?s={search_term_string}\"},\"query-input\":{\"@type\":\"PropertyValueSpecification\",\"valueRequired\":true,\"valueName\":\"search_term_string\"}}],\"inLanguage\":\"es\"}]}<\/script>\n<!-- \/ Yoast SEO plugin. -->","yoast_head_json":{"title":"Misi\u00f3n, Visi\u00f3n y Valores - Aspronis","robots":{"index":"index","follow":"follow","max-snippet":"max-snippet:-1","max-image-preview":"max-image-preview:large","max-video-preview":"max-video-preview:-1"},"canonical":"https:\/\/www.aspronis.com\/es\/la-fundacio\/aspronis-qui-som\/mision-vision-y-valores\/","og_locale":"es_ES","og_type":"article","og_title":"Misi\u00f3n, Visi\u00f3n y Valores - Aspronis","og_description":"[vc_row css_animation=\u00bb\u00bb row_type=\u00bbrow\u00bb use_row_as_full_screen_section=\u00bbno\u00bb type=\u00bbgrid\u00bb angled_section=\u00bbno\u00bb text_align=\u00bbleft\u00bb background_image_as_pattern=\u00bbwithout_pattern\u00bb z_index=\u00bb\u00bb el_class=\u00bbpb0&#8243;][vc_column el_class=\u00bbmissio_box gris\u00bb][vc_column_text el_class=\u00bbsection_title small sep\u00bb] Misi\u00f3n [\/vc_column_text][vc_column_text]Contribuimos al desarrollo del proyecto de vida de las personas con discapacidad intelectual ya que puedan participar como ciudadanas de pleno derecho en la sociedad. Esta misi\u00f3n se desarrolla...","og_url":"https:\/\/www.aspronis.com\/es\/la-fundacio\/aspronis-qui-som\/mision-vision-y-valores\/","og_site_name":"Aspronis","article_modified_time":"2022-10-24T13:32:47+00:00","twitter_card":"summary_large_image","twitter_misc":{"Tiempo de lectura":"4 minutos"},"schema":{"@context":"https:\/\/schema.org","@graph":[{"@type":"WebPage","@id":"https:\/\/www.aspronis.com\/es\/la-fundacio\/aspronis-qui-som\/mision-vision-y-valores\/","url":"https:\/\/www.aspronis.com\/es\/la-fundacio\/aspronis-qui-som\/mision-vision-y-valores\/","name":"Misi\u00f3n, Visi\u00f3n y Valores - Aspronis","isPartOf":{"@id":"https:\/\/www.aspronis.com\/es\/#website"},"datePublished":"2022-07-02T19:15:18+00:00","dateModified":"2022-10-24T13:32:47+00:00","breadcrumb":{"@id":"https:\/\/www.aspronis.com\/es\/la-fundacio\/aspronis-qui-som\/mision-vision-y-valores\/#breadcrumb"},"inLanguage":"es","potentialAction":[{"@type":"ReadAction","target":["https:\/\/www.aspronis.com\/es\/la-fundacio\/aspronis-qui-som\/mision-vision-y-valores\/"]}]},{"@type":"BreadcrumbList","@id":"https:\/\/www.aspronis.com\/es\/la-fundacio\/aspronis-qui-som\/mision-vision-y-valores\/#breadcrumb","itemListElement":[{"@type":"ListItem","position":1,"name":"La fundaci\u00f3n","item":"https:\/\/www.aspronis.com\/es\/la-fundacio\/"},{"@type":"ListItem","position":2,"name":"Qui\u00e9nes somos","item":"https:\/\/www.aspronis.com\/es\/la-fundacio\/aspronis-qui-som\/"},{"@type":"ListItem","position":3,"name":"Misi\u00f3n, Visi\u00f3n y Valores"}]},{"@type":"WebSite","@id":"https:\/\/www.aspronis.com\/es\/#website","url":"https:\/\/www.aspronis.com\/es\/","name":"Aspronis","description":"","potentialAction":[{"@type":"SearchAction","target":{"@type":"EntryPoint","urlTemplate":"https:\/\/www.aspronis.com\/es\/?s={search_term_string}"},"query-input":{"@type":"PropertyValueSpecification","valueRequired":true,"valueName":"search_term_string"}}],"inLanguage":"es"}]}},"_links":{"self":[{"href":"https:\/\/www.aspronis.com\/es\/wp-json\/wp\/v2\/pages\/1469","targetHints":{"allow":["GET"]}}],"collection":[{"href":"https:\/\/www.aspronis.com\/es\/wp-json\/wp\/v2\/pages"}],"about":[{"href":"https:\/\/www.aspronis.com\/es\/wp-json\/wp\/v2\/types\/page"}],"author":[{"embeddable":true,"href":"https:\/\/www.aspronis.com\/es\/wp-json\/wp\/v2\/users\/1"}],"replies":[{"embeddable":true,"href":"https:\/\/www.aspronis.com\/es\/wp-json\/wp\/v2\/comments?post=1469"}],"version-history":[{"count":2,"href":"https:\/\/www.aspronis.com\/es\/wp-json\/wp\/v2\/pages\/1469\/revisions"}],"predecessor-version":[{"id":1653,"href":"https:\/\/www.aspronis.com\/es\/wp-json\/wp\/v2\/pages\/1469\/revisions\/1653"}],"up":[{"embeddable":true,"href":"https:\/\/www.aspronis.com\/es\/wp-json\/wp\/v2\/pages\/1464"}],"wp:attachment":[{"href":"https:\/\/www.aspronis.com\/es\/wp-json\/wp\/v2\/media?parent=1469"}],"curies":[{"name":"wp","href":"https:\/\/api.w.org\/{rel}","templated":true}]}}