{"id":1472,"date":"2022-07-03T09:42:08","date_gmt":"2022-07-03T07:42:08","guid":{"rendered":"https:\/\/www.aspronis.com\/la-fundacio\/aspronis-qui-som\/politica-de-qualitat\/"},"modified":"2025-03-11T19:47:58","modified_gmt":"2025-03-11T18:47:58","slug":"politica-de-calidad","status":"publish","type":"page","link":"https:\/\/www.aspronis.com\/es\/la-fundacio\/aspronis-qui-som\/politica-de-calidad\/","title":{"rendered":"Pol\u00edtica de calidad"},"content":{"rendered":"<div class=\"wpb-content-wrapper\"><p>[vc_row css_animation=\u00bb\u00bb row_type=\u00bbrow\u00bb use_row_as_full_screen_section=\u00bbno\u00bb type=\u00bbgrid\u00bb angled_section=\u00bbno\u00bb text_align=\u00bbleft\u00bb background_image_as_pattern=\u00bbwithout_pattern\u00bb z_index=\u00bb\u00bb][vc_column width=\u00bb2\/3&#8243;][vc_column_text el_class=\u00bbsection_title small sep\u00bb]<\/p>\n<h2>Pol\u00edtica de calidad<\/h2>\n<p>[\/vc_column_text][vc_column_text]Siguiendo la gu\u00eda principal de la Fundaci\u00f3n, el C\u00f3digo \u00c9tico, con la Misi\u00f3n Visi\u00f3n y Valores all\u00ed expresados, y liderada por el Patronato y la Direcci\u00f3n, la Fundaci\u00f3n Privada ASPRONIS manifiesta su compromiso por la excelencia y mejora continua de sus procesos y actividades con los siguientes principios fundamentales:<\/p>\n<p>[\/vc_column_text][vc_separator type=\u00bbtransparent\u00bb up=\u00bb20&#8243;][vc_column_text css=\u00bb\u00bb el_class=\u00bbul_nice\u00bb]<\/p>\n<ul>\n<li>La <strong>satisfacci\u00f3n de los grupos de inter\u00e9s<\/strong> de nuestras actividades. Con servicios que se adapten a sus necesidades, presentes y futuras.<\/li>\n<li>El<strong> cumplimiento de los requerimientos legales y reglamentarios<\/strong> que aplicamos a los servicios de la Fundaci\u00f3n, as\u00ed como del <strong>c\u00f3digo \u00e9tico propio<\/strong> que aplicamos, difundimos y pedimos compromiso con sus principios a todos los grupos de inter\u00e9s.<\/li>\n<li>La <strong>mejora continua<\/strong> en la gesti\u00f3n de nuestras actividades, tanto internas como externas, midiendo su impacto para tomar las medidas de mejora adecuadas.<\/li>\n<li>La <strong>difusi\u00f3n de nuestros compromisos en la sociedad y en nuestra organizaci\u00f3n<\/strong> promoviendo la formaci\u00f3n de la plantilla, apoder\u00e1ndola, como transmisora \u200b\u200bde nuestros valores. La <strong>informaci\u00f3n<\/strong> que transmitimos debe ser<strong> transparente y comprensible.<\/strong><\/li>\n<li>La <strong>gesti\u00f3n de los recursos<\/strong> de forma sostenible.\n<ul>\n<li>\n<h4><a href=\"https:\/\/www.aspronis.com\/wp-content\/uploads\/2024\/01\/POLITICA-AMBIENTAL_webesp.pdf\" target=\"_blank\" rel=\"noopener\"><strong>Documento de pol\u00edtica ambiental<\/strong><\/a><strong>.<\/strong><\/h4>\n<\/li>\n<\/ul>\n<\/li>\n<li>El <strong>compromiso de la Direcci\u00f3n<\/strong> por hacer posibles la estrategia y pol\u00edticas definidas<\/li>\n<\/ul>\n<p>[\/vc_column_text][\/vc_column][vc_column width=\u00bb1\/3&#8243;][vc_single_image image=\u00bb214&#8243; img_size=\u00bbfull\u00bb qode_css_animation=\u00bb\u00bb][\/vc_column][\/vc_row][vc_row css_animation=\u00bb\u00bb row_type=\u00bbrow\u00bb use_row_as_full_screen_section=\u00bbno\u00bb type=\u00bbfull_width\u00bb angled_section=\u00bbno\u00bb text_align=\u00bbleft\u00bb background_image_as_pattern=\u00bbwithout_pattern\u00bb el_class=\u00bbnewsletter_section_wrapper\u00bb z_index=\u00bb\u00bb][vc_column][vc_widget_sidebar sidebar_id=\u00bbnewsletter\u00bb][\/vc_column][\/vc_row]<\/p>\n<\/div>","protected":false},"excerpt":{"rendered":"<p>[vc_row css_animation=\u00bb\u00bb row_type=\u00bbrow\u00bb use_row_as_full_screen_section=\u00bbno\u00bb type=\u00bbgrid\u00bb angled_section=\u00bbno\u00bb text_align=\u00bbleft\u00bb background_image_as_pattern=\u00bbwithout_pattern\u00bb z_index=\u00bb\u00bb][vc_column width=\u00bb2\/3&#8243;][vc_column_text el_class=\u00bbsection_title small sep\u00bb] Pol\u00edtica de calidad [\/vc_column_text][vc_column_text]Siguiendo la gu\u00eda principal de la Fundaci\u00f3n, el C\u00f3digo \u00c9tico, con la Misi\u00f3n Visi\u00f3n y Valores all\u00ed expresados, y liderada por el Patronato y la Direcci\u00f3n, la Fundaci\u00f3n Privada&#8230;<\/p>\n","protected":false},"author":1,"featured_media":0,"parent":1464,"menu_order":0,"comment_status":"closed","ping_status":"closed","template":"full_width.php","meta":{"footnotes":""},"class_list":["post-1472","page","type-page","status-publish","hentry"],"yoast_head":"<!-- This site is optimized with the Yoast SEO plugin v27.5 - https:\/\/yoast.com\/product\/yoast-seo-wordpress\/ -->\n<title>Pol\u00edtica de calidad - Aspronis<\/title>\n<meta name=\"robots\" content=\"index, follow, max-snippet:-1, max-image-preview:large, max-video-preview:-1\" \/>\n<link rel=\"canonical\" href=\"https:\/\/www.aspronis.com\/es\/la-fundacio\/aspronis-qui-som\/politica-de-calidad\/\" \/>\n<meta property=\"og:locale\" content=\"es_ES\" \/>\n<meta property=\"og:type\" content=\"article\" \/>\n<meta property=\"og:title\" content=\"Pol\u00edtica de calidad - Aspronis\" \/>\n<meta property=\"og:description\" content=\"[vc_row css_animation=\u00bb\u00bb row_type=\u00bbrow\u00bb use_row_as_full_screen_section=\u00bbno\u00bb type=\u00bbgrid\u00bb angled_section=\u00bbno\u00bb text_align=\u00bbleft\u00bb background_image_as_pattern=\u00bbwithout_pattern\u00bb z_index=\u00bb\u00bb][vc_column width=\u00bb2\/3&#8243;][vc_column_text el_class=\u00bbsection_title small sep\u00bb] Pol\u00edtica de calidad [\/vc_column_text][vc_column_text]Siguiendo la gu\u00eda principal de la Fundaci\u00f3n, el C\u00f3digo \u00c9tico, con la Misi\u00f3n Visi\u00f3n y Valores all\u00ed expresados, y liderada por el Patronato y la Direcci\u00f3n, la Fundaci\u00f3n Privada...\" \/>\n<meta property=\"og:url\" content=\"https:\/\/www.aspronis.com\/es\/la-fundacio\/aspronis-qui-som\/politica-de-calidad\/\" \/>\n<meta property=\"og:site_name\" content=\"Aspronis\" \/>\n<meta property=\"article:modified_time\" content=\"2025-03-11T18:47:58+00:00\" \/>\n<meta name=\"twitter:card\" content=\"summary_large_image\" \/>\n<meta name=\"twitter:label1\" content=\"Tiempo de lectura\" \/>\n\t<meta name=\"twitter:data1\" content=\"2 minutos\" \/>\n<script type=\"application\/ld+json\" class=\"yoast-schema-graph\">{\"@context\":\"https:\\\/\\\/schema.org\",\"@graph\":[{\"@type\":\"WebPage\",\"@id\":\"https:\\\/\\\/www.aspronis.com\\\/es\\\/la-fundacio\\\/aspronis-qui-som\\\/politica-de-calidad\\\/\",\"url\":\"https:\\\/\\\/www.aspronis.com\\\/es\\\/la-fundacio\\\/aspronis-qui-som\\\/politica-de-calidad\\\/\",\"name\":\"Pol\u00edtica de calidad - Aspronis\",\"isPartOf\":{\"@id\":\"https:\\\/\\\/www.aspronis.com\\\/es\\\/#website\"},\"datePublished\":\"2022-07-03T07:42:08+00:00\",\"dateModified\":\"2025-03-11T18:47:58+00:00\",\"breadcrumb\":{\"@id\":\"https:\\\/\\\/www.aspronis.com\\\/es\\\/la-fundacio\\\/aspronis-qui-som\\\/politica-de-calidad\\\/#breadcrumb\"},\"inLanguage\":\"es\",\"potentialAction\":[{\"@type\":\"ReadAction\",\"target\":[\"https:\\\/\\\/www.aspronis.com\\\/es\\\/la-fundacio\\\/aspronis-qui-som\\\/politica-de-calidad\\\/\"]}]},{\"@type\":\"BreadcrumbList\",\"@id\":\"https:\\\/\\\/www.aspronis.com\\\/es\\\/la-fundacio\\\/aspronis-qui-som\\\/politica-de-calidad\\\/#breadcrumb\",\"itemListElement\":[{\"@type\":\"ListItem\",\"position\":1,\"name\":\"La fundaci\u00f3n\",\"item\":\"https:\\\/\\\/www.aspronis.com\\\/es\\\/la-fundacio\\\/\"},{\"@type\":\"ListItem\",\"position\":2,\"name\":\"Qui\u00e9nes somos\",\"item\":\"https:\\\/\\\/www.aspronis.com\\\/es\\\/la-fundacio\\\/aspronis-qui-som\\\/\"},{\"@type\":\"ListItem\",\"position\":3,\"name\":\"Pol\u00edtica de calidad\"}]},{\"@type\":\"WebSite\",\"@id\":\"https:\\\/\\\/www.aspronis.com\\\/es\\\/#website\",\"url\":\"https:\\\/\\\/www.aspronis.com\\\/es\\\/\",\"name\":\"Aspronis\",\"description\":\"\",\"potentialAction\":[{\"@type\":\"SearchAction\",\"target\":{\"@type\":\"EntryPoint\",\"urlTemplate\":\"https:\\\/\\\/www.aspronis.com\\\/es\\\/?s={search_term_string}\"},\"query-input\":{\"@type\":\"PropertyValueSpecification\",\"valueRequired\":true,\"valueName\":\"search_term_string\"}}],\"inLanguage\":\"es\"}]}<\/script>\n<!-- \/ Yoast SEO plugin. -->","yoast_head_json":{"title":"Pol\u00edtica de calidad - Aspronis","robots":{"index":"index","follow":"follow","max-snippet":"max-snippet:-1","max-image-preview":"max-image-preview:large","max-video-preview":"max-video-preview:-1"},"canonical":"https:\/\/www.aspronis.com\/es\/la-fundacio\/aspronis-qui-som\/politica-de-calidad\/","og_locale":"es_ES","og_type":"article","og_title":"Pol\u00edtica de calidad - Aspronis","og_description":"[vc_row css_animation=\u00bb\u00bb row_type=\u00bbrow\u00bb use_row_as_full_screen_section=\u00bbno\u00bb type=\u00bbgrid\u00bb angled_section=\u00bbno\u00bb text_align=\u00bbleft\u00bb background_image_as_pattern=\u00bbwithout_pattern\u00bb z_index=\u00bb\u00bb][vc_column width=\u00bb2\/3&#8243;][vc_column_text el_class=\u00bbsection_title small sep\u00bb] Pol\u00edtica de calidad [\/vc_column_text][vc_column_text]Siguiendo la gu\u00eda principal de la Fundaci\u00f3n, el C\u00f3digo \u00c9tico, con la Misi\u00f3n Visi\u00f3n y Valores all\u00ed expresados, y liderada por el Patronato y la Direcci\u00f3n, la Fundaci\u00f3n Privada...","og_url":"https:\/\/www.aspronis.com\/es\/la-fundacio\/aspronis-qui-som\/politica-de-calidad\/","og_site_name":"Aspronis","article_modified_time":"2025-03-11T18:47:58+00:00","twitter_card":"summary_large_image","twitter_misc":{"Tiempo de lectura":"2 minutos"},"schema":{"@context":"https:\/\/schema.org","@graph":[{"@type":"WebPage","@id":"https:\/\/www.aspronis.com\/es\/la-fundacio\/aspronis-qui-som\/politica-de-calidad\/","url":"https:\/\/www.aspronis.com\/es\/la-fundacio\/aspronis-qui-som\/politica-de-calidad\/","name":"Pol\u00edtica de calidad - Aspronis","isPartOf":{"@id":"https:\/\/www.aspronis.com\/es\/#website"},"datePublished":"2022-07-03T07:42:08+00:00","dateModified":"2025-03-11T18:47:58+00:00","breadcrumb":{"@id":"https:\/\/www.aspronis.com\/es\/la-fundacio\/aspronis-qui-som\/politica-de-calidad\/#breadcrumb"},"inLanguage":"es","potentialAction":[{"@type":"ReadAction","target":["https:\/\/www.aspronis.com\/es\/la-fundacio\/aspronis-qui-som\/politica-de-calidad\/"]}]},{"@type":"BreadcrumbList","@id":"https:\/\/www.aspronis.com\/es\/la-fundacio\/aspronis-qui-som\/politica-de-calidad\/#breadcrumb","itemListElement":[{"@type":"ListItem","position":1,"name":"La fundaci\u00f3n","item":"https:\/\/www.aspronis.com\/es\/la-fundacio\/"},{"@type":"ListItem","position":2,"name":"Qui\u00e9nes somos","item":"https:\/\/www.aspronis.com\/es\/la-fundacio\/aspronis-qui-som\/"},{"@type":"ListItem","position":3,"name":"Pol\u00edtica de calidad"}]},{"@type":"WebSite","@id":"https:\/\/www.aspronis.com\/es\/#website","url":"https:\/\/www.aspronis.com\/es\/","name":"Aspronis","description":"","potentialAction":[{"@type":"SearchAction","target":{"@type":"EntryPoint","urlTemplate":"https:\/\/www.aspronis.com\/es\/?s={search_term_string}"},"query-input":{"@type":"PropertyValueSpecification","valueRequired":true,"valueName":"search_term_string"}}],"inLanguage":"es"}]}},"_links":{"self":[{"href":"https:\/\/www.aspronis.com\/es\/wp-json\/wp\/v2\/pages\/1472","targetHints":{"allow":["GET"]}}],"collection":[{"href":"https:\/\/www.aspronis.com\/es\/wp-json\/wp\/v2\/pages"}],"about":[{"href":"https:\/\/www.aspronis.com\/es\/wp-json\/wp\/v2\/types\/page"}],"author":[{"embeddable":true,"href":"https:\/\/www.aspronis.com\/es\/wp-json\/wp\/v2\/users\/1"}],"replies":[{"embeddable":true,"href":"https:\/\/www.aspronis.com\/es\/wp-json\/wp\/v2\/comments?post=1472"}],"version-history":[{"count":5,"href":"https:\/\/www.aspronis.com\/es\/wp-json\/wp\/v2\/pages\/1472\/revisions"}],"predecessor-version":[{"id":3104,"href":"https:\/\/www.aspronis.com\/es\/wp-json\/wp\/v2\/pages\/1472\/revisions\/3104"}],"up":[{"embeddable":true,"href":"https:\/\/www.aspronis.com\/es\/wp-json\/wp\/v2\/pages\/1464"}],"wp:attachment":[{"href":"https:\/\/www.aspronis.com\/es\/wp-json\/wp\/v2\/media?parent=1472"}],"curies":[{"name":"wp","href":"https:\/\/api.w.org\/{rel}","templated":true}]}}