{"id":1474,"date":"2022-07-04T17:36:05","date_gmt":"2022-07-04T15:36:05","guid":{"rendered":"https:\/\/www.aspronis.com\/la-fundacio\/transparencia\/"},"modified":"2025-10-22T13:33:57","modified_gmt":"2025-10-22T11:33:57","slug":"transparencia","status":"publish","type":"page","link":"https:\/\/www.aspronis.com\/es\/la-fundacio\/transparencia\/","title":{"rendered":"Transparencia"},"content":{"rendered":"<div class=\"wpb-content-wrapper\"><p>[vc_row css_animation=\u00bb\u00bb row_type=\u00bbrow\u00bb use_row_as_full_screen_section=\u00bbno\u00bb type=\u00bbgrid\u00bb angled_section=\u00bbno\u00bb text_align=\u00bbleft\u00bb background_image_as_pattern=\u00bbwithout_pattern\u00bb z_index=\u00bb\u00bb][vc_column][vc_column_text el_class=\u00bbsection_title small sep\u00bb]<\/p>\n<h2>Transparencia<\/h2>\n<p>[\/vc_column_text][vc_column_text]Fundaci\u00f3n Privada ASPRONIS, en cumplimiento de la Ley 19\/2014, de 9 de diciembre, de transparencia, acceso a la informaci\u00f3n p\u00fablica y buen gobierno, y con el compromiso por la calidad en la gesti\u00f3n y la responsabilidad social, hacemos p\u00fablicas estas informaciones:[\/vc_column_text][vc_separator type=\u00bbtransparent\u00bb up=\u00bb10&#8243;][vc_column_text el_class=\u00bbsection_title small sep\u00bb]<strong>Informaci\u00f3n institucional<br \/>\n<\/strong>[\/vc_column_text]<div class=\"qode-accordion-holder clearfix qode-toggle qode-initial \">\n\t<h4 class=\"clearfix qode-title-holder\">\n<span class=\"qode-tab-title\">\n\t    <span class=\"qode-tab-title-inner\">\n        Misi\u00f3n    <\/span>\n<\/span>\n<span class=\"qode-accordion-mark\">\n    <span class=\"qode-accordion-mark-icon\">\n        <span class=\"icon_plus\"><\/span>\n        <span class=\"icon_minus-06\"><\/span>\n    <\/span>\n<\/span>\n<\/h4>\n<div  class=\"qode-accordion-content \" >\n    <div class=\"qode-accordion-content-inner\">\n        [vc_column_text]Contribuimos al desarrollo del proyecto de vida de las personas con discapacidad intelectual ya que puedan participar como ciudadanas de pleno derecho en la sociedad. Esta misi\u00f3n se desarrolla en la zona de la Selva y el norte del Maresme. ASPRONIS tiene tambi\u00e9n el compromiso de mejorar la calidad de vida de otros colectivos con necesidades de soporte o en riesgo de exclusi\u00f3n mediante un conjunto de servicios.[\/vc_column_text]    <\/div>\n<\/div><h4 class=\"clearfix qode-title-holder\">\n<span class=\"qode-tab-title\">\n\t    <span class=\"qode-tab-title-inner\">\n        Memoria de actividades 2024    <\/span>\n<\/span>\n<span class=\"qode-accordion-mark\">\n    <span class=\"qode-accordion-mark-icon\">\n        <span class=\"icon_plus\"><\/span>\n        <span class=\"icon_minus-06\"><\/span>\n    <\/span>\n<\/span>\n<\/h4>\n<div  class=\"qode-accordion-content \" >\n    <div class=\"qode-accordion-content-inner\">\n        [vc_column_text css=\u00bb\u00bb]<a href=\"https:\/\/www.aspronis.com\/wp-content\/uploads\/2025\/10\/Balanc-Social-2024-per-pagines_FINAL.pdf\" target=\"_blank\" rel=\"noopener\">Descargar memoria<\/a>[\/vc_column_text]    <\/div>\n<\/div><h4 class=\"clearfix qode-title-holder\">\n<span class=\"qode-tab-title\">\n\t    <span class=\"qode-tab-title-inner\">\n        Estatutos y registro de la entidad    <\/span>\n<\/span>\n<span class=\"qode-accordion-mark\">\n    <span class=\"qode-accordion-mark-icon\">\n        <span class=\"icon_plus\"><\/span>\n        <span class=\"icon_minus-06\"><\/span>\n    <\/span>\n<\/span>\n<\/h4>\n<div  class=\"qode-accordion-content \" >\n    <div class=\"qode-accordion-content-inner\">\n        [vc_column_text css=\u00bb\u00bb]<\/p>\n<div class=\"su-spoiler su-spoiler-style-default su-spoiler-icon-arrow\" data-anchor=\"Accordion-3\" data-scroll-offset=\"0\">\n<div class=\"su-spoiler-content su-u-clearfix su-u-trim\">N\u00fam. de registro 603, con fecha de inscripci\u00f3n 31 de julio de 1992.<\/div>\n<div class=\"su-spoiler-content su-u-clearfix su-u-trim\"><a href=\"https:\/\/www.aspronis.com\/wp-content\/uploads\/2025\/01\/Estatuts2023_RegistreJusticia.pdf\">Estatutos 2023_RegistroJusticia<\/a><\/div>\n<\/div>\n<p>[\/vc_column_text]    <\/div>\n<\/div><h4 class=\"clearfix qode-title-holder\">\n<span class=\"qode-tab-title\">\n\t    <span class=\"qode-tab-title-inner\">\n        Composici\u00f3n de los \u00f3rganos de gobierno    <\/span>\n<\/span>\n<span class=\"qode-accordion-mark\">\n    <span class=\"qode-accordion-mark-icon\">\n        <span class=\"icon_plus\"><\/span>\n        <span class=\"icon_minus-06\"><\/span>\n    <\/span>\n<\/span>\n<\/h4>\n<div  class=\"qode-accordion-content \" >\n    <div class=\"qode-accordion-content-inner\">\n        [vc_column_text]<a href=\"https:\/\/www.aspronis.com\/es\/la-fundacio\/aspronis-qui-som\/patronato\/\">Ver patronato<\/a>[\/vc_column_text]    <\/div>\n<\/div><h4 class=\"clearfix qode-title-holder\">\n<span class=\"qode-tab-title\">\n\t    <span class=\"qode-tab-title-inner\">\n        Organigrama de la entidad    <\/span>\n<\/span>\n<span class=\"qode-accordion-mark\">\n    <span class=\"qode-accordion-mark-icon\">\n        <span class=\"icon_plus\"><\/span>\n        <span class=\"icon_minus-06\"><\/span>\n    <\/span>\n<\/span>\n<\/h4>\n<div  class=\"qode-accordion-content \" >\n    <div class=\"qode-accordion-content-inner\">\n        [vc_column_text]<a href=\"https:\/\/www.aspronis.com\/es\/la-fundacio\/aspronis-qui-som\/organizacion\/\">Ver organigrama<\/a>[\/vc_column_text]    <\/div>\n<\/div><h4 class=\"clearfix qode-title-holder\">\n<span class=\"qode-tab-title\">\n\t    <span class=\"qode-tab-title-inner\">\n        Auditor\u00eda de cuentas    <\/span>\n<\/span>\n<span class=\"qode-accordion-mark\">\n    <span class=\"qode-accordion-mark-icon\">\n        <span class=\"icon_plus\"><\/span>\n        <span class=\"icon_minus-06\"><\/span>\n    <\/span>\n<\/span>\n<\/h4>\n<div  class=\"qode-accordion-content \" >\n    <div class=\"qode-accordion-content-inner\">\n        [vc_column_text css=\u00bb\u00bb]Ver <a href=\"https:\/\/www.aspronis.com\/wp-content\/uploads\/2025\/10\/Auditoria-de-comptes.pdf\">Cuentas a\u00f1o 2024<\/a><br \/>\nVer el <a href=\"https:\/\/www.aspronis.com\/wp-content\/uploads\/2025\/10\/Informe-de-comptes.pdf\">informe de auditor\u00eda<\/a>[\/vc_column_text]    <\/div>\n<\/div><h4 class=\"clearfix qode-title-holder\">\n<span class=\"qode-tab-title\">\n\t    <span class=\"qode-tab-title-inner\">\n        Datos econ\u00f3micos    <\/span>\n<\/span>\n<span class=\"qode-accordion-mark\">\n    <span class=\"qode-accordion-mark-icon\">\n        <span class=\"icon_plus\"><\/span>\n        <span class=\"icon_minus-06\"><\/span>\n    <\/span>\n<\/span>\n<\/h4>\n<div  class=\"qode-accordion-content \" >\n    <div class=\"qode-accordion-content-inner\">\n        [vc_column_text][\/vc_column_text][vc_column_text css=\u00bb\u00bb]<\/p>\n<div class=\"table-responsive\">\n<table class=\"table\" width=\"100%\">\n<tbody>\n<tr>\n<th>DESCRIPCI\u00d3N<\/th>\n<th>2024 (\u20ac)<\/th>\n<th>%<\/th>\n<\/tr>\n<tr>\n<td>INGRESOS CLIENTES<\/td>\n<td>3.185.488<\/td>\n<td>24%<\/td>\n<\/tr>\n<tr>\n<td>CONCERTACI\u00d3N DE SERVICIOS<\/td>\n<td>7.075.837<\/td>\n<td>54%<\/td>\n<\/tr>\n<tr>\n<td>SERVICIOS A USUARIOS<\/td>\n<td>576.270<\/td>\n<td>4%<\/td>\n<\/tr>\n<tr>\n<td>SUBVENCIONES Y CONVENIOS<\/td>\n<td>1.851.406<\/td>\n<td>14%<\/td>\n<\/tr>\n<tr>\n<td>DONACIONES Y OTROS INGRESOS<\/td>\n<td>439.578<\/td>\n<td>3%<\/td>\n<\/tr>\n<tr>\n<td><strong>TOTAL INGRESOS<\/strong><\/td>\n<td><strong>13.128.579<\/strong><\/td>\n<td><strong>100%<\/strong><\/td>\n<\/tr>\n<tr>\n<td>GASTOS DE PERSONAL<\/td>\n<td>9.580.743<\/td>\n<td>77%<\/td>\n<\/tr>\n<tr>\n<td>GASTOS DE FUNCIONAMIENTO<\/td>\n<td>2.260.586<\/td>\n<td>18%<\/td>\n<\/tr>\n<tr>\n<td>AMORTIZACIONES Y OTROS GASTOS<\/td>\n<td>662.187<\/td>\n<td>5%<\/td>\n<\/tr>\n<tr>\n<td><strong>TOTAL GASTOS<\/strong><\/td>\n<td><strong>12.503.517<\/strong><\/td>\n<td><strong>100%<\/strong><\/td>\n<\/tr>\n<tr>\n<td><strong>RESULTADO<\/strong><\/td>\n<td><strong>625.062<\/strong><\/td>\n<td><\/td>\n<\/tr>\n<\/tbody>\n<\/table>\n<\/div>\n<p>[\/vc_column_text]    <\/div>\n<\/div><\/div>[vc_separator type=\u00bbtransparent\u00bb up=\u00bb10&#8243;][vc_column_text el_class=\u00bbsection_title small sep\u00bb]<strong>Gesti\u00f3n administrativa<br \/>\n<\/strong>[\/vc_column_text][vc_separator type=\u00bbtransparent\u00bb up=\u00bb10&#8243;]<div class=\"qode-accordion-holder clearfix qode-toggle qode-initial \">\n\t<h4 class=\"clearfix qode-title-holder\">\n<span class=\"qode-tab-title\">\n\t    <span class=\"qode-tab-title-inner\">\n        Contratos establecidos con la Administraci\u00f3n P\u00fablica    <\/span>\n<\/span>\n<span class=\"qode-accordion-mark\">\n    <span class=\"qode-accordion-mark-icon\">\n        <span class=\"icon_plus\"><\/span>\n        <span class=\"icon_minus-06\"><\/span>\n    <\/span>\n<\/span>\n<\/h4>\n<div  class=\"qode-accordion-content \" >\n    <div class=\"qode-accordion-content-inner\">\n        [vc_column_text][\/vc_column_text][vc_column_text css=\u00bb\u00bb]<\/p>\n<div class=\"table-responsive\">\n<table class=\"table\" width=\"100%\">\n<tbody>\n<tr>\n<th>ENTIDAD<\/th>\n<th>OBJETO<\/th>\n<th>IMPORTE<\/th>\n<th>DURACI\u00d3N<\/th>\n<\/tr>\n<tr>\n<td>Ajuntament de Blanes<\/td>\n<td>Mantenimiento Jardineria<\/td>\n<td>869.520\u20ac<\/td>\n<td>31\/12\/2023<\/td>\n<\/tr>\n<tr>\n<td>Ajuntament de Blanes<\/td>\n<td>Se\u00f1alizaci\u00f3n Viaria<\/td>\n<td>69.437\u20ac<\/td>\n<td>31\/12\/2023<\/td>\n<\/tr>\n<tr>\n<td>Ajuntament de Lloret de Mar<\/td>\n<td>Mantenimiento Jardineria<\/td>\n<td>274.729\u20ac<\/td>\n<td>31\/12\/2023<\/td>\n<\/tr>\n<tr>\n<td>Departament de Treball Afers Socials i Fam\u00edlies<\/td>\n<td>Residencia<\/td>\n<td>1.978.871\u20ac<\/td>\n<td>31\/05\/2023<\/td>\n<\/tr>\n<tr>\n<td>Departament de Treball Afers Socials i Fam\u00edlies<\/td>\n<td>CDIAP<\/td>\n<td>1.479.767\u20ac<\/td>\n<td>31\/12\/2023<\/td>\n<\/tr>\n<tr>\n<td>Departament de Treball Afers Socials i Fam\u00edlies<\/td>\n<td>Soporte en el hogar<\/td>\n<td>441.105\u20ac<\/td>\n<td>31\/12\/2023<\/td>\n<\/tr>\n<tr>\n<td>Departament de Treball Afers Socials i Fam\u00edlies<\/td>\n<td>STO<\/td>\n<td>447.616\u20ac<\/td>\n<td>31\/12\/2023<\/td>\n<\/tr>\n<tr>\n<td>Departament de Treball Afers Socials i Fam\u00edlies<\/td>\n<td>\u00a0SOI<\/td>\n<td>143.446\u20ac<\/td>\n<td>31\/12\/2023<\/td>\n<\/tr>\n<tr>\n<td>Departament de Treball Afers Socials i Fam\u00edlies<\/td>\n<td>\u00a0Hogar-residencia<\/td>\n<td>479.095\u20ac<\/td>\n<td>31\/12\/2023<\/td>\n<\/tr>\n<tr>\n<td>Departament de Treball Afers Socials i Fam\u00edlies<\/td>\n<td>\u00a0CAE<\/td>\n<td>48.238\u20ac<\/td>\n<td>31\/12\/2023<\/td>\n<\/tr>\n<\/tbody>\n<\/table>\n<p>&nbsp;<\/p>\n<\/div>\n<p>[\/vc_column_text]    <\/div>\n<\/div><h4 class=\"clearfix qode-title-holder\">\n<span class=\"qode-tab-title\">\n\t    <span class=\"qode-tab-title-inner\">\n        Convenios subscritos con la Administraci\u00f3n P\u00fablica    <\/span>\n<\/span>\n<span class=\"qode-accordion-mark\">\n    <span class=\"qode-accordion-mark-icon\">\n        <span class=\"icon_plus\"><\/span>\n        <span class=\"icon_minus-06\"><\/span>\n    <\/span>\n<\/span>\n<\/h4>\n<div  class=\"qode-accordion-content \" >\n    <div class=\"qode-accordion-content-inner\">\n        [vc_column_text][\/vc_column_text][vc_column_text css=\u00bb\u00bb]<\/p>\n<div class=\"table-responsive\">\n<table class=\"table\" width=\"100%\">\n<tbody>\n<tr>\n<th>ENTIDAD<\/th>\n<th>OBJETO<\/th>\n<th>IMPORTE<\/th>\n<th>DURACI\u00d3N<\/th>\n<\/tr>\n<tr>\n<td>\n<div class=\"conAdminP_col_center conAdminP_col_1\">Departament de Treball Afers Socials i Fam\u00edlies<\/div>\n<\/td>\n<td>\n<div class=\"conAdminP_col_center conAdminP_col_1\">Servicio Ocupacional de Inserci\u00f3n<\/div>\n<\/td>\n<td>\n<div class=\"conAdminP_col_center conAdminP_col_3\">108.024\u20ac<\/div>\n<\/td>\n<td>\n<div class=\"de_modul de_separacio\">\n<div class=\"conAdminP_col_center conAdminP_col_3\">2023<\/div>\n<\/div>\n<\/td>\n<\/tr>\n<tr>\n<td>\n<div class=\"conAdminP_col_center conAdminP_col_1\">Departament de Treball Afers Socials i Fam\u00edlies<\/div>\n<\/td>\n<td>\n<div class=\"conAdminP_col_center conAdminP_col_1\">Servicio de Terapia Ocupacional<\/div>\n<\/td>\n<td>\n<div class=\"conAdminP_col_center conAdminP_col_3\">417.924\u20ac<\/div>\n<\/td>\n<td>\n<div class=\"de_modul de_separacio conAdminP_colorFons\">\n<div class=\"conAdminP_col_center conAdminP_col_3\">2023<\/div>\n<\/div>\n<\/td>\n<\/tr>\n<tr>\n<td>\n<div class=\"conAdminP_col_center conAdminP_col_1\">Departament de Treball Afers Socials i Fam\u00edlies<\/div>\n<\/td>\n<td>\n<div class=\"conAdminP_col_center conAdminP_col_1\">Servicio Hogares \u2013 Residencia<\/div>\n<\/td>\n<td>\n<div class=\"conAdminP_col_center conAdminP_col_3\">428.771\u20ac<\/div>\n<\/td>\n<td>\n<div class=\"de_modul de_separacio\">\n<div class=\"conAdminP_col_center conAdminP_col_3\">2023<\/div>\n<\/div>\n<\/td>\n<\/tr>\n<tr>\n<td>\n<div class=\"conAdminP_col_center conAdminP_col_1\">Departament de Treball Afers Socials i Fam\u00edlies<\/div>\n<\/td>\n<td>\n<div class=\"conAdminP_col_center conAdminP_col_1\">Centro de Atenci\u00f3n Especializada<\/div>\n<\/td>\n<td>\n<div class=\"conAdminP_col_center conAdminP_col_3\">40.585\u20ac<\/div>\n<\/td>\n<td>\n<div class=\"de_modul de_separacio conAdminP_colorFons\">\n<div class=\"conAdminP_col_center conAdminP_col_3\">2023<\/div>\n<\/div>\n<\/td>\n<\/tr>\n<tr>\n<td>\n<div class=\"conAdminP_col_center conAdminP_col_1\">Programa Incorpora Fundaci\u00f3 Banc\u00e0ria \u201cLa Caixa\u201d<\/div>\n<\/td>\n<td>\n<div class=\"conAdminP_col_center conAdminP_col_1\">Inserci\u00f3n Laboral<\/div>\n<\/td>\n<td>\n<div class=\"conAdminP_col_center conAdminP_col_3\">62.400\u20ac<\/div>\n<\/td>\n<td>2023<\/td>\n<\/tr>\n<tr>\n<td>\n<div class=\"conAdminP_col_center conAdminP_col_1\">Programa CaixaProInfancia Fundaci\u00f3n Bancaria \u201cLa Caixa\u201d<\/div>\n<\/td>\n<td>\n<div class=\"conAdminP_col_center conAdminP_col_1\">Integraci\u00f3n social de ni\u00f1os y jovenes en riesgo de pobreza<\/div>\n<\/td>\n<td>\n<div class=\"conAdminP_col_center conAdminP_col_3\">29.454\u20ac<\/div>\n<\/td>\n<td>2023<\/td>\n<\/tr>\n<\/tbody>\n<\/table>\n<p>&nbsp;<\/p>\n<\/div>\n<p>[\/vc_column_text]    <\/div>\n<\/div><h4 class=\"clearfix qode-title-holder\">\n<span class=\"qode-tab-title\">\n\t    <span class=\"qode-tab-title-inner\">\n        Subvenciones y ayudas p\u00fablicas concedidas    <\/span>\n<\/span>\n<span class=\"qode-accordion-mark\">\n    <span class=\"qode-accordion-mark-icon\">\n        <span class=\"icon_plus\"><\/span>\n        <span class=\"icon_minus-06\"><\/span>\n    <\/span>\n<\/span>\n<\/h4>\n<div  class=\"qode-accordion-content \" >\n    <div class=\"qode-accordion-content-inner\">\n        [vc_column_text][\/vc_column_text][vc_column_text css=\u00bb\u00bb]<\/p>\n<table style=\"height: 658px;\" width=\"1401\">\n<tbody>\n<tr>\n<td width=\"360\">ENTIDAD<\/td>\n<td width=\"540\">OBJETO<\/td>\n<td width=\"105\">IMPORTE<\/td>\n<td width=\"201\">A\u00d1O<\/td>\n<\/tr>\n<tr>\n<td>Ajuntament Calella<\/td>\n<td>Actividades sociales de la Fundaci\u00f3n<\/td>\n<td>1.100 \u20ac<\/td>\n<td>2023<\/td>\n<\/tr>\n<tr>\n<td>Ajuntament Lloret de Mar<\/td>\n<td>Servicio de Ocio ANDANA<\/td>\n<td>15.000 \u20ac<\/td>\n<td>2023<\/td>\n<\/tr>\n<tr>\n<td>Ajuntament Palafolls<\/td>\n<td>Actividades sociales de Pinya de Rosa<\/td>\n<td>1.500 \u20ac<\/td>\n<td>2023<\/td>\n<\/tr>\n<tr>\n<td>Ajuntament Malgrat de Mar<\/td>\n<td>Actividades sociales de la Fundaci\u00f3n<\/td>\n<td>13.000 \u20ac<\/td>\n<td>2023<\/td>\n<\/tr>\n<tr>\n<td>Ajuntament Vidreres<\/td>\n<td>Mejoras instalaciones CET &#8211; Lavanderia<\/td>\n<td>8.000 \u20ac<\/td>\n<td>2023<\/td>\n<\/tr>\n<tr>\n<td>Consell Comarcal de la Selva<\/td>\n<td>Transporte Adaptado<\/td>\n<td>12.000 \u20ac<\/td>\n<td>2023<\/td>\n<\/tr>\n<tr>\n<td>Departament de Treball Afers Socials i Fam\u00edlies<\/td>\n<td>Equipos Multidisciplinarios de Apoyo<\/td>\n<td>316.230 \u20ac<\/td>\n<td>2023<\/td>\n<\/tr>\n<tr>\n<td>Departament de Treball Afers Socials i Fam\u00edlies<\/td>\n<td>Inserci\u00f3n Laboral al CET<\/td>\n<td>859.346 \u20ac<\/td>\n<td>2023<\/td>\n<\/tr>\n<tr>\n<td>Departament de Treball Afers Socials i Fam\u00edlies<\/td>\n<td>Envejecimiento prematuro<\/td>\n<td>25.649<\/td>\n<td>2023<\/td>\n<\/tr>\n<tr>\n<td>Departament de Treball Afers Socials i Fam\u00edlies<\/td>\n<td>Actividades de Ocio, Verano y Juventud<\/td>\n<td>4.500 \u20ac<\/td>\n<td>2023<\/td>\n<\/tr>\n<tr>\n<td>Departament de Treball Afers Socials i Fam\u00edlies<\/td>\n<td>SIOAS<\/td>\n<td>83.175 \u20ac<\/td>\n<td>2023<\/td>\n<\/tr>\n<tr>\n<td>Ag\u00e8ncia Catalana Habitatge<\/td>\n<td>Ayuda viviendas inserci\u00f3n social<\/td>\n<td>14.400 \u20ac<\/td>\n<td>2023<\/td>\n<\/tr>\n<tr>\n<td>Departament de Salut<\/td>\n<td>Prevenci\u00f3n Deterioro Trabajadores con discapacidad en situaci\u00f3n de envejecimiento<\/td>\n<td>10.010 \u20ac<\/td>\n<td>2023<\/td>\n<\/tr>\n<tr>\n<td>Fundaci\u00f3 ONCE<\/td>\n<td>Programa Uno a Uno &#8211; Empleo Juvenil<\/td>\n<td>36.000 \u20ac<\/td>\n<td>2023<\/td>\n<\/tr>\n<tr>\n<td>Departament de Cultura<\/td>\n<td>Proyecto Miradas Creativas<\/td>\n<td>822 \u20ac<\/td>\n<td>2023<\/td>\n<\/tr>\n<tr>\n<td>Servei d&#8217;Ocupaci\u00f3 de Catalunya<\/td>\n<td>Programa Trabajo y Formaci\u00f3n ACOL<\/td>\n<td>37.376 \u20ac<\/td>\n<td>2023<\/td>\n<\/tr>\n<tr>\n<td>Servei d&#8217;Ocupaci\u00f3 de Catalunya<\/td>\n<td>Formaci\u00f3n Dual SERSA<\/td>\n<td>66.533 \u20ac<\/td>\n<td>2023<\/td>\n<\/tr>\n<tr>\n<td>Institut Catal\u00e0 de l&#8217;Energia<\/td>\n<td>Moves III &#8211; Veh\u00edculo el\u00e9ctrico<\/td>\n<td>4.000 \u20ac<\/td>\n<td>2023<\/td>\n<\/tr>\n<tr>\n<td>DINCAT<\/td>\n<td>Modalidad Personal de Apoyo<\/td>\n<td>4.946 \u20ac<\/td>\n<td>2023<\/td>\n<\/tr>\n<tr>\n<td>DINCAT<\/td>\n<td>Proyecto Mi Casa<\/td>\n<td>123.035 \u20ac<\/td>\n<td>2023<\/td>\n<\/tr>\n<\/tbody>\n<\/table>\n<p>[\/vc_column_text]    <\/div>\n<\/div><\/div>[\/vc_column][\/vc_row][vc_row css_animation=\u00bb\u00bb row_type=\u00bbrow\u00bb use_row_as_full_screen_section=\u00bbno\u00bb type=\u00bbfull_width\u00bb angled_section=\u00bbno\u00bb text_align=\u00bbleft\u00bb background_image_as_pattern=\u00bbwithout_pattern\u00bb el_class=\u00bbnewsletter_section_wrapper\u00bb z_index=\u00bb\u00bb][vc_column][vc_widget_sidebar sidebar_id=\u00bbnewsletter\u00bb][\/vc_column][\/vc_row]<\/p>\n<\/div>","protected":false},"excerpt":{"rendered":"<p>[vc_row css_animation=\u00bb\u00bb row_type=\u00bbrow\u00bb use_row_as_full_screen_section=\u00bbno\u00bb type=\u00bbgrid\u00bb angled_section=\u00bbno\u00bb text_align=\u00bbleft\u00bb background_image_as_pattern=\u00bbwithout_pattern\u00bb z_index=\u00bb\u00bb][vc_column][vc_column_text el_class=\u00bbsection_title small sep\u00bb] Transparencia [\/vc_column_text][vc_column_text]Fundaci\u00f3n Privada ASPRONIS, en cumplimiento de la Ley 19\/2014, de 9 de diciembre, de transparencia, acceso a la informaci\u00f3n p\u00fablica y buen gobierno, y con el compromiso por la calidad en la&#8230;<\/p>\n","protected":false},"author":1,"featured_media":0,"parent":1453,"menu_order":0,"comment_status":"closed","ping_status":"closed","template":"full_width.php","meta":{"footnotes":""},"class_list":["post-1474","page","type-page","status-publish","hentry"],"yoast_head":"<!-- This site is optimized with the Yoast SEO plugin v27.5 - https:\/\/yoast.com\/product\/yoast-seo-wordpress\/ -->\n<title>Transparencia - Aspronis<\/title>\n<meta name=\"robots\" content=\"index, follow, max-snippet:-1, max-image-preview:large, max-video-preview:-1\" \/>\n<link rel=\"canonical\" href=\"https:\/\/www.aspronis.com\/es\/la-fundacio\/transparencia\/\" \/>\n<meta property=\"og:locale\" content=\"es_ES\" \/>\n<meta property=\"og:type\" content=\"article\" \/>\n<meta property=\"og:title\" content=\"Transparencia - Aspronis\" \/>\n<meta property=\"og:description\" content=\"[vc_row css_animation=\u00bb\u00bb row_type=\u00bbrow\u00bb use_row_as_full_screen_section=\u00bbno\u00bb type=\u00bbgrid\u00bb angled_section=\u00bbno\u00bb text_align=\u00bbleft\u00bb background_image_as_pattern=\u00bbwithout_pattern\u00bb z_index=\u00bb\u00bb][vc_column][vc_column_text el_class=\u00bbsection_title small sep\u00bb] Transparencia [\/vc_column_text][vc_column_text]Fundaci\u00f3n Privada ASPRONIS, en cumplimiento de la Ley 19\/2014, de 9 de diciembre, de transparencia, acceso a la informaci\u00f3n p\u00fablica y buen gobierno, y con el compromiso por la calidad en la...\" \/>\n<meta property=\"og:url\" content=\"https:\/\/www.aspronis.com\/es\/la-fundacio\/transparencia\/\" \/>\n<meta property=\"og:site_name\" content=\"Aspronis\" \/>\n<meta property=\"article:modified_time\" content=\"2025-10-22T11:33:57+00:00\" \/>\n<meta name=\"twitter:card\" content=\"summary_large_image\" \/>\n<meta name=\"twitter:label1\" content=\"Tiempo de lectura\" \/>\n\t<meta name=\"twitter:data1\" content=\"4 minutos\" \/>\n<script type=\"application\/ld+json\" class=\"yoast-schema-graph\">{\"@context\":\"https:\\\/\\\/schema.org\",\"@graph\":[{\"@type\":\"WebPage\",\"@id\":\"https:\\\/\\\/www.aspronis.com\\\/es\\\/la-fundacio\\\/transparencia\\\/\",\"url\":\"https:\\\/\\\/www.aspronis.com\\\/es\\\/la-fundacio\\\/transparencia\\\/\",\"name\":\"Transparencia - Aspronis\",\"isPartOf\":{\"@id\":\"https:\\\/\\\/www.aspronis.com\\\/es\\\/#website\"},\"datePublished\":\"2022-07-04T15:36:05+00:00\",\"dateModified\":\"2025-10-22T11:33:57+00:00\",\"breadcrumb\":{\"@id\":\"https:\\\/\\\/www.aspronis.com\\\/es\\\/la-fundacio\\\/transparencia\\\/#breadcrumb\"},\"inLanguage\":\"es\",\"potentialAction\":[{\"@type\":\"ReadAction\",\"target\":[\"https:\\\/\\\/www.aspronis.com\\\/es\\\/la-fundacio\\\/transparencia\\\/\"]}]},{\"@type\":\"BreadcrumbList\",\"@id\":\"https:\\\/\\\/www.aspronis.com\\\/es\\\/la-fundacio\\\/transparencia\\\/#breadcrumb\",\"itemListElement\":[{\"@type\":\"ListItem\",\"position\":1,\"name\":\"La fundaci\u00f3n\",\"item\":\"https:\\\/\\\/www.aspronis.com\\\/es\\\/la-fundacio\\\/\"},{\"@type\":\"ListItem\",\"position\":2,\"name\":\"Transparencia\"}]},{\"@type\":\"WebSite\",\"@id\":\"https:\\\/\\\/www.aspronis.com\\\/es\\\/#website\",\"url\":\"https:\\\/\\\/www.aspronis.com\\\/es\\\/\",\"name\":\"Aspronis\",\"description\":\"\",\"potentialAction\":[{\"@type\":\"SearchAction\",\"target\":{\"@type\":\"EntryPoint\",\"urlTemplate\":\"https:\\\/\\\/www.aspronis.com\\\/es\\\/?s={search_term_string}\"},\"query-input\":{\"@type\":\"PropertyValueSpecification\",\"valueRequired\":true,\"valueName\":\"search_term_string\"}}],\"inLanguage\":\"es\"}]}<\/script>\n<!-- \/ Yoast SEO plugin. -->","yoast_head_json":{"title":"Transparencia - Aspronis","robots":{"index":"index","follow":"follow","max-snippet":"max-snippet:-1","max-image-preview":"max-image-preview:large","max-video-preview":"max-video-preview:-1"},"canonical":"https:\/\/www.aspronis.com\/es\/la-fundacio\/transparencia\/","og_locale":"es_ES","og_type":"article","og_title":"Transparencia - Aspronis","og_description":"[vc_row css_animation=\u00bb\u00bb row_type=\u00bbrow\u00bb use_row_as_full_screen_section=\u00bbno\u00bb type=\u00bbgrid\u00bb angled_section=\u00bbno\u00bb text_align=\u00bbleft\u00bb background_image_as_pattern=\u00bbwithout_pattern\u00bb z_index=\u00bb\u00bb][vc_column][vc_column_text el_class=\u00bbsection_title small sep\u00bb] Transparencia [\/vc_column_text][vc_column_text]Fundaci\u00f3n Privada ASPRONIS, en cumplimiento de la Ley 19\/2014, de 9 de diciembre, de transparencia, acceso a la informaci\u00f3n p\u00fablica y buen gobierno, y con el compromiso por la calidad en la...","og_url":"https:\/\/www.aspronis.com\/es\/la-fundacio\/transparencia\/","og_site_name":"Aspronis","article_modified_time":"2025-10-22T11:33:57+00:00","twitter_card":"summary_large_image","twitter_misc":{"Tiempo de lectura":"4 minutos"},"schema":{"@context":"https:\/\/schema.org","@graph":[{"@type":"WebPage","@id":"https:\/\/www.aspronis.com\/es\/la-fundacio\/transparencia\/","url":"https:\/\/www.aspronis.com\/es\/la-fundacio\/transparencia\/","name":"Transparencia - Aspronis","isPartOf":{"@id":"https:\/\/www.aspronis.com\/es\/#website"},"datePublished":"2022-07-04T15:36:05+00:00","dateModified":"2025-10-22T11:33:57+00:00","breadcrumb":{"@id":"https:\/\/www.aspronis.com\/es\/la-fundacio\/transparencia\/#breadcrumb"},"inLanguage":"es","potentialAction":[{"@type":"ReadAction","target":["https:\/\/www.aspronis.com\/es\/la-fundacio\/transparencia\/"]}]},{"@type":"BreadcrumbList","@id":"https:\/\/www.aspronis.com\/es\/la-fundacio\/transparencia\/#breadcrumb","itemListElement":[{"@type":"ListItem","position":1,"name":"La fundaci\u00f3n","item":"https:\/\/www.aspronis.com\/es\/la-fundacio\/"},{"@type":"ListItem","position":2,"name":"Transparencia"}]},{"@type":"WebSite","@id":"https:\/\/www.aspronis.com\/es\/#website","url":"https:\/\/www.aspronis.com\/es\/","name":"Aspronis","description":"","potentialAction":[{"@type":"SearchAction","target":{"@type":"EntryPoint","urlTemplate":"https:\/\/www.aspronis.com\/es\/?s={search_term_string}"},"query-input":{"@type":"PropertyValueSpecification","valueRequired":true,"valueName":"search_term_string"}}],"inLanguage":"es"}]}},"_links":{"self":[{"href":"https:\/\/www.aspronis.com\/es\/wp-json\/wp\/v2\/pages\/1474","targetHints":{"allow":["GET"]}}],"collection":[{"href":"https:\/\/www.aspronis.com\/es\/wp-json\/wp\/v2\/pages"}],"about":[{"href":"https:\/\/www.aspronis.com\/es\/wp-json\/wp\/v2\/types\/page"}],"author":[{"embeddable":true,"href":"https:\/\/www.aspronis.com\/es\/wp-json\/wp\/v2\/users\/1"}],"replies":[{"embeddable":true,"href":"https:\/\/www.aspronis.com\/es\/wp-json\/wp\/v2\/comments?post=1474"}],"version-history":[{"count":19,"href":"https:\/\/www.aspronis.com\/es\/wp-json\/wp\/v2\/pages\/1474\/revisions"}],"predecessor-version":[{"id":3453,"href":"https:\/\/www.aspronis.com\/es\/wp-json\/wp\/v2\/pages\/1474\/revisions\/3453"}],"up":[{"embeddable":true,"href":"https:\/\/www.aspronis.com\/es\/wp-json\/wp\/v2\/pages\/1453"}],"wp:attachment":[{"href":"https:\/\/www.aspronis.com\/es\/wp-json\/wp\/v2\/media?parent=1474"}],"curies":[{"name":"wp","href":"https:\/\/api.w.org\/{rel}","templated":true}]}}