{"id":1479,"date":"2022-07-07T18:22:06","date_gmt":"2022-07-07T16:22:06","guid":{"rendered":"https:\/\/www.aspronis.com\/serveis-a-les-empreses\/industrials\/"},"modified":"2022-10-26T16:37:06","modified_gmt":"2022-10-26T14:37:06","slug":"industriales","status":"publish","type":"page","link":"https:\/\/www.aspronis.com\/es\/serveis-a-les-empreses\/industriales\/","title":{"rendered":"Industriales"},"content":{"rendered":"<div class=\"wpb-content-wrapper\"><p>[vc_row css_animation=\u00bb\u00bb row_type=\u00bbrow\u00bb use_row_as_full_screen_section=\u00bbno\u00bb type=\u00bbgrid\u00bb angled_section=\u00bbno\u00bb text_align=\u00bbleft\u00bb background_image_as_pattern=\u00bbwithout_pattern\u00bb z_index=\u00bb\u00bb][vc_column][vc_column_text el_class=\u00bbsection_title small sep_small\u00bb]<\/p>\n<h2>Servicios Industriales<\/h2>\n<p>[\/vc_column_text][vc_column_text]Ofrecemos <strong>soluciones a medida<\/strong> a las empresas en los <strong>procesos productivos<\/strong> para todo tipo de <strong>manipulados y envasados<\/strong>. Somos expertos en:<\/p>\n<ul>\n<li>Manipulados<\/li>\n<li>Envasados (enfajados, retractilados, flow pack, bolsas confeccionadas<\/li>\n<li>Montajes el\u00e9ctricos<\/li>\n<\/ul>\n<p>En todos los casos, <strong>dise\u00f1amos una l\u00ednea de producci\u00f3n espec\u00edfica para las necesidades de cada manipulaci\u00f3n<\/strong> con las operaciones, maquinaria y personal necesarios para obtener el producto final, y con la interlocuci\u00f3n de los departamentos diversos del cliente que intervienen en la producci\u00f3n y proyecci\u00f3n del producto.<\/p>\n<p>Nos ocupamos del proceso hasta el final: montaje espec\u00edfico a demanda, etiquetado, embalaje y paletizado. <strong>Todo listo para la expedici\u00f3n y la venta.<\/strong>[\/vc_column_text][vc_separator type=\u00bbtransparent\u00bb up=\u00bb30&#8243;]<div class=\"qode-advanced-image-gallery  qode-aig-grid-type qode-medium-space   \">\n\t<div class=\"qode-aig-inner qode-outer-space qode-aig-grid qode-aig-two-columns\">\n\t\t\t\t\t<div class=\"qode-aig-image qode-item-space\">\n\t\t\t\t<div class=\"qode-aig-image-inner\">\n\t\t\t\t\t\t\t\t\t\t\t<img loading=\"lazy\" decoding=\"async\" width=\"600\" height=\"400\" src=\"https:\/\/www.aspronis.com\/wp-content\/uploads\/2022\/07\/industrials1.jpg\" class=\"attachment-full size-full\" alt=\"\" srcset=\"https:\/\/www.aspronis.com\/wp-content\/uploads\/2022\/07\/industrials1.jpg 600w, https:\/\/www.aspronis.com\/wp-content\/uploads\/2022\/07\/industrials1-300x200.jpg 300w\" sizes=\"auto, (max-width: 600px) 100vw, 600px\" \/>\t\t\t\t\t\t<span class=\"aig-gallery-hover\">\n\t\t\t\t\t\t\t\t\t\t\t\t\t<\/span>\n\t\t\t\t\t\t\t\t\t<\/div>\n\t\t\t<\/div>\n\t\t\t\t\t<div class=\"qode-aig-image qode-item-space\">\n\t\t\t\t<div class=\"qode-aig-image-inner\">\n\t\t\t\t\t\t\t\t\t\t\t<img loading=\"lazy\" decoding=\"async\" width=\"600\" height=\"400\" src=\"https:\/\/www.aspronis.com\/wp-content\/uploads\/2022\/07\/industrials2.jpg\" class=\"attachment-full size-full\" alt=\"\" srcset=\"https:\/\/www.aspronis.com\/wp-content\/uploads\/2022\/07\/industrials2.jpg 600w, https:\/\/www.aspronis.com\/wp-content\/uploads\/2022\/07\/industrials2-300x200.jpg 300w\" sizes=\"auto, (max-width: 600px) 100vw, 600px\" \/>\t\t\t\t\t\t<span class=\"aig-gallery-hover\">\n\t\t\t\t\t\t\t\t\t\t\t\t\t<\/span>\n\t\t\t\t\t\t\t\t\t<\/div>\n\t\t\t<\/div>\n\t\t\t<\/div>\n<\/div>[vc_separator type=\u00bbtransparent\u00bb up=\u00bb20&#8243;][\/vc_column][\/vc_row][vc_row css_animation=\u00bb\u00bb row_type=\u00bbrow\u00bb use_row_as_full_screen_section=\u00bbno\u00bb type=\u00bbgrid\u00bb angled_section=\u00bbno\u00bb text_align=\u00bbleft\u00bb background_image_as_pattern=\u00bbwithout_pattern\u00bb el_class=\u00bbbg_gris\u00bb z_index=\u00bb\u00bb][vc_column][vc_column_text el_class=\u00bbsection_title small sep_small\u00bb]<\/p>\n<h2>Controles de calidad<\/h2>\n<p>[\/vc_column_text][vc_row_inner row_type=\u00bbrow\u00bb type=\u00bbfull_width\u00bb text_align=\u00bbleft\u00bb css_animation=\u00bb\u00bb][vc_column_inner][vc_column_text]Sometemos nuestros procesos productivos y de manipulaci\u00f3n a controles de calidad y sanidad. Contamos con <strong>Registro Sanitario como envasadores polivalentes<\/strong>. Y para las manipulaciones que requieren condiciones ambientales espec\u00edficas, <strong>disponemos de una zona aislada y refrigerada.<\/strong>[\/vc_column_text][vc_separator type=\u00bbtransparent\u00bb up=\u00bb30&#8243;][\/vc_column_inner][\/vc_row_inner][\/vc_column][\/vc_row][vc_row css_animation=\u00bb\u00bb row_type=\u00bbrow\u00bb use_row_as_full_screen_section=\u00bbno\u00bb type=\u00bbfull_width\u00bb angled_section=\u00bbno\u00bb text_align=\u00bbleft\u00bb background_image_as_pattern=\u00bbwithout_pattern\u00bb el_class=\u00bbnewsletter_section_wrapper\u00bb z_index=\u00bb\u00bb][vc_column][vc_widget_sidebar sidebar_id=\u00bbnewsletter\u00bb][\/vc_column][\/vc_row]<\/p>\n<\/div>","protected":false},"excerpt":{"rendered":"<p>[vc_row css_animation=\u00bb\u00bb row_type=\u00bbrow\u00bb use_row_as_full_screen_section=\u00bbno\u00bb type=\u00bbgrid\u00bb angled_section=\u00bbno\u00bb text_align=\u00bbleft\u00bb background_image_as_pattern=\u00bbwithout_pattern\u00bb z_index=\u00bb\u00bb][vc_column][vc_column_text el_class=\u00bbsection_title small sep_small\u00bb] Servicios Industriales [\/vc_column_text][vc_column_text]Ofrecemos soluciones a medida a las empresas en los procesos productivos para todo tipo de manipulados y envasados. Somos expertos en: Manipulados Envasados (enfajados, retractilados, flow pack, bolsas confeccionadas Montajes el\u00e9ctricos&#8230;<\/p>\n","protected":false},"author":1,"featured_media":0,"parent":1478,"menu_order":0,"comment_status":"closed","ping_status":"closed","template":"full_width.php","meta":{"footnotes":""},"class_list":["post-1479","page","type-page","status-publish","hentry"],"yoast_head":"<!-- This site is optimized with the Yoast SEO plugin v26.8 - https:\/\/yoast.com\/product\/yoast-seo-wordpress\/ -->\n<title>Industriales - Aspronis<\/title>\n<meta name=\"robots\" content=\"index, follow, max-snippet:-1, max-image-preview:large, max-video-preview:-1\" \/>\n<link rel=\"canonical\" href=\"https:\/\/www.aspronis.com\/es\/serveis-a-les-empreses\/industriales\/\" \/>\n<meta property=\"og:locale\" content=\"es_ES\" \/>\n<meta property=\"og:type\" content=\"article\" \/>\n<meta property=\"og:title\" content=\"Industriales - Aspronis\" \/>\n<meta property=\"og:description\" content=\"[vc_row css_animation=\u00bb\u00bb row_type=\u00bbrow\u00bb use_row_as_full_screen_section=\u00bbno\u00bb type=\u00bbgrid\u00bb angled_section=\u00bbno\u00bb text_align=\u00bbleft\u00bb background_image_as_pattern=\u00bbwithout_pattern\u00bb z_index=\u00bb\u00bb][vc_column][vc_column_text el_class=\u00bbsection_title small sep_small\u00bb] Servicios Industriales [\/vc_column_text][vc_column_text]Ofrecemos soluciones a medida a las empresas en los procesos productivos para todo tipo de manipulados y envasados. Somos expertos en: Manipulados Envasados (enfajados, retractilados, flow pack, bolsas confeccionadas Montajes el\u00e9ctricos...\" \/>\n<meta property=\"og:url\" content=\"https:\/\/www.aspronis.com\/es\/serveis-a-les-empreses\/industriales\/\" \/>\n<meta property=\"og:site_name\" content=\"Aspronis\" \/>\n<meta property=\"article:modified_time\" content=\"2022-10-26T14:37:06+00:00\" \/>\n<meta name=\"twitter:card\" content=\"summary_large_image\" \/>\n<meta name=\"twitter:label1\" content=\"Tiempo de lectura\" \/>\n\t<meta name=\"twitter:data1\" content=\"2 minutos\" \/>\n<script type=\"application\/ld+json\" class=\"yoast-schema-graph\">{\"@context\":\"https:\/\/schema.org\",\"@graph\":[{\"@type\":\"WebPage\",\"@id\":\"https:\/\/www.aspronis.com\/es\/serveis-a-les-empreses\/industriales\/\",\"url\":\"https:\/\/www.aspronis.com\/es\/serveis-a-les-empreses\/industriales\/\",\"name\":\"Industriales - Aspronis\",\"isPartOf\":{\"@id\":\"https:\/\/www.aspronis.com\/es\/#website\"},\"datePublished\":\"2022-07-07T16:22:06+00:00\",\"dateModified\":\"2022-10-26T14:37:06+00:00\",\"breadcrumb\":{\"@id\":\"https:\/\/www.aspronis.com\/es\/serveis-a-les-empreses\/industriales\/#breadcrumb\"},\"inLanguage\":\"es\",\"potentialAction\":[{\"@type\":\"ReadAction\",\"target\":[\"https:\/\/www.aspronis.com\/es\/serveis-a-les-empreses\/industriales\/\"]}]},{\"@type\":\"BreadcrumbList\",\"@id\":\"https:\/\/www.aspronis.com\/es\/serveis-a-les-empreses\/industriales\/#breadcrumb\",\"itemListElement\":[{\"@type\":\"ListItem\",\"position\":1,\"name\":\"Servicios a las empresas\",\"item\":\"https:\/\/www.aspronis.com\/es\/serveis-a-les-empreses\/\"},{\"@type\":\"ListItem\",\"position\":2,\"name\":\"Industriales\"}]},{\"@type\":\"WebSite\",\"@id\":\"https:\/\/www.aspronis.com\/es\/#website\",\"url\":\"https:\/\/www.aspronis.com\/es\/\",\"name\":\"Aspronis\",\"description\":\"\",\"potentialAction\":[{\"@type\":\"SearchAction\",\"target\":{\"@type\":\"EntryPoint\",\"urlTemplate\":\"https:\/\/www.aspronis.com\/es\/?s={search_term_string}\"},\"query-input\":{\"@type\":\"PropertyValueSpecification\",\"valueRequired\":true,\"valueName\":\"search_term_string\"}}],\"inLanguage\":\"es\"}]}<\/script>\n<!-- \/ Yoast SEO plugin. -->","yoast_head_json":{"title":"Industriales - Aspronis","robots":{"index":"index","follow":"follow","max-snippet":"max-snippet:-1","max-image-preview":"max-image-preview:large","max-video-preview":"max-video-preview:-1"},"canonical":"https:\/\/www.aspronis.com\/es\/serveis-a-les-empreses\/industriales\/","og_locale":"es_ES","og_type":"article","og_title":"Industriales - Aspronis","og_description":"[vc_row css_animation=\u00bb\u00bb row_type=\u00bbrow\u00bb use_row_as_full_screen_section=\u00bbno\u00bb type=\u00bbgrid\u00bb angled_section=\u00bbno\u00bb text_align=\u00bbleft\u00bb background_image_as_pattern=\u00bbwithout_pattern\u00bb z_index=\u00bb\u00bb][vc_column][vc_column_text el_class=\u00bbsection_title small sep_small\u00bb] Servicios Industriales [\/vc_column_text][vc_column_text]Ofrecemos soluciones a medida a las empresas en los procesos productivos para todo tipo de manipulados y envasados. Somos expertos en: Manipulados Envasados (enfajados, retractilados, flow pack, bolsas confeccionadas Montajes el\u00e9ctricos...","og_url":"https:\/\/www.aspronis.com\/es\/serveis-a-les-empreses\/industriales\/","og_site_name":"Aspronis","article_modified_time":"2022-10-26T14:37:06+00:00","twitter_card":"summary_large_image","twitter_misc":{"Tiempo de lectura":"2 minutos"},"schema":{"@context":"https:\/\/schema.org","@graph":[{"@type":"WebPage","@id":"https:\/\/www.aspronis.com\/es\/serveis-a-les-empreses\/industriales\/","url":"https:\/\/www.aspronis.com\/es\/serveis-a-les-empreses\/industriales\/","name":"Industriales - Aspronis","isPartOf":{"@id":"https:\/\/www.aspronis.com\/es\/#website"},"datePublished":"2022-07-07T16:22:06+00:00","dateModified":"2022-10-26T14:37:06+00:00","breadcrumb":{"@id":"https:\/\/www.aspronis.com\/es\/serveis-a-les-empreses\/industriales\/#breadcrumb"},"inLanguage":"es","potentialAction":[{"@type":"ReadAction","target":["https:\/\/www.aspronis.com\/es\/serveis-a-les-empreses\/industriales\/"]}]},{"@type":"BreadcrumbList","@id":"https:\/\/www.aspronis.com\/es\/serveis-a-les-empreses\/industriales\/#breadcrumb","itemListElement":[{"@type":"ListItem","position":1,"name":"Servicios a las empresas","item":"https:\/\/www.aspronis.com\/es\/serveis-a-les-empreses\/"},{"@type":"ListItem","position":2,"name":"Industriales"}]},{"@type":"WebSite","@id":"https:\/\/www.aspronis.com\/es\/#website","url":"https:\/\/www.aspronis.com\/es\/","name":"Aspronis","description":"","potentialAction":[{"@type":"SearchAction","target":{"@type":"EntryPoint","urlTemplate":"https:\/\/www.aspronis.com\/es\/?s={search_term_string}"},"query-input":{"@type":"PropertyValueSpecification","valueRequired":true,"valueName":"search_term_string"}}],"inLanguage":"es"}]}},"_links":{"self":[{"href":"https:\/\/www.aspronis.com\/es\/wp-json\/wp\/v2\/pages\/1479","targetHints":{"allow":["GET"]}}],"collection":[{"href":"https:\/\/www.aspronis.com\/es\/wp-json\/wp\/v2\/pages"}],"about":[{"href":"https:\/\/www.aspronis.com\/es\/wp-json\/wp\/v2\/types\/page"}],"author":[{"embeddable":true,"href":"https:\/\/www.aspronis.com\/es\/wp-json\/wp\/v2\/users\/1"}],"replies":[{"embeddable":true,"href":"https:\/\/www.aspronis.com\/es\/wp-json\/wp\/v2\/comments?post=1479"}],"version-history":[{"count":2,"href":"https:\/\/www.aspronis.com\/es\/wp-json\/wp\/v2\/pages\/1479\/revisions"}],"predecessor-version":[{"id":1671,"href":"https:\/\/www.aspronis.com\/es\/wp-json\/wp\/v2\/pages\/1479\/revisions\/1671"}],"up":[{"embeddable":true,"href":"https:\/\/www.aspronis.com\/es\/wp-json\/wp\/v2\/pages\/1478"}],"wp:attachment":[{"href":"https:\/\/www.aspronis.com\/es\/wp-json\/wp\/v2\/media?parent=1479"}],"curies":[{"name":"wp","href":"https:\/\/api.w.org\/{rel}","templated":true}]}}