{"id":1480,"date":"2022-07-07T18:22:51","date_gmt":"2022-07-07T16:22:51","guid":{"rendered":"https:\/\/www.aspronis.com\/serveis-a-les-empreses\/jardineria\/"},"modified":"2024-04-15T10:49:43","modified_gmt":"2024-04-15T08:49:43","slug":"jardineria","status":"publish","type":"page","link":"https:\/\/www.aspronis.com\/es\/serveis-a-les-empreses\/jardineria\/","title":{"rendered":"Jardiner\u00eda"},"content":{"rendered":"<div class=\"wpb-content-wrapper\"><p>[vc_row css_animation=\u00bb\u00bb row_type=\u00bbrow\u00bb use_row_as_full_screen_section=\u00bbno\u00bb type=\u00bbgrid\u00bb angled_section=\u00bbno\u00bb text_align=\u00bbleft\u00bb background_image_as_pattern=\u00bbwithout_pattern\u00bb z_index=\u00bb\u00bb][vc_column][vc_column_text el_class=\u00bbsection_title small sep_small\u00bb]<\/p>\n<h2>Jardiner\u00eda<\/h2>\n<p>[\/vc_column_text][vc_column_text]<\/p>\n<div class=\"gdlr-item gdlr-content-item\">\n<div class=\"justificar\">\n<p>Llevamos a cabo el <strong>dise\u00f1o<\/strong> y la <strong>preparaci\u00f3n<\/strong> de <strong>zonas ajardinadas<\/strong> p\u00fablicas o privadas de nueva creaci\u00f3n y nos encargamos del <strong>mantenimiento<\/strong> posterior con personal t\u00e9cnico especializado y equipado con la maquinaria adecuada para garantizar el mejor resultado t\u00e9cnico y ornamental. Practicamos una jardiner\u00eda sostenible: aprovechamiento de los recursos h\u00eddricos, plantaci\u00f3n con especies de clima mediterr\u00e1neo, gesti\u00f3n adecuada de los residuos, etc.<\/p>\n<p>Trabajamos para varios <strong>ayuntamientos<\/strong> de las comarcas de la Selva y la zona norte del Maresme en la creaci\u00f3n y conservaci\u00f3n de zonas verdes y jardines. Tambi\u00e9n contamos con una cartera <strong>de empresas<\/strong> fidelizada en lo que respecta al mantenimiento de espacios ajardinados de empresas privadas, como industrias, gasolineras u hoteles. Y atendemos a todo tipo de demanda de particulares para que su jard\u00edn est\u00e9 impecable: poda, plantaciones, siega, etc.<\/p>\n<\/div>\n<\/div>\n<p>[\/vc_column_text][vc_separator type=\u00bbtransparent\u00bb up=\u00bb30&#8243;]<div class=\"qode-advanced-image-gallery  qode-aig-grid-type qode-medium-space   \">\n\t<div class=\"qode-aig-inner qode-outer-space qode-aig-grid qode-aig-two-columns\">\n\t\t\t\t\t<div class=\"qode-aig-image qode-item-space\">\n\t\t\t\t<div class=\"qode-aig-image-inner\">\n\t\t\t\t\t\t\t\t\t\t\t<img loading=\"lazy\" decoding=\"async\" width=\"600\" height=\"400\" src=\"https:\/\/www.aspronis.com\/wp-content\/uploads\/2022\/07\/jardineria.jpg\" class=\"attachment-full size-full\" alt=\"\" srcset=\"https:\/\/www.aspronis.com\/wp-content\/uploads\/2022\/07\/jardineria.jpg 600w, https:\/\/www.aspronis.com\/wp-content\/uploads\/2022\/07\/jardineria-300x200.jpg 300w\" sizes=\"auto, (max-width: 600px) 100vw, 600px\" \/>\t\t\t\t\t\t<span class=\"aig-gallery-hover\">\n\t\t\t\t\t\t\t\t\t\t\t\t\t<\/span>\n\t\t\t\t\t\t\t\t\t<\/div>\n\t\t\t<\/div>\n\t\t\t\t\t<div class=\"qode-aig-image qode-item-space\">\n\t\t\t\t<div class=\"qode-aig-image-inner\">\n\t\t\t\t\t\t\t\t\t\t\t<img loading=\"lazy\" decoding=\"async\" width=\"600\" height=\"400\" src=\"https:\/\/www.aspronis.com\/wp-content\/uploads\/2022\/07\/jardineria2.jpg\" class=\"attachment-full size-full\" alt=\"\" srcset=\"https:\/\/www.aspronis.com\/wp-content\/uploads\/2022\/07\/jardineria2.jpg 600w, https:\/\/www.aspronis.com\/wp-content\/uploads\/2022\/07\/jardineria2-300x200.jpg 300w\" sizes=\"auto, (max-width: 600px) 100vw, 600px\" \/>\t\t\t\t\t\t<span class=\"aig-gallery-hover\">\n\t\t\t\t\t\t\t\t\t\t\t\t\t<\/span>\n\t\t\t\t\t\t\t\t\t<\/div>\n\t\t\t<\/div>\n\t\t\t<\/div>\n<\/div>[vc_separator type=\u00bbtransparent\u00bb up=\u00bb20&#8243;][\/vc_column][\/vc_row][vc_row css_animation=\u00bb\u00bb row_type=\u00bbrow\u00bb use_row_as_full_screen_section=\u00bbno\u00bb type=\u00bbfull_width\u00bb angled_section=\u00bbno\u00bb text_align=\u00bbleft\u00bb background_image_as_pattern=\u00bbwithout_pattern\u00bb el_class=\u00bbnewsletter_section_wrapper\u00bb z_index=\u00bb\u00bb][vc_column][vc_widget_sidebar sidebar_id=\u00bbnewsletter\u00bb][\/vc_column][\/vc_row]<\/p>\n<\/div>","protected":false},"excerpt":{"rendered":"<p>[vc_row css_animation=\u00bb\u00bb row_type=\u00bbrow\u00bb use_row_as_full_screen_section=\u00bbno\u00bb type=\u00bbgrid\u00bb angled_section=\u00bbno\u00bb text_align=\u00bbleft\u00bb background_image_as_pattern=\u00bbwithout_pattern\u00bb z_index=\u00bb\u00bb][vc_column][vc_column_text el_class=\u00bbsection_title small sep_small\u00bb] Jardiner\u00eda [\/vc_column_text][vc_column_text] Llevamos a cabo el dise\u00f1o y la preparaci\u00f3n de zonas ajardinadas p\u00fablicas o privadas de nueva creaci\u00f3n y nos encargamos del mantenimiento posterior con personal t\u00e9cnico especializado y equipado con la&#8230;<\/p>\n","protected":false},"author":1,"featured_media":0,"parent":1478,"menu_order":0,"comment_status":"closed","ping_status":"closed","template":"full_width.php","meta":{"footnotes":""},"class_list":["post-1480","page","type-page","status-publish","hentry"],"yoast_head":"<!-- This site is optimized with the Yoast SEO plugin v26.8 - https:\/\/yoast.com\/product\/yoast-seo-wordpress\/ -->\n<title>Jardiner\u00eda - Aspronis<\/title>\n<meta name=\"robots\" content=\"index, follow, max-snippet:-1, max-image-preview:large, max-video-preview:-1\" \/>\n<link rel=\"canonical\" href=\"https:\/\/www.aspronis.com\/es\/serveis-a-les-empreses\/jardineria\/\" \/>\n<meta property=\"og:locale\" content=\"es_ES\" \/>\n<meta property=\"og:type\" content=\"article\" \/>\n<meta property=\"og:title\" content=\"Jardiner\u00eda - Aspronis\" \/>\n<meta property=\"og:description\" content=\"[vc_row css_animation=\u00bb\u00bb row_type=\u00bbrow\u00bb use_row_as_full_screen_section=\u00bbno\u00bb type=\u00bbgrid\u00bb angled_section=\u00bbno\u00bb text_align=\u00bbleft\u00bb background_image_as_pattern=\u00bbwithout_pattern\u00bb z_index=\u00bb\u00bb][vc_column][vc_column_text el_class=\u00bbsection_title small sep_small\u00bb] Jardiner\u00eda [\/vc_column_text][vc_column_text] Llevamos a cabo el dise\u00f1o y la preparaci\u00f3n de zonas ajardinadas p\u00fablicas o privadas de nueva creaci\u00f3n y nos encargamos del mantenimiento posterior con personal t\u00e9cnico especializado y equipado con la...\" \/>\n<meta property=\"og:url\" content=\"https:\/\/www.aspronis.com\/es\/serveis-a-les-empreses\/jardineria\/\" \/>\n<meta property=\"og:site_name\" content=\"Aspronis\" \/>\n<meta property=\"article:modified_time\" content=\"2024-04-15T08:49:43+00:00\" \/>\n<meta name=\"twitter:card\" content=\"summary_large_image\" \/>\n<meta name=\"twitter:label1\" content=\"Tiempo de lectura\" \/>\n\t<meta name=\"twitter:data1\" content=\"1 minuto\" \/>\n<script type=\"application\/ld+json\" class=\"yoast-schema-graph\">{\"@context\":\"https:\/\/schema.org\",\"@graph\":[{\"@type\":\"WebPage\",\"@id\":\"https:\/\/www.aspronis.com\/es\/serveis-a-les-empreses\/jardineria\/\",\"url\":\"https:\/\/www.aspronis.com\/es\/serveis-a-les-empreses\/jardineria\/\",\"name\":\"Jardiner\u00eda - Aspronis\",\"isPartOf\":{\"@id\":\"https:\/\/www.aspronis.com\/es\/#website\"},\"datePublished\":\"2022-07-07T16:22:51+00:00\",\"dateModified\":\"2024-04-15T08:49:43+00:00\",\"breadcrumb\":{\"@id\":\"https:\/\/www.aspronis.com\/es\/serveis-a-les-empreses\/jardineria\/#breadcrumb\"},\"inLanguage\":\"es\",\"potentialAction\":[{\"@type\":\"ReadAction\",\"target\":[\"https:\/\/www.aspronis.com\/es\/serveis-a-les-empreses\/jardineria\/\"]}]},{\"@type\":\"BreadcrumbList\",\"@id\":\"https:\/\/www.aspronis.com\/es\/serveis-a-les-empreses\/jardineria\/#breadcrumb\",\"itemListElement\":[{\"@type\":\"ListItem\",\"position\":1,\"name\":\"Servicios a las empresas\",\"item\":\"https:\/\/www.aspronis.com\/es\/serveis-a-les-empreses\/\"},{\"@type\":\"ListItem\",\"position\":2,\"name\":\"Jardiner\u00eda\"}]},{\"@type\":\"WebSite\",\"@id\":\"https:\/\/www.aspronis.com\/es\/#website\",\"url\":\"https:\/\/www.aspronis.com\/es\/\",\"name\":\"Aspronis\",\"description\":\"\",\"potentialAction\":[{\"@type\":\"SearchAction\",\"target\":{\"@type\":\"EntryPoint\",\"urlTemplate\":\"https:\/\/www.aspronis.com\/es\/?s={search_term_string}\"},\"query-input\":{\"@type\":\"PropertyValueSpecification\",\"valueRequired\":true,\"valueName\":\"search_term_string\"}}],\"inLanguage\":\"es\"}]}<\/script>\n<!-- \/ Yoast SEO plugin. -->","yoast_head_json":{"title":"Jardiner\u00eda - Aspronis","robots":{"index":"index","follow":"follow","max-snippet":"max-snippet:-1","max-image-preview":"max-image-preview:large","max-video-preview":"max-video-preview:-1"},"canonical":"https:\/\/www.aspronis.com\/es\/serveis-a-les-empreses\/jardineria\/","og_locale":"es_ES","og_type":"article","og_title":"Jardiner\u00eda - Aspronis","og_description":"[vc_row css_animation=\u00bb\u00bb row_type=\u00bbrow\u00bb use_row_as_full_screen_section=\u00bbno\u00bb type=\u00bbgrid\u00bb angled_section=\u00bbno\u00bb text_align=\u00bbleft\u00bb background_image_as_pattern=\u00bbwithout_pattern\u00bb z_index=\u00bb\u00bb][vc_column][vc_column_text el_class=\u00bbsection_title small sep_small\u00bb] Jardiner\u00eda [\/vc_column_text][vc_column_text] Llevamos a cabo el dise\u00f1o y la preparaci\u00f3n de zonas ajardinadas p\u00fablicas o privadas de nueva creaci\u00f3n y nos encargamos del mantenimiento posterior con personal t\u00e9cnico especializado y equipado con la...","og_url":"https:\/\/www.aspronis.com\/es\/serveis-a-les-empreses\/jardineria\/","og_site_name":"Aspronis","article_modified_time":"2024-04-15T08:49:43+00:00","twitter_card":"summary_large_image","twitter_misc":{"Tiempo de lectura":"1 minuto"},"schema":{"@context":"https:\/\/schema.org","@graph":[{"@type":"WebPage","@id":"https:\/\/www.aspronis.com\/es\/serveis-a-les-empreses\/jardineria\/","url":"https:\/\/www.aspronis.com\/es\/serveis-a-les-empreses\/jardineria\/","name":"Jardiner\u00eda - Aspronis","isPartOf":{"@id":"https:\/\/www.aspronis.com\/es\/#website"},"datePublished":"2022-07-07T16:22:51+00:00","dateModified":"2024-04-15T08:49:43+00:00","breadcrumb":{"@id":"https:\/\/www.aspronis.com\/es\/serveis-a-les-empreses\/jardineria\/#breadcrumb"},"inLanguage":"es","potentialAction":[{"@type":"ReadAction","target":["https:\/\/www.aspronis.com\/es\/serveis-a-les-empreses\/jardineria\/"]}]},{"@type":"BreadcrumbList","@id":"https:\/\/www.aspronis.com\/es\/serveis-a-les-empreses\/jardineria\/#breadcrumb","itemListElement":[{"@type":"ListItem","position":1,"name":"Servicios a las empresas","item":"https:\/\/www.aspronis.com\/es\/serveis-a-les-empreses\/"},{"@type":"ListItem","position":2,"name":"Jardiner\u00eda"}]},{"@type":"WebSite","@id":"https:\/\/www.aspronis.com\/es\/#website","url":"https:\/\/www.aspronis.com\/es\/","name":"Aspronis","description":"","potentialAction":[{"@type":"SearchAction","target":{"@type":"EntryPoint","urlTemplate":"https:\/\/www.aspronis.com\/es\/?s={search_term_string}"},"query-input":{"@type":"PropertyValueSpecification","valueRequired":true,"valueName":"search_term_string"}}],"inLanguage":"es"}]}},"_links":{"self":[{"href":"https:\/\/www.aspronis.com\/es\/wp-json\/wp\/v2\/pages\/1480","targetHints":{"allow":["GET"]}}],"collection":[{"href":"https:\/\/www.aspronis.com\/es\/wp-json\/wp\/v2\/pages"}],"about":[{"href":"https:\/\/www.aspronis.com\/es\/wp-json\/wp\/v2\/types\/page"}],"author":[{"embeddable":true,"href":"https:\/\/www.aspronis.com\/es\/wp-json\/wp\/v2\/users\/1"}],"replies":[{"embeddable":true,"href":"https:\/\/www.aspronis.com\/es\/wp-json\/wp\/v2\/comments?post=1480"}],"version-history":[{"count":2,"href":"https:\/\/www.aspronis.com\/es\/wp-json\/wp\/v2\/pages\/1480\/revisions"}],"predecessor-version":[{"id":1674,"href":"https:\/\/www.aspronis.com\/es\/wp-json\/wp\/v2\/pages\/1480\/revisions\/1674"}],"up":[{"embeddable":true,"href":"https:\/\/www.aspronis.com\/es\/wp-json\/wp\/v2\/pages\/1478"}],"wp:attachment":[{"href":"https:\/\/www.aspronis.com\/es\/wp-json\/wp\/v2\/media?parent=1480"}],"curies":[{"name":"wp","href":"https:\/\/api.w.org\/{rel}","templated":true}]}}