{"id":1483,"date":"2022-07-07T18:23:49","date_gmt":"2022-07-07T16:23:49","guid":{"rendered":"https:\/\/www.aspronis.com\/serveis-a-les-empreses\/via-publica\/"},"modified":"2022-12-09T13:01:09","modified_gmt":"2022-12-09T12:01:09","slug":"via-publica","status":"publish","type":"page","link":"https:\/\/www.aspronis.com\/es\/serveis-a-les-empreses\/via-publica\/","title":{"rendered":"V\u00eda p\u00fablica"},"content":{"rendered":"<div class=\"wpb-content-wrapper\"><p>[vc_row css_animation=\u00bb\u00bb row_type=\u00bbrow\u00bb use_row_as_full_screen_section=\u00bbno\u00bb type=\u00bbgrid\u00bb angled_section=\u00bbno\u00bb text_align=\u00bbleft\u00bb background_image_as_pattern=\u00bbwithout_pattern\u00bb z_index=\u00bb\u00bb][vc_column][vc_column_text el_class=\u00bbsection_title small sep_small\u00bb]<\/p>\n<h2>Alumbrado<\/h2>\n<p>[\/vc_column_text][vc_row_inner row_type=\u00bbrow\u00bb type=\u00bbfull_width\u00bb text_align=\u00bbleft\u00bb css_animation=\u00bb\u00bb][vc_column_inner width=\u00bb1\/2&#8243;][vc_column_text]Ofrecemos servicios de <b>alumbrado exterior y semaf\u00f3rico <\/b>mediante <b>Impulsa SL, una empresa de inserci\u00f3n marca de ASPRONIS<\/b>, con la que insertamos personas en riesgo de exclusi\u00f3n social<b>. <\/b>Nuestros servicios profesionales tienen valor a\u00f1adido, somos <b>proveedores con sello social<\/b>:<\/p>\n<ul>\n<li aria-level=\"1\">Alumbrado exterior<\/li>\n<li aria-level=\"1\">Sistema de instalaci\u00f3n correctivo y preventivo.<\/li>\n<li aria-level=\"1\">Mantenimiento el\u00e9ctrico y mec\u00e1nico.<\/li>\n<li aria-level=\"1\">Mantenimiento integral de naves y f\u00e1bricas.<\/li>\n<li aria-level=\"1\">Proyectos de ingenier\u00eda: instalaci\u00f3n el\u00e9ctrica, t\u00e9rmica, etc.<\/li>\n<li aria-level=\"1\">Mantenimiento de edificios.<\/li>\n<\/ul>\n<p>Actualmente superamos los 9.000 puntos de luz en mantenimiento preventivo y correctivo en diversas poblaciones de Catalu\u00f1a.<\/p>\n<p>[\/vc_column_text][\/vc_column_inner][vc_column_inner width=\u00bb1\/2&#8243;][vc_single_image image=\u00bb1309&#8243; img_size=\u00bbfull\u00bb qode_css_animation=\u00bb\u00bb][\/vc_column_inner][\/vc_row_inner][vc_column_text]<b>\u00bfC\u00f3mo pueden contratar las empresas u organismos p\u00fablicos nuestros servicios?<\/b>[\/vc_column_text][vc_separator type=\u00bbtransparent\u00bb thickness=\u00bb20&#8243;]<div class=\"qode-accordion-holder clearfix qode-toggle qode-initial \">\n\t<h4 class=\"clearfix qode-title-holder\">\n<span class=\"qode-tab-title\">\n\t    <span class=\"qode-tab-title-inner\">\n        Prescripci\u00f3n    <\/span>\n<\/span>\n<span class=\"qode-accordion-mark\">\n    <span class=\"qode-accordion-mark-icon\">\n        <span class=\"icon_plus\"><\/span>\n        <span class=\"icon_minus-06\"><\/span>\n    <\/span>\n<\/span>\n<\/h4>\n<div  class=\"qode-accordion-content \" >\n    <div class=\"qode-accordion-content-inner\">\n        [vc_column_text]De acuerdo con la Ley 9\/2017 de Contratos del Sector P\u00fablico, los organismos p\u00fablicos pueden prescribir empresas sociales y de inserci\u00f3n en los pliegos de condiciones de las licitaciones p\u00fablicas a fin de llevar a cabo una parte de las tareas. Impulsa, como empresa social, cumple con los requisitos para ser prescrita y garantiza una ejecuci\u00f3n de las tareas con el 100% de garant\u00edas t\u00e9cnicas y administrativas.[\/vc_column_text]    <\/div>\n<\/div><h4 class=\"clearfix qode-title-holder\">\n<span class=\"qode-tab-title\">\n\t    <span class=\"qode-tab-title-inner\">\n        Subcontrataci\u00f3n    <\/span>\n<\/span>\n<span class=\"qode-accordion-mark\">\n    <span class=\"qode-accordion-mark-icon\">\n        <span class=\"icon_plus\"><\/span>\n        <span class=\"icon_minus-06\"><\/span>\n    <\/span>\n<\/span>\n<\/h4>\n<div  class=\"qode-accordion-content \" >\n    <div class=\"qode-accordion-content-inner\">\n        [vc_column_text]Nuestros servicios pueden ser subcontratados por otra empresa p\u00fablica o privada en una puja que le haya sido adjudicada.[\/vc_column_text]    <\/div>\n<\/div><\/div>[\/vc_column][\/vc_row][vc_row css_animation=\u00bb\u00bb row_type=\u00bbrow\u00bb use_row_as_full_screen_section=\u00bbno\u00bb type=\u00bbgrid\u00bb angled_section=\u00bbno\u00bb text_align=\u00bbleft\u00bb background_image_as_pattern=\u00bbwithout_pattern\u00bb el_class=\u00bbbg_gris\u00bb z_index=\u00bb\u00bb][vc_column][vc_column_text el_class=\u00bbsection_title small sep_small\u00bb]<\/p>\n<h2>Se\u00f1alizaci\u00f3n<\/h2>\n<p>[\/vc_column_text][vc_row_inner row_type=\u00bbrow\u00bb type=\u00bbfull_width\u00bb text_align=\u00bbleft\u00bb css_animation=\u00bb\u00bb][vc_column_inner width=\u00bb2\/3&#8243;][vc_column_text]<\/p>\n<div class=\"gdlr-item gdlr-content-item\">\n<div class=\"justificar\">\n<p>El equipo t\u00e9cnico del departamento est\u00e1 formado por personal profesional y experimentado en las tareas de <strong>se\u00f1alizaci\u00f3n<\/strong> vial tanto <strong>horizontal<\/strong> como <strong>vertical. <\/strong>Cada proyecto de se\u00f1alizaci\u00f3n se estudia y se planifica previamente y se utiliza la maquinaria y los productos adecuados para asegurar la m\u00e1xima calidad y eficacia en la ejecuci\u00f3n. Nos ocupamos del pintado de:<\/p>\n<ul>\n<li>Pasos de peatones, isletas, flechas, letras, simbolog\u00eda.<\/li>\n<li>Bandas continuas y discontinuas.<\/li>\n<li>Delimitaci\u00f3n de zonas interiores y exteriores de empresas.<\/li>\n<li>Pintado de aparcamientos particulares y comunitarios.<\/li>\n<\/ul>\n<p>Tambi\u00e9n realizamos:<\/p>\n<ul>\n<li>Borrados varios.<\/li>\n<li>Colocaci\u00f3n de se\u00f1ales, vallas, pilonas, etc.<\/li>\n<\/ul>\n<p>Los ayuntamientos de Blanes, Lloret de Mar, Palafolls, Calella, Malgrat de Mar o empresas como Aig\u00fces de Blanes, entre otros, nos conf\u00edan el mantenimiento y la ejecuci\u00f3n de sus proyectos de se\u00f1alizaci\u00f3n desde hace muchos a\u00f1os.<\/p>\n<\/div>\n<\/div>\n<p>[\/vc_column_text][vc_separator type=\u00bbtransparent\u00bb up=\u00bb30&#8243;][\/vc_column_inner][vc_column_inner width=\u00bb1\/3&#8243;][vc_single_image image=\u00bb815&#8243; img_size=\u00bbfull\u00bb qode_css_animation=\u00bb\u00bb][vc_separator type=\u00bbtransparent\u00bb up=\u00bb30&#8243;][vc_single_image image=\u00bb817&#8243; img_size=\u00bbfull\u00bb qode_css_animation=\u00bb\u00bb][\/vc_column_inner][\/vc_row_inner][\/vc_column][\/vc_row][vc_row css_animation=\u00bb\u00bb row_type=\u00bbrow\u00bb use_row_as_full_screen_section=\u00bbno\u00bb type=\u00bbgrid\u00bb angled_section=\u00bbno\u00bb text_align=\u00bbleft\u00bb background_image_as_pattern=\u00bbwithout_pattern\u00bb z_index=\u00bb\u00bb][vc_column][vc_column_text el_class=\u00bbsection_title small sep_small\u00bb]<\/p>\n<h2>Parques infantiles, de salud y mobiliario urbano<\/h2>\n<p>[\/vc_column_text][vc_column_text]<\/p>\n<div class=\"gdlr-item gdlr-content-item\">\n<div class=\"justificar\">\n<p>Contamos con un equipo t\u00e9cnico especializado y con amplia experiencia en tareas de dise\u00f1o, montaje y conservaci\u00f3n de:<\/p>\n<ul>\n<li><strong>Mobiliario urbano<\/strong> (jardineras, bancos, papeleras, barandillas de madera tratada, etc.).<\/li>\n<li><strong>Parques infantiles<\/strong> (juegos, pavimento de seguridad, etc.).<\/li>\n<li><strong>Parques de salud<\/strong><\/li>\n<li><strong>Zonas de recreo<\/strong><\/li>\n<\/ul>\n<p>Nuestra cartera de clientes est\u00e1 formada tanto por organismos p\u00fablicos como por privados.<\/p>\n<\/div>\n<\/div>\n<p>[\/vc_column_text][vc_separator type=\u00bbtransparent\u00bb up=\u00bb30&#8243;]<div class=\"qode-advanced-image-gallery  qode-aig-grid-type qode-medium-space   \">\n\t<div class=\"qode-aig-inner qode-outer-space qode-aig-grid qode-aig-two-columns\">\n\t\t\t<\/div>\n<\/div>[\/vc_column][\/vc_row][vc_row css_animation=\u00bb\u00bb row_type=\u00bbrow\u00bb use_row_as_full_screen_section=\u00bbno\u00bb type=\u00bbgrid\u00bb angled_section=\u00bbno\u00bb text_align=\u00bbleft\u00bb background_image_as_pattern=\u00bbwithout_pattern\u00bb el_class=\u00bbbg_gris\u00bb z_index=\u00bb\u00bb][vc_column][vc_column_text el_class=\u00bbsection_title small sep_small\u00bb]<\/p>\n<h2>Control de aparcamientos<\/h2>\n<p>[\/vc_column_text][vc_row_inner row_type=\u00bbrow\u00bb type=\u00bbfull_width\u00bb text_align=\u00bbleft\u00bb css_animation=\u00bb\u00bb][vc_column_inner width=\u00bb1\/2&#8243;][vc_column_text]<\/p>\n<div class=\"gdlr-item gdlr-content-item\">\n<div class=\"justificar\">\n<div class=\"gdlr-item gdlr-content-item\">\n<div class=\"justificar\">\n<p>Tenemos experiencia en la gesti\u00f3n y control de aparcamientos. Nos ocupamos de la supervisi\u00f3n horaria, de pago y del correcto funcionamiento del espacio.<\/p>\n<p>Tambi\u00e9n ofrecemos los servicios complementarios de pintura vial en caso de pintado de plazas o espacio, y de limpieza de veh\u00edculos in situ con un sistema m\u00f3vil respetuoso con el medio ambiente que s\u00f3lo utiliza 4 litros de vapor de agua.<\/p>\n<\/div>\n<\/div>\n<\/div>\n<\/div>\n<p>[\/vc_column_text][\/vc_column_inner][vc_column_inner width=\u00bb1\/2&#8243;][vc_single_image image=\u00bb1312&#8243; img_size=\u00bbfull\u00bb qode_css_animation=\u00bb\u00bb][\/vc_column_inner][\/vc_row_inner][\/vc_column][\/vc_row][vc_row css_animation=\u00bb\u00bb row_type=\u00bbrow\u00bb use_row_as_full_screen_section=\u00bbno\u00bb type=\u00bbgrid\u00bb angled_section=\u00bbno\u00bb text_align=\u00bbleft\u00bb background_image_as_pattern=\u00bbwithout_pattern\u00bb z_index=\u00bb\u00bb][vc_column][vc_column_text el_class=\u00bbsection_title small sep_small\u00bb]<\/p>\n<h2><strong>Soporte a brigadas municipales\u00a0<\/strong><\/h2>\n<p>[\/vc_column_text][vc_column_text]<\/p>\n<div class=\"gdlr-item gdlr-content-item\">\n<div class=\"justificar\">\n<div class=\"gdlr-item gdlr-content-item\">\n<div class=\"justificar\">\n<div class=\"gdlr-item gdlr-content-item\">\n<div class=\"justificar\">\n<p>Trabajamos como <strong>apoyo log\u00edstico y humano<\/strong> de los servicios municipales.Contamos con equipos especializados y aut\u00f3nomos para llevar a cabo el montaje de actos, fiestas y eventos diversos: escenarios, carpas, sillas, alumbrado, traslado de material, etc.<\/p>\n<p>Tambi\u00e9n nos encargamos con la m\u00e1xima eficacia del reparto a domicilio de comunicaciones de todo tipo: boletines, bandos, propaganda, etc.<\/p>\n<\/div>\n<\/div>\n<\/div>\n<\/div>\n<\/div>\n<\/div>\n<p>[\/vc_column_text][\/vc_column][\/vc_row][vc_row css_animation=\u00bb\u00bb row_type=\u00bbrow\u00bb use_row_as_full_screen_section=\u00bbno\u00bb type=\u00bbfull_width\u00bb angled_section=\u00bbno\u00bb text_align=\u00bbleft\u00bb background_image_as_pattern=\u00bbwithout_pattern\u00bb el_class=\u00bbnewsletter_section_wrapper\u00bb z_index=\u00bb\u00bb][vc_column][vc_widget_sidebar sidebar_id=\u00bbnewsletter\u00bb][\/vc_column][\/vc_row]<\/p>\n<\/div>","protected":false},"excerpt":{"rendered":"<p>[vc_row css_animation=\u00bb\u00bb row_type=\u00bbrow\u00bb use_row_as_full_screen_section=\u00bbno\u00bb type=\u00bbgrid\u00bb angled_section=\u00bbno\u00bb text_align=\u00bbleft\u00bb background_image_as_pattern=\u00bbwithout_pattern\u00bb z_index=\u00bb\u00bb][vc_column][vc_column_text el_class=\u00bbsection_title small sep_small\u00bb] Alumbrado [\/vc_column_text][vc_row_inner row_type=\u00bbrow\u00bb type=\u00bbfull_width\u00bb text_align=\u00bbleft\u00bb css_animation=\u00bb\u00bb][vc_column_inner width=\u00bb1\/2&#8243;][vc_column_text]Ofrecemos servicios de alumbrado exterior y semaf\u00f3rico mediante Impulsa SL, una empresa de inserci\u00f3n marca de ASPRONIS, con la que insertamos personas en riesgo de exclusi\u00f3n social&#8230;.<\/p>\n","protected":false},"author":1,"featured_media":0,"parent":1478,"menu_order":0,"comment_status":"closed","ping_status":"closed","template":"full_width.php","meta":{"footnotes":""},"class_list":["post-1483","page","type-page","status-publish","hentry"],"yoast_head":"<!-- This site is optimized with the Yoast SEO plugin v26.8 - https:\/\/yoast.com\/product\/yoast-seo-wordpress\/ -->\n<title>V\u00eda p\u00fablica - Aspronis<\/title>\n<meta name=\"robots\" content=\"index, follow, max-snippet:-1, max-image-preview:large, max-video-preview:-1\" \/>\n<link rel=\"canonical\" href=\"https:\/\/www.aspronis.com\/es\/serveis-a-les-empreses\/via-publica\/\" \/>\n<meta property=\"og:locale\" content=\"es_ES\" \/>\n<meta property=\"og:type\" content=\"article\" \/>\n<meta property=\"og:title\" content=\"V\u00eda p\u00fablica - Aspronis\" \/>\n<meta property=\"og:description\" content=\"[vc_row css_animation=\u00bb\u00bb row_type=\u00bbrow\u00bb use_row_as_full_screen_section=\u00bbno\u00bb type=\u00bbgrid\u00bb angled_section=\u00bbno\u00bb text_align=\u00bbleft\u00bb background_image_as_pattern=\u00bbwithout_pattern\u00bb z_index=\u00bb\u00bb][vc_column][vc_column_text el_class=\u00bbsection_title small sep_small\u00bb] Alumbrado [\/vc_column_text][vc_row_inner row_type=\u00bbrow\u00bb type=\u00bbfull_width\u00bb text_align=\u00bbleft\u00bb css_animation=\u00bb\u00bb][vc_column_inner width=\u00bb1\/2&#8243;][vc_column_text]Ofrecemos servicios de alumbrado exterior y semaf\u00f3rico mediante Impulsa SL, una empresa de inserci\u00f3n marca de ASPRONIS, con la que insertamos personas en riesgo de exclusi\u00f3n social....\" \/>\n<meta property=\"og:url\" content=\"https:\/\/www.aspronis.com\/es\/serveis-a-les-empreses\/via-publica\/\" \/>\n<meta property=\"og:site_name\" content=\"Aspronis\" \/>\n<meta property=\"article:modified_time\" content=\"2022-12-09T12:01:09+00:00\" \/>\n<meta name=\"twitter:card\" content=\"summary_large_image\" \/>\n<meta name=\"twitter:label1\" content=\"Tiempo de lectura\" \/>\n\t<meta name=\"twitter:data1\" content=\"4 minutos\" \/>\n<script type=\"application\/ld+json\" class=\"yoast-schema-graph\">{\"@context\":\"https:\/\/schema.org\",\"@graph\":[{\"@type\":\"WebPage\",\"@id\":\"https:\/\/www.aspronis.com\/es\/serveis-a-les-empreses\/via-publica\/\",\"url\":\"https:\/\/www.aspronis.com\/es\/serveis-a-les-empreses\/via-publica\/\",\"name\":\"V\u00eda p\u00fablica - Aspronis\",\"isPartOf\":{\"@id\":\"https:\/\/www.aspronis.com\/es\/#website\"},\"datePublished\":\"2022-07-07T16:23:49+00:00\",\"dateModified\":\"2022-12-09T12:01:09+00:00\",\"breadcrumb\":{\"@id\":\"https:\/\/www.aspronis.com\/es\/serveis-a-les-empreses\/via-publica\/#breadcrumb\"},\"inLanguage\":\"es\",\"potentialAction\":[{\"@type\":\"ReadAction\",\"target\":[\"https:\/\/www.aspronis.com\/es\/serveis-a-les-empreses\/via-publica\/\"]}]},{\"@type\":\"BreadcrumbList\",\"@id\":\"https:\/\/www.aspronis.com\/es\/serveis-a-les-empreses\/via-publica\/#breadcrumb\",\"itemListElement\":[{\"@type\":\"ListItem\",\"position\":1,\"name\":\"Servicios a las empresas\",\"item\":\"https:\/\/www.aspronis.com\/es\/serveis-a-les-empreses\/\"},{\"@type\":\"ListItem\",\"position\":2,\"name\":\"V\u00eda p\u00fablica\"}]},{\"@type\":\"WebSite\",\"@id\":\"https:\/\/www.aspronis.com\/es\/#website\",\"url\":\"https:\/\/www.aspronis.com\/es\/\",\"name\":\"Aspronis\",\"description\":\"\",\"potentialAction\":[{\"@type\":\"SearchAction\",\"target\":{\"@type\":\"EntryPoint\",\"urlTemplate\":\"https:\/\/www.aspronis.com\/es\/?s={search_term_string}\"},\"query-input\":{\"@type\":\"PropertyValueSpecification\",\"valueRequired\":true,\"valueName\":\"search_term_string\"}}],\"inLanguage\":\"es\"}]}<\/script>\n<!-- \/ Yoast SEO plugin. -->","yoast_head_json":{"title":"V\u00eda p\u00fablica - Aspronis","robots":{"index":"index","follow":"follow","max-snippet":"max-snippet:-1","max-image-preview":"max-image-preview:large","max-video-preview":"max-video-preview:-1"},"canonical":"https:\/\/www.aspronis.com\/es\/serveis-a-les-empreses\/via-publica\/","og_locale":"es_ES","og_type":"article","og_title":"V\u00eda p\u00fablica - Aspronis","og_description":"[vc_row css_animation=\u00bb\u00bb row_type=\u00bbrow\u00bb use_row_as_full_screen_section=\u00bbno\u00bb type=\u00bbgrid\u00bb angled_section=\u00bbno\u00bb text_align=\u00bbleft\u00bb background_image_as_pattern=\u00bbwithout_pattern\u00bb z_index=\u00bb\u00bb][vc_column][vc_column_text el_class=\u00bbsection_title small sep_small\u00bb] Alumbrado [\/vc_column_text][vc_row_inner row_type=\u00bbrow\u00bb type=\u00bbfull_width\u00bb text_align=\u00bbleft\u00bb css_animation=\u00bb\u00bb][vc_column_inner width=\u00bb1\/2&#8243;][vc_column_text]Ofrecemos servicios de alumbrado exterior y semaf\u00f3rico mediante Impulsa SL, una empresa de inserci\u00f3n marca de ASPRONIS, con la que insertamos personas en riesgo de exclusi\u00f3n social....","og_url":"https:\/\/www.aspronis.com\/es\/serveis-a-les-empreses\/via-publica\/","og_site_name":"Aspronis","article_modified_time":"2022-12-09T12:01:09+00:00","twitter_card":"summary_large_image","twitter_misc":{"Tiempo de lectura":"4 minutos"},"schema":{"@context":"https:\/\/schema.org","@graph":[{"@type":"WebPage","@id":"https:\/\/www.aspronis.com\/es\/serveis-a-les-empreses\/via-publica\/","url":"https:\/\/www.aspronis.com\/es\/serveis-a-les-empreses\/via-publica\/","name":"V\u00eda p\u00fablica - Aspronis","isPartOf":{"@id":"https:\/\/www.aspronis.com\/es\/#website"},"datePublished":"2022-07-07T16:23:49+00:00","dateModified":"2022-12-09T12:01:09+00:00","breadcrumb":{"@id":"https:\/\/www.aspronis.com\/es\/serveis-a-les-empreses\/via-publica\/#breadcrumb"},"inLanguage":"es","potentialAction":[{"@type":"ReadAction","target":["https:\/\/www.aspronis.com\/es\/serveis-a-les-empreses\/via-publica\/"]}]},{"@type":"BreadcrumbList","@id":"https:\/\/www.aspronis.com\/es\/serveis-a-les-empreses\/via-publica\/#breadcrumb","itemListElement":[{"@type":"ListItem","position":1,"name":"Servicios a las empresas","item":"https:\/\/www.aspronis.com\/es\/serveis-a-les-empreses\/"},{"@type":"ListItem","position":2,"name":"V\u00eda p\u00fablica"}]},{"@type":"WebSite","@id":"https:\/\/www.aspronis.com\/es\/#website","url":"https:\/\/www.aspronis.com\/es\/","name":"Aspronis","description":"","potentialAction":[{"@type":"SearchAction","target":{"@type":"EntryPoint","urlTemplate":"https:\/\/www.aspronis.com\/es\/?s={search_term_string}"},"query-input":{"@type":"PropertyValueSpecification","valueRequired":true,"valueName":"search_term_string"}}],"inLanguage":"es"}]}},"_links":{"self":[{"href":"https:\/\/www.aspronis.com\/es\/wp-json\/wp\/v2\/pages\/1483","targetHints":{"allow":["GET"]}}],"collection":[{"href":"https:\/\/www.aspronis.com\/es\/wp-json\/wp\/v2\/pages"}],"about":[{"href":"https:\/\/www.aspronis.com\/es\/wp-json\/wp\/v2\/types\/page"}],"author":[{"embeddable":true,"href":"https:\/\/www.aspronis.com\/es\/wp-json\/wp\/v2\/users\/1"}],"replies":[{"embeddable":true,"href":"https:\/\/www.aspronis.com\/es\/wp-json\/wp\/v2\/comments?post=1483"}],"version-history":[{"count":6,"href":"https:\/\/www.aspronis.com\/es\/wp-json\/wp\/v2\/pages\/1483\/revisions"}],"predecessor-version":[{"id":1936,"href":"https:\/\/www.aspronis.com\/es\/wp-json\/wp\/v2\/pages\/1483\/revisions\/1936"}],"up":[{"embeddable":true,"href":"https:\/\/www.aspronis.com\/es\/wp-json\/wp\/v2\/pages\/1478"}],"wp:attachment":[{"href":"https:\/\/www.aspronis.com\/es\/wp-json\/wp\/v2\/media?parent=1483"}],"curies":[{"name":"wp","href":"https:\/\/api.w.org\/{rel}","templated":true}]}}