{"id":1485,"date":"2022-07-06T16:04:22","date_gmt":"2022-07-06T14:04:22","guid":{"rendered":"https:\/\/www.aspronis.com\/serveis-a-les-persones\/atencio-a-la-infancia\/"},"modified":"2022-10-26T15:11:45","modified_gmt":"2022-10-26T13:11:45","slug":"atencion-a-la-infancia","status":"publish","type":"page","link":"https:\/\/www.aspronis.com\/es\/serveis-a-les-persones\/atencion-a-la-infancia\/","title":{"rendered":"Atenci\u00f3n a la infancia"},"content":{"rendered":"<div class=\"wpb-content-wrapper\"><p>[vc_row css_animation=\u00bb\u00bb row_type=\u00bbrow\u00bb use_row_as_full_screen_section=\u00bbno\u00bb type=\u00bbgrid\u00bb angled_section=\u00bbno\u00bb text_align=\u00bbleft\u00bb background_image_as_pattern=\u00bbwithout_pattern\u00bb z_index=\u00bb\u00bb][vc_column][vc_column_text el_class=\u00bbsection_title small sep\u00bb]<\/p>\n<h2>Centro de Desarrollo Infantil y Atenci\u00f3n Precoz (CDIAP)<\/h2>\n<p>[\/vc_column_text][vc_single_image image=\u00bb360&#8243; img_size=\u00bbfull\u00bb qode_css_animation=\u00bb\u00bb][vc_separator type=\u00bbtransparent\u00bb up=\u00bb20&#8243;][vc_column_text]El <strong>Centro de Desarrollo Infantil y Atenci\u00f3n Precoz (CDIAP) ASPRONIS<\/strong> es un dispositivo cl\u00ednico y de <strong>atenci\u00f3n precoz dirigido a ni\u00f1os de 0 a 6 a\u00f1os y sus familias<\/strong> de la comarca de la Selva y en los municipios del norte del Maresme.<\/p>\n<p>Somos un <strong>servicio p\u00fablico, universal y gratuito<\/strong> que forma parte de la Red de Servicios Sociales de Atenci\u00f3n P\u00fablica de la Generalitat de Catalunya.<\/p>\n<p>La atenci\u00f3n precoz es el conjunto de intervenciones interdisciplinarias dirigidas a los ni\u00f1os atendidos, las familias y el entorno para la <strong>prevenci\u00f3n, la detecci\u00f3n, el diagn\u00f3stico y el tratamiento de trastornos o problemas en el desarrollo<\/strong> que afectan o tienen el riesgo de sufrir la poblaci\u00f3n infantil.[\/vc_column_text][\/vc_column][\/vc_row][vc_row css_animation=\u00bb\u00bb row_type=\u00bbrow\u00bb use_row_as_full_screen_section=\u00bbno\u00bb type=\u00bbgrid\u00bb angled_section=\u00bbno\u00bb text_align=\u00bbleft\u00bb background_image_as_pattern=\u00bbwithout_pattern\u00bb z_index=\u00bb\u00bb][vc_column width=\u00bb1\/2&#8243;][vc_column_text]El equipo de profesionales de la psicolog\u00eda, la fisioterapia, la logopedia, la neuropediatr\u00eda y el trabajo social que formamos el CDIAP nos ocupamos de:<\/p>\n<p>[\/vc_column_text][vc_separator type=\u00bbtransparent\u00bb up=\u00bb20&#8243;][vc_column_text el_class=\u00bbul_nice\u00bb]<\/p>\n<ul>\n<li>Valorar el desarrollo del ni\u00f1o mediante un diagn\u00f3stico psicol\u00f3gico, neurol\u00f3gico y social.<\/li>\n<li>Tratar terap\u00e9utica e interdisciplinariamente al ni\u00f1o y hacer seguimiento de la evoluci\u00f3n.<\/li>\n<li>Orientar, apoyar y asesorar a las familias.<\/li>\n<li>Orientar y ofrecer apoyo al proceso socioeducativo de los ni\u00f1os afectados por alg\u00fan trastorno o d\u00e9ficit.<\/li>\n<li>Apoyar la atenci\u00f3n primaria a fin de promover la tarea preventiva y la detecci\u00f3n precoz en los \u00e1mbitos sanitario, educativo y social.<\/li>\n<\/ul>\n<p>[\/vc_column_text][vc_separator type=\u00bbtransparent\u00bb up=\u00bb30&#8243;][vc_column_text el_class=\u00bbatencio_centres_list\u00bb]Nuestros centros CDIAP :<\/p>\n<ul>\n<li><a href=\"https:\/\/www.aspronis.com\/es\/la-fundacio\/aspronis-qui-som\/contactans\/\" target=\"_blank\" rel=\"noopener\">Blanes<\/a><\/li>\n<li><a href=\"https:\/\/www.aspronis.com\/es\/la-fundacio\/aspronis-qui-som\/contactans\/\" target=\"_blank\" rel=\"noopener\">Santa Coloma de Farners<\/a><\/li>\n<\/ul>\n<p>[\/vc_column_text][vc_separator type=\u00bbtransparent\u00bb up=\u00bb20&#8243;][\/vc_column][vc_column width=\u00bb1\/2&#8243;][vc_single_image image=\u00bb367&#8243; img_size=\u00bbfull\u00bb qode_css_animation=\u00bb\u00bb][\/vc_column][\/vc_row][vc_row css_animation=\u00bb\u00bb row_type=\u00bbrow\u00bb use_row_as_full_screen_section=\u00bbno\u00bb type=\u00bbfull_width\u00bb angled_section=\u00bbno\u00bb text_align=\u00bbleft\u00bb background_image_as_pattern=\u00bbwithout_pattern\u00bb el_class=\u00bbnewsletter_section_wrapper\u00bb z_index=\u00bb\u00bb][vc_column][vc_widget_sidebar sidebar_id=\u00bbnewsletter\u00bb][\/vc_column][\/vc_row]<\/p>\n<\/div>","protected":false},"excerpt":{"rendered":"<p>[vc_row css_animation=\u00bb\u00bb row_type=\u00bbrow\u00bb use_row_as_full_screen_section=\u00bbno\u00bb type=\u00bbgrid\u00bb angled_section=\u00bbno\u00bb text_align=\u00bbleft\u00bb background_image_as_pattern=\u00bbwithout_pattern\u00bb z_index=\u00bb\u00bb][vc_column][vc_column_text el_class=\u00bbsection_title small sep\u00bb] Centro de Desarrollo Infantil y Atenci\u00f3n Precoz (CDIAP) [\/vc_column_text][vc_single_image image=\u00bb360&#8243; img_size=\u00bbfull\u00bb qode_css_animation=\u00bb\u00bb][vc_separator type=\u00bbtransparent\u00bb up=\u00bb20&#8243;][vc_column_text]El Centro de Desarrollo Infantil y Atenci\u00f3n Precoz (CDIAP) ASPRONIS es un dispositivo cl\u00ednico y de atenci\u00f3n precoz dirigido a&#8230;<\/p>\n","protected":false},"author":1,"featured_media":0,"parent":1484,"menu_order":0,"comment_status":"closed","ping_status":"closed","template":"full_width.php","meta":{"footnotes":""},"class_list":["post-1485","page","type-page","status-publish","hentry"],"yoast_head":"<!-- This site is optimized with the Yoast SEO plugin v27.5 - https:\/\/yoast.com\/product\/yoast-seo-wordpress\/ -->\n<title>Atenci\u00f3n a la infancia - Aspronis<\/title>\n<meta name=\"robots\" content=\"index, follow, max-snippet:-1, max-image-preview:large, max-video-preview:-1\" \/>\n<link rel=\"canonical\" href=\"https:\/\/www.aspronis.com\/es\/serveis-a-les-persones\/atencion-a-la-infancia\/\" \/>\n<meta property=\"og:locale\" content=\"es_ES\" \/>\n<meta property=\"og:type\" content=\"article\" \/>\n<meta property=\"og:title\" content=\"Atenci\u00f3n a la infancia - Aspronis\" \/>\n<meta property=\"og:description\" content=\"[vc_row css_animation=\u00bb\u00bb row_type=\u00bbrow\u00bb use_row_as_full_screen_section=\u00bbno\u00bb type=\u00bbgrid\u00bb angled_section=\u00bbno\u00bb text_align=\u00bbleft\u00bb background_image_as_pattern=\u00bbwithout_pattern\u00bb z_index=\u00bb\u00bb][vc_column][vc_column_text el_class=\u00bbsection_title small sep\u00bb] Centro de Desarrollo Infantil y Atenci\u00f3n Precoz (CDIAP) [\/vc_column_text][vc_single_image image=\u00bb360&#8243; img_size=\u00bbfull\u00bb qode_css_animation=\u00bb\u00bb][vc_separator type=\u00bbtransparent\u00bb up=\u00bb20&#8243;][vc_column_text]El Centro de Desarrollo Infantil y Atenci\u00f3n Precoz (CDIAP) ASPRONIS es un dispositivo cl\u00ednico y de atenci\u00f3n precoz dirigido a...\" \/>\n<meta property=\"og:url\" content=\"https:\/\/www.aspronis.com\/es\/serveis-a-les-persones\/atencion-a-la-infancia\/\" \/>\n<meta property=\"og:site_name\" content=\"Aspronis\" \/>\n<meta property=\"article:modified_time\" content=\"2022-10-26T13:11:45+00:00\" \/>\n<meta name=\"twitter:card\" content=\"summary_large_image\" \/>\n<meta name=\"twitter:label1\" content=\"Tiempo de lectura\" \/>\n\t<meta name=\"twitter:data1\" content=\"2 minutos\" \/>\n<script type=\"application\/ld+json\" class=\"yoast-schema-graph\">{\"@context\":\"https:\\\/\\\/schema.org\",\"@graph\":[{\"@type\":\"WebPage\",\"@id\":\"https:\\\/\\\/www.aspronis.com\\\/es\\\/serveis-a-les-persones\\\/atencion-a-la-infancia\\\/\",\"url\":\"https:\\\/\\\/www.aspronis.com\\\/es\\\/serveis-a-les-persones\\\/atencion-a-la-infancia\\\/\",\"name\":\"Atenci\u00f3n a la infancia - Aspronis\",\"isPartOf\":{\"@id\":\"https:\\\/\\\/www.aspronis.com\\\/es\\\/#website\"},\"datePublished\":\"2022-07-06T14:04:22+00:00\",\"dateModified\":\"2022-10-26T13:11:45+00:00\",\"breadcrumb\":{\"@id\":\"https:\\\/\\\/www.aspronis.com\\\/es\\\/serveis-a-les-persones\\\/atencion-a-la-infancia\\\/#breadcrumb\"},\"inLanguage\":\"es\",\"potentialAction\":[{\"@type\":\"ReadAction\",\"target\":[\"https:\\\/\\\/www.aspronis.com\\\/es\\\/serveis-a-les-persones\\\/atencion-a-la-infancia\\\/\"]}]},{\"@type\":\"BreadcrumbList\",\"@id\":\"https:\\\/\\\/www.aspronis.com\\\/es\\\/serveis-a-les-persones\\\/atencion-a-la-infancia\\\/#breadcrumb\",\"itemListElement\":[{\"@type\":\"ListItem\",\"position\":1,\"name\":\"Servicio a las personas\",\"item\":\"https:\\\/\\\/www.aspronis.com\\\/es\\\/serveis-a-les-persones\\\/\"},{\"@type\":\"ListItem\",\"position\":2,\"name\":\"Atenci\u00f3n a la infancia\"}]},{\"@type\":\"WebSite\",\"@id\":\"https:\\\/\\\/www.aspronis.com\\\/es\\\/#website\",\"url\":\"https:\\\/\\\/www.aspronis.com\\\/es\\\/\",\"name\":\"Aspronis\",\"description\":\"\",\"potentialAction\":[{\"@type\":\"SearchAction\",\"target\":{\"@type\":\"EntryPoint\",\"urlTemplate\":\"https:\\\/\\\/www.aspronis.com\\\/es\\\/?s={search_term_string}\"},\"query-input\":{\"@type\":\"PropertyValueSpecification\",\"valueRequired\":true,\"valueName\":\"search_term_string\"}}],\"inLanguage\":\"es\"}]}<\/script>\n<!-- \/ Yoast SEO plugin. -->","yoast_head_json":{"title":"Atenci\u00f3n a la infancia - Aspronis","robots":{"index":"index","follow":"follow","max-snippet":"max-snippet:-1","max-image-preview":"max-image-preview:large","max-video-preview":"max-video-preview:-1"},"canonical":"https:\/\/www.aspronis.com\/es\/serveis-a-les-persones\/atencion-a-la-infancia\/","og_locale":"es_ES","og_type":"article","og_title":"Atenci\u00f3n a la infancia - Aspronis","og_description":"[vc_row css_animation=\u00bb\u00bb row_type=\u00bbrow\u00bb use_row_as_full_screen_section=\u00bbno\u00bb type=\u00bbgrid\u00bb angled_section=\u00bbno\u00bb text_align=\u00bbleft\u00bb background_image_as_pattern=\u00bbwithout_pattern\u00bb z_index=\u00bb\u00bb][vc_column][vc_column_text el_class=\u00bbsection_title small sep\u00bb] Centro de Desarrollo Infantil y Atenci\u00f3n Precoz (CDIAP) [\/vc_column_text][vc_single_image image=\u00bb360&#8243; img_size=\u00bbfull\u00bb qode_css_animation=\u00bb\u00bb][vc_separator type=\u00bbtransparent\u00bb up=\u00bb20&#8243;][vc_column_text]El Centro de Desarrollo Infantil y Atenci\u00f3n Precoz (CDIAP) ASPRONIS es un dispositivo cl\u00ednico y de atenci\u00f3n precoz dirigido a...","og_url":"https:\/\/www.aspronis.com\/es\/serveis-a-les-persones\/atencion-a-la-infancia\/","og_site_name":"Aspronis","article_modified_time":"2022-10-26T13:11:45+00:00","twitter_card":"summary_large_image","twitter_misc":{"Tiempo de lectura":"2 minutos"},"schema":{"@context":"https:\/\/schema.org","@graph":[{"@type":"WebPage","@id":"https:\/\/www.aspronis.com\/es\/serveis-a-les-persones\/atencion-a-la-infancia\/","url":"https:\/\/www.aspronis.com\/es\/serveis-a-les-persones\/atencion-a-la-infancia\/","name":"Atenci\u00f3n a la infancia - Aspronis","isPartOf":{"@id":"https:\/\/www.aspronis.com\/es\/#website"},"datePublished":"2022-07-06T14:04:22+00:00","dateModified":"2022-10-26T13:11:45+00:00","breadcrumb":{"@id":"https:\/\/www.aspronis.com\/es\/serveis-a-les-persones\/atencion-a-la-infancia\/#breadcrumb"},"inLanguage":"es","potentialAction":[{"@type":"ReadAction","target":["https:\/\/www.aspronis.com\/es\/serveis-a-les-persones\/atencion-a-la-infancia\/"]}]},{"@type":"BreadcrumbList","@id":"https:\/\/www.aspronis.com\/es\/serveis-a-les-persones\/atencion-a-la-infancia\/#breadcrumb","itemListElement":[{"@type":"ListItem","position":1,"name":"Servicio a las personas","item":"https:\/\/www.aspronis.com\/es\/serveis-a-les-persones\/"},{"@type":"ListItem","position":2,"name":"Atenci\u00f3n a la infancia"}]},{"@type":"WebSite","@id":"https:\/\/www.aspronis.com\/es\/#website","url":"https:\/\/www.aspronis.com\/es\/","name":"Aspronis","description":"","potentialAction":[{"@type":"SearchAction","target":{"@type":"EntryPoint","urlTemplate":"https:\/\/www.aspronis.com\/es\/?s={search_term_string}"},"query-input":{"@type":"PropertyValueSpecification","valueRequired":true,"valueName":"search_term_string"}}],"inLanguage":"es"}]}},"_links":{"self":[{"href":"https:\/\/www.aspronis.com\/es\/wp-json\/wp\/v2\/pages\/1485","targetHints":{"allow":["GET"]}}],"collection":[{"href":"https:\/\/www.aspronis.com\/es\/wp-json\/wp\/v2\/pages"}],"about":[{"href":"https:\/\/www.aspronis.com\/es\/wp-json\/wp\/v2\/types\/page"}],"author":[{"embeddable":true,"href":"https:\/\/www.aspronis.com\/es\/wp-json\/wp\/v2\/users\/1"}],"replies":[{"embeddable":true,"href":"https:\/\/www.aspronis.com\/es\/wp-json\/wp\/v2\/comments?post=1485"}],"version-history":[{"count":2,"href":"https:\/\/www.aspronis.com\/es\/wp-json\/wp\/v2\/pages\/1485\/revisions"}],"predecessor-version":[{"id":1682,"href":"https:\/\/www.aspronis.com\/es\/wp-json\/wp\/v2\/pages\/1485\/revisions\/1682"}],"up":[{"embeddable":true,"href":"https:\/\/www.aspronis.com\/es\/wp-json\/wp\/v2\/pages\/1484"}],"wp:attachment":[{"href":"https:\/\/www.aspronis.com\/es\/wp-json\/wp\/v2\/media?parent=1485"}],"curies":[{"name":"wp","href":"https:\/\/api.w.org\/{rel}","templated":true}]}}