{"id":1490,"date":"2022-07-06T17:18:43","date_gmt":"2022-07-06T15:18:43","guid":{"rendered":"https:\/\/www.aspronis.com\/serveis-a-les-persones\/formatius\/serveis-formatius\/"},"modified":"2022-12-09T11:38:47","modified_gmt":"2022-12-09T10:38:47","slug":"servicios-formativos","status":"publish","type":"page","link":"https:\/\/www.aspronis.com\/es\/serveis-a-les-persones\/formatius\/servicios-formativos\/","title":{"rendered":"Servicios formativos"},"content":{"rendered":"<div class=\"wpb-content-wrapper\"><p>[vc_row css_animation=\u00bb\u00bb row_type=\u00bbrow\u00bb use_row_as_full_screen_section=\u00bbno\u00bb type=\u00bbgrid\u00bb angled_section=\u00bbno\u00bb text_align=\u00bbleft\u00bb background_image_as_pattern=\u00bbwithout_pattern\u00bb z_index=\u00bb\u00bb el_class=\u00bbpb0&#8243;][vc_column][vc_column_text el_class=\u00bbul_nice\u00bb]La formaci\u00f3n es una <b>herramienta clave para la inserci\u00f3n laboral<\/b> y evitar la exclusi\u00f3n social. Por eso, disponemos de <b>diferentes programas formativos<\/b> que ofrecemos a personas que se encuentren en una situaci\u00f3n de vulnerabilidad, sea cual sea su edad, por ejemplo:<\/p>\n<p>&#8211; que est\u00e9n en situaci\u00f3n de paro<br \/>\n&#8211; no tengan formaci\u00f3n o experiencia previa<br \/>\n&#8211; tengan alguna discapacidad.<br \/>\n&#8211; o quieran cambiar de sector laboral<\/p>\n<p>Peri\u00f3dicamente programamos <b>cursos en \u00e1mbitos diferentes<\/b> de gran demanda para <b>mejorar las habilidades profesionales<\/b> del alumnado y las <b>posibilidades de encontrar trabajo<\/b>.<\/p>\n<p>Generalmente, los cursos incluyen <b>pr\u00e1cticas no laborales<\/b> en empresas de la zona, asesoramiento en perfil profesional para la formaci\u00f3n; recogida de propuestas formativas y necesidades de trabajadores; creaci\u00f3n de espacios y recursos formativos.[\/vc_column_text][vc_separator type=\u00bbtransparent\u00bb thickness=\u00bb25&#8243;]<a  itemprop=\"url\" href=\"https:\/\/www.aspronis.com\/es\/formacio-i-insercio\/formacio\/cursos-vigentes\/\" target=\"_self\"  class=\"qbutton  default\" style=\"\">CURSOS VIGENTES<\/a>[\/vc_column][\/vc_row][vc_row css_animation=\u00bb\u00bb row_type=\u00bbrow\u00bb use_row_as_full_screen_section=\u00bbno\u00bb type=\u00bbgrid\u00bb angled_section=\u00bbno\u00bb text_align=\u00bbleft\u00bb background_image_as_pattern=\u00bbwithout_pattern\u00bb z_index=\u00bb\u00bb el_class=\u00bbpb0&#8243;][vc_column width=\u00bb1\/5&#8243;][vc_column_text el_class=\u00bbul_nice\u00bb]<strong>Con el soporte de:<\/strong>[\/vc_column_text][\/vc_column][vc_column width=\u00bb1\/5&#8243;][vc_single_image image=\u00bb1870&#8243; img_size=\u00bbfull\u00bb qode_css_animation=\u00bb\u00bb][\/vc_column][vc_column width=\u00bb1\/5&#8243;][vc_single_image image=\u00bb694&#8243; img_size=\u00bbfull\u00bb qode_css_animation=\u00bb\u00bb][\/vc_column][vc_column width=\u00bb1\/5&#8243;][vc_single_image image=\u00bb1128&#8243; img_size=\u00bbfull\u00bb qode_css_animation=\u00bb\u00bb][\/vc_column][vc_column width=\u00bb1\/5&#8243;][vc_single_image image=\u00bb1102&#8243; img_size=\u00bbfull\u00bb qode_css_animation=\u00bb\u00bb][\/vc_column][\/vc_row][vc_row css_animation=\u00bb\u00bb row_type=\u00bbrow\u00bb use_row_as_full_screen_section=\u00bbno\u00bb type=\u00bbfull_width\u00bb angled_section=\u00bbno\u00bb text_align=\u00bbleft\u00bb background_image_as_pattern=\u00bbwithout_pattern\u00bb el_class=\u00bbnewsletter_section_wrapper\u00bb z_index=\u00bb\u00bb][vc_column][vc_widget_sidebar sidebar_id=\u00bbnewsletter\u00bb][\/vc_column][\/vc_row]<\/p>\n<\/div>","protected":false},"excerpt":{"rendered":"<p>[vc_row css_animation=\u00bb\u00bb row_type=\u00bbrow\u00bb use_row_as_full_screen_section=\u00bbno\u00bb type=\u00bbgrid\u00bb angled_section=\u00bbno\u00bb text_align=\u00bbleft\u00bb background_image_as_pattern=\u00bbwithout_pattern\u00bb z_index=\u00bb\u00bb el_class=\u00bbpb0&#8243;][vc_column][vc_column_text el_class=\u00bbul_nice\u00bb]La formaci\u00f3n es una herramienta clave para la inserci\u00f3n laboral y evitar la exclusi\u00f3n social. Por eso, disponemos de diferentes programas formativos que ofrecemos a personas que se encuentren en una situaci\u00f3n de vulnerabilidad, sea&#8230;<\/p>\n","protected":false},"author":1,"featured_media":0,"parent":1489,"menu_order":0,"comment_status":"closed","ping_status":"closed","template":"full_width.php","meta":{"footnotes":""},"class_list":["post-1490","page","type-page","status-publish","hentry"],"yoast_head":"<!-- This site is optimized with the Yoast SEO plugin v26.8 - https:\/\/yoast.com\/product\/yoast-seo-wordpress\/ -->\n<title>Servicios formativos - Aspronis<\/title>\n<meta name=\"robots\" content=\"index, follow, max-snippet:-1, max-image-preview:large, max-video-preview:-1\" \/>\n<link rel=\"canonical\" href=\"https:\/\/www.aspronis.com\/es\/serveis-a-les-persones\/formatius\/servicios-formativos\/\" \/>\n<meta property=\"og:locale\" content=\"es_ES\" \/>\n<meta property=\"og:type\" content=\"article\" \/>\n<meta property=\"og:title\" content=\"Servicios formativos - Aspronis\" \/>\n<meta property=\"og:description\" content=\"[vc_row css_animation=\u00bb\u00bb row_type=\u00bbrow\u00bb use_row_as_full_screen_section=\u00bbno\u00bb type=\u00bbgrid\u00bb angled_section=\u00bbno\u00bb text_align=\u00bbleft\u00bb background_image_as_pattern=\u00bbwithout_pattern\u00bb z_index=\u00bb\u00bb el_class=\u00bbpb0&#8243;][vc_column][vc_column_text el_class=\u00bbul_nice\u00bb]La formaci\u00f3n es una herramienta clave para la inserci\u00f3n laboral y evitar la exclusi\u00f3n social. Por eso, disponemos de diferentes programas formativos que ofrecemos a personas que se encuentren en una situaci\u00f3n de vulnerabilidad, sea...\" \/>\n<meta property=\"og:url\" content=\"https:\/\/www.aspronis.com\/es\/serveis-a-les-persones\/formatius\/servicios-formativos\/\" \/>\n<meta property=\"og:site_name\" content=\"Aspronis\" \/>\n<meta property=\"article:modified_time\" content=\"2022-12-09T10:38:47+00:00\" \/>\n<meta name=\"twitter:card\" content=\"summary_large_image\" \/>\n<meta name=\"twitter:label1\" content=\"Tiempo de lectura\" \/>\n\t<meta name=\"twitter:data1\" content=\"1 minuto\" \/>\n<script type=\"application\/ld+json\" class=\"yoast-schema-graph\">{\"@context\":\"https:\/\/schema.org\",\"@graph\":[{\"@type\":\"WebPage\",\"@id\":\"https:\/\/www.aspronis.com\/es\/serveis-a-les-persones\/formatius\/servicios-formativos\/\",\"url\":\"https:\/\/www.aspronis.com\/es\/serveis-a-les-persones\/formatius\/servicios-formativos\/\",\"name\":\"Servicios formativos - Aspronis\",\"isPartOf\":{\"@id\":\"https:\/\/www.aspronis.com\/es\/#website\"},\"datePublished\":\"2022-07-06T15:18:43+00:00\",\"dateModified\":\"2022-12-09T10:38:47+00:00\",\"breadcrumb\":{\"@id\":\"https:\/\/www.aspronis.com\/es\/serveis-a-les-persones\/formatius\/servicios-formativos\/#breadcrumb\"},\"inLanguage\":\"es\",\"potentialAction\":[{\"@type\":\"ReadAction\",\"target\":[\"https:\/\/www.aspronis.com\/es\/serveis-a-les-persones\/formatius\/servicios-formativos\/\"]}]},{\"@type\":\"BreadcrumbList\",\"@id\":\"https:\/\/www.aspronis.com\/es\/serveis-a-les-persones\/formatius\/servicios-formativos\/#breadcrumb\",\"itemListElement\":[{\"@type\":\"ListItem\",\"position\":1,\"name\":\"Servicio a las personas\",\"item\":\"https:\/\/www.aspronis.com\/es\/serveis-a-les-persones\/\"},{\"@type\":\"ListItem\",\"position\":2,\"name\":\"Formativos\",\"item\":\"https:\/\/www.aspronis.com\/es\/serveis-a-les-persones\/formatius\/\"},{\"@type\":\"ListItem\",\"position\":3,\"name\":\"Servicios formativos\"}]},{\"@type\":\"WebSite\",\"@id\":\"https:\/\/www.aspronis.com\/es\/#website\",\"url\":\"https:\/\/www.aspronis.com\/es\/\",\"name\":\"Aspronis\",\"description\":\"\",\"potentialAction\":[{\"@type\":\"SearchAction\",\"target\":{\"@type\":\"EntryPoint\",\"urlTemplate\":\"https:\/\/www.aspronis.com\/es\/?s={search_term_string}\"},\"query-input\":{\"@type\":\"PropertyValueSpecification\",\"valueRequired\":true,\"valueName\":\"search_term_string\"}}],\"inLanguage\":\"es\"}]}<\/script>\n<!-- \/ Yoast SEO plugin. -->","yoast_head_json":{"title":"Servicios formativos - Aspronis","robots":{"index":"index","follow":"follow","max-snippet":"max-snippet:-1","max-image-preview":"max-image-preview:large","max-video-preview":"max-video-preview:-1"},"canonical":"https:\/\/www.aspronis.com\/es\/serveis-a-les-persones\/formatius\/servicios-formativos\/","og_locale":"es_ES","og_type":"article","og_title":"Servicios formativos - Aspronis","og_description":"[vc_row css_animation=\u00bb\u00bb row_type=\u00bbrow\u00bb use_row_as_full_screen_section=\u00bbno\u00bb type=\u00bbgrid\u00bb angled_section=\u00bbno\u00bb text_align=\u00bbleft\u00bb background_image_as_pattern=\u00bbwithout_pattern\u00bb z_index=\u00bb\u00bb el_class=\u00bbpb0&#8243;][vc_column][vc_column_text el_class=\u00bbul_nice\u00bb]La formaci\u00f3n es una herramienta clave para la inserci\u00f3n laboral y evitar la exclusi\u00f3n social. Por eso, disponemos de diferentes programas formativos que ofrecemos a personas que se encuentren en una situaci\u00f3n de vulnerabilidad, sea...","og_url":"https:\/\/www.aspronis.com\/es\/serveis-a-les-persones\/formatius\/servicios-formativos\/","og_site_name":"Aspronis","article_modified_time":"2022-12-09T10:38:47+00:00","twitter_card":"summary_large_image","twitter_misc":{"Tiempo de lectura":"1 minuto"},"schema":{"@context":"https:\/\/schema.org","@graph":[{"@type":"WebPage","@id":"https:\/\/www.aspronis.com\/es\/serveis-a-les-persones\/formatius\/servicios-formativos\/","url":"https:\/\/www.aspronis.com\/es\/serveis-a-les-persones\/formatius\/servicios-formativos\/","name":"Servicios formativos - Aspronis","isPartOf":{"@id":"https:\/\/www.aspronis.com\/es\/#website"},"datePublished":"2022-07-06T15:18:43+00:00","dateModified":"2022-12-09T10:38:47+00:00","breadcrumb":{"@id":"https:\/\/www.aspronis.com\/es\/serveis-a-les-persones\/formatius\/servicios-formativos\/#breadcrumb"},"inLanguage":"es","potentialAction":[{"@type":"ReadAction","target":["https:\/\/www.aspronis.com\/es\/serveis-a-les-persones\/formatius\/servicios-formativos\/"]}]},{"@type":"BreadcrumbList","@id":"https:\/\/www.aspronis.com\/es\/serveis-a-les-persones\/formatius\/servicios-formativos\/#breadcrumb","itemListElement":[{"@type":"ListItem","position":1,"name":"Servicio a las personas","item":"https:\/\/www.aspronis.com\/es\/serveis-a-les-persones\/"},{"@type":"ListItem","position":2,"name":"Formativos","item":"https:\/\/www.aspronis.com\/es\/serveis-a-les-persones\/formatius\/"},{"@type":"ListItem","position":3,"name":"Servicios formativos"}]},{"@type":"WebSite","@id":"https:\/\/www.aspronis.com\/es\/#website","url":"https:\/\/www.aspronis.com\/es\/","name":"Aspronis","description":"","potentialAction":[{"@type":"SearchAction","target":{"@type":"EntryPoint","urlTemplate":"https:\/\/www.aspronis.com\/es\/?s={search_term_string}"},"query-input":{"@type":"PropertyValueSpecification","valueRequired":true,"valueName":"search_term_string"}}],"inLanguage":"es"}]}},"_links":{"self":[{"href":"https:\/\/www.aspronis.com\/es\/wp-json\/wp\/v2\/pages\/1490","targetHints":{"allow":["GET"]}}],"collection":[{"href":"https:\/\/www.aspronis.com\/es\/wp-json\/wp\/v2\/pages"}],"about":[{"href":"https:\/\/www.aspronis.com\/es\/wp-json\/wp\/v2\/types\/page"}],"author":[{"embeddable":true,"href":"https:\/\/www.aspronis.com\/es\/wp-json\/wp\/v2\/users\/1"}],"replies":[{"embeddable":true,"href":"https:\/\/www.aspronis.com\/es\/wp-json\/wp\/v2\/comments?post=1490"}],"version-history":[{"count":5,"href":"https:\/\/www.aspronis.com\/es\/wp-json\/wp\/v2\/pages\/1490\/revisions"}],"predecessor-version":[{"id":1933,"href":"https:\/\/www.aspronis.com\/es\/wp-json\/wp\/v2\/pages\/1490\/revisions\/1933"}],"up":[{"embeddable":true,"href":"https:\/\/www.aspronis.com\/es\/wp-json\/wp\/v2\/pages\/1489"}],"wp:attachment":[{"href":"https:\/\/www.aspronis.com\/es\/wp-json\/wp\/v2\/media?parent=1490"}],"curies":[{"name":"wp","href":"https:\/\/api.w.org\/{rel}","templated":true}]}}