{"id":1491,"date":"2022-07-07T18:09:46","date_gmt":"2022-07-07T16:09:46","guid":{"rendered":"https:\/\/www.aspronis.com\/serveis-a-les-persones\/laborals\/"},"modified":"2026-01-27T10:27:46","modified_gmt":"2026-01-27T09:27:46","slug":"laborales","status":"publish","type":"page","link":"https:\/\/www.aspronis.com\/es\/serveis-a-les-persones\/laborales\/","title":{"rendered":"Laborales"},"content":{"rendered":"<div class=\"wpb-content-wrapper\"><p>[vc_row css_animation=\u00bb\u00bb row_type=\u00bbrow\u00bb use_row_as_full_screen_section=\u00bbno\u00bb type=\u00bbgrid\u00bb angled_section=\u00bbno\u00bb text_align=\u00bbleft\u00bb background_image_as_pattern=\u00bbwithout_pattern\u00bb z_index=\u00bb\u00bb][vc_column][vc_column_text el_class=\u00bbsection_title small sep_small\u00bb]<\/p>\n<h2>Centro Especial de Trabajo<\/h2>\n<p>[\/vc_column_text][vc_row_inner row_type=\u00bbrow\u00bb type=\u00bbfull_width\u00bb text_align=\u00bbleft\u00bb css_animation=\u00bb\u00bb][vc_column_inner width=\u00bb1\/2&#8243;][vc_column_text]Las personas con discapacidad intelectual, f\u00edsica o sensorial que trabajan en el entorno productivo y remunerado del Centro Especial de Empleo (CEE) reciben la atenci\u00f3n del Equipo Multidisciplinario de Soporte (EMS), un equipo formado por una psic\u00f3loga y una trabajadora social, as\u00ed como personal t\u00e9cnico y de atenci\u00f3n directa.<\/p>\n<p>Des del EMS nos ocupamos de la adaptaci\u00f3n de las personas a los puestos de trabajo, hacemos seguimiento y les ofrecemos los apoyos necesarios para su bienestar en el \u00e1mbito del trabajo as\u00ed como para la mejora de su autonom\u00eda personal y social .<\/p>\n<p>Actualmente en el CEE contamos con secciones diversas, tanto internas como externas:<\/p>\n<ul>\n<li>Manipulados industriales<\/li>\n<li>Jardiner\u00eda<\/li>\n<li>Limpieza<\/li>\n<li>Se\u00f1alizaci\u00f3n vial<\/li>\n<li>Mobiliario urbano, parques infantiles y de salud<\/li>\n<li>Apoyo a brigadas municipales<\/li>\n<li>Control de aparcamientos<\/li>\n<\/ul>\n<p>[\/vc_column_text][vc_separator type=\u00bbtransparent\u00bb up=\u00bb30&#8243;][vc_column_text el_class=\u00bbatencio_centres_list\u00bb]Contacto :<\/p>\n<ul>\n<li><a href=\"https:\/\/www.aspronis.com\/es\/la-fundacio\/aspronis-qui-som\/contactans\/\" target=\"_blank\" rel=\"noopener\">Malgrat de Mar<\/a><\/li>\n<\/ul>\n<p>[\/vc_column_text][vc_separator type=\u00bbtransparent\u00bb up=\u00bb30&#8243;][\/vc_column_inner][vc_column_inner width=\u00bb1\/2&#8243;][vc_single_image image=\u00bb1114&#8243; img_size=\u00bbfull\u00bb qode_css_animation=\u00bb\u00bb][\/vc_column_inner][\/vc_row_inner][vc_row_inner row_type=\u00bbrow\u00bb type=\u00bbfull_width\u00bb text_align=\u00bbleft\u00bb css_animation=\u00bb\u00bb][vc_column_inner width=\u00bb1\/4&#8243;][vc_single_image image=\u00bb3627&#8243; onclick=\u00bblink_image\u00bb css=\u00bb\u00bb qode_css_animation=\u00bb\u00bb][\/vc_column_inner][vc_column_inner width=\u00bb1\/4&#8243;][vc_single_image image=\u00bb3231&#8243; onclick=\u00bblink_image\u00bb css=\u00bb\u00bb qode_css_animation=\u00bb\u00bb][\/vc_column_inner][\/vc_row_inner][\/vc_column][\/vc_row][vc_row css_animation=\u00bb\u00bb row_type=\u00bbrow\u00bb use_row_as_full_screen_section=\u00bbno\u00bb type=\u00bbgrid\u00bb angled_section=\u00bbno\u00bb text_align=\u00bbleft\u00bb background_image_as_pattern=\u00bbwithout_pattern\u00bb z_index=\u00bb\u00bb el_class=\u00bbbg_gris\u00bb][vc_column][vc_column_text el_class=\u00bbsection_title small sep_small\u00bb]<\/p>\n<h2>Servicio de Inserci\u00f3n Laboral<\/h2>\n<p>[\/vc_column_text][vc_row_inner row_type=\u00bbrow\u00bb type=\u00bbfull_width\u00bb text_align=\u00bbleft\u00bb css_animation=\u00bb\u00bb][vc_column_inner width=\u00bb1\/2&#8243;][vc_column_text]Trabajamos para la inserci\u00f3n laboral de personas con discapacidad intelectual en empresas ordinarias mediante el trabajo con apoyo. Para ello:<\/p>\n<ul>\n<li>Las orientamos laboralmente.<\/li>\n<li>Las formamos en habilidades laborales y en competencias transversales.<\/li>\n<li>Les ayudamos a encontrar y mantener un trabajo en el mercado laboral abierto.<\/li>\n<li>Hacemos mediaci\u00f3n para ajustar las necesidades de la persona y del empresario.<\/li>\n<li>Valoramos a la persona de manera positiva y elaboramos un plan basado en sus capacidades, teniendo en cuenta los apoyos y adaptaciones que sean necesarias para llevar a cabo una contribuci\u00f3n eficaz y de \u00e9xito al trabajo.<\/li>\n<li>Facilitamos estos apoyos continuados e individualizados mediante un preparador\/a laboral que tambi\u00e9n fomenta al m\u00e1ximo los soportes naturales y que va retirando su presencia de forma paulatina.<\/li>\n<\/ul>\n<p>Hemos insertado a m\u00e1s de 250 personas en empresas en los \u00faltimos a\u00f1os y seguimos realizando tareas de prospecci\u00f3n e inserci\u00f3n en el mercado laboral.[\/vc_column_text][\/vc_column_inner][vc_column_inner width=\u00bb1\/2&#8243;][vc_single_image image=\u00bb1996&#8243; img_size=\u00bbfull\u00bb qode_css_animation=\u00bb\u00bb][\/vc_column_inner][\/vc_row_inner][vc_separator type=\u00bbtransparent\u00bb up=\u00bb30&#8243;][\/vc_column][\/vc_row][vc_row css_animation=\u00bb\u00bb row_type=\u00bbrow\u00bb use_row_as_full_screen_section=\u00bbno\u00bb type=\u00bbfull_width\u00bb angled_section=\u00bbno\u00bb text_align=\u00bbleft\u00bb background_image_as_pattern=\u00bbwithout_pattern\u00bb el_class=\u00bbnewsletter_section_wrapper\u00bb z_index=\u00bb\u00bb][vc_column][vc_widget_sidebar sidebar_id=\u00bbnewsletter\u00bb][\/vc_column][\/vc_row]<\/p>\n<\/div>","protected":false},"excerpt":{"rendered":"<p>[vc_row css_animation=\u00bb\u00bb row_type=\u00bbrow\u00bb use_row_as_full_screen_section=\u00bbno\u00bb type=\u00bbgrid\u00bb angled_section=\u00bbno\u00bb text_align=\u00bbleft\u00bb background_image_as_pattern=\u00bbwithout_pattern\u00bb z_index=\u00bb\u00bb][vc_column][vc_column_text el_class=\u00bbsection_title small sep_small\u00bb] Centro Especial de Trabajo [\/vc_column_text][vc_row_inner row_type=\u00bbrow\u00bb type=\u00bbfull_width\u00bb text_align=\u00bbleft\u00bb css_animation=\u00bb\u00bb][vc_column_inner width=\u00bb1\/2&#8243;][vc_column_text]Las personas con discapacidad intelectual, f\u00edsica o sensorial que trabajan en el entorno productivo y remunerado del Centro Especial de Empleo (CEE) reciben la&#8230;<\/p>\n","protected":false},"author":1,"featured_media":0,"parent":1484,"menu_order":0,"comment_status":"closed","ping_status":"closed","template":"full_width.php","meta":{"footnotes":""},"class_list":["post-1491","page","type-page","status-publish","hentry"],"yoast_head":"<!-- This site is optimized with the Yoast SEO plugin v26.8 - https:\/\/yoast.com\/product\/yoast-seo-wordpress\/ -->\n<title>Laborales - Aspronis<\/title>\n<meta name=\"robots\" content=\"index, follow, max-snippet:-1, max-image-preview:large, max-video-preview:-1\" \/>\n<link rel=\"canonical\" href=\"https:\/\/www.aspronis.com\/es\/serveis-a-les-persones\/laborales\/\" \/>\n<meta property=\"og:locale\" content=\"es_ES\" \/>\n<meta property=\"og:type\" content=\"article\" \/>\n<meta property=\"og:title\" content=\"Laborales - Aspronis\" \/>\n<meta property=\"og:description\" content=\"[vc_row css_animation=\u00bb\u00bb row_type=\u00bbrow\u00bb use_row_as_full_screen_section=\u00bbno\u00bb type=\u00bbgrid\u00bb angled_section=\u00bbno\u00bb text_align=\u00bbleft\u00bb background_image_as_pattern=\u00bbwithout_pattern\u00bb z_index=\u00bb\u00bb][vc_column][vc_column_text el_class=\u00bbsection_title small sep_small\u00bb] Centro Especial de Trabajo [\/vc_column_text][vc_row_inner row_type=\u00bbrow\u00bb type=\u00bbfull_width\u00bb text_align=\u00bbleft\u00bb css_animation=\u00bb\u00bb][vc_column_inner width=\u00bb1\/2&#8243;][vc_column_text]Las personas con discapacidad intelectual, f\u00edsica o sensorial que trabajan en el entorno productivo y remunerado del Centro Especial de Empleo (CEE) reciben la...\" \/>\n<meta property=\"og:url\" content=\"https:\/\/www.aspronis.com\/es\/serveis-a-les-persones\/laborales\/\" \/>\n<meta property=\"og:site_name\" content=\"Aspronis\" \/>\n<meta property=\"article:modified_time\" content=\"2026-01-27T09:27:46+00:00\" \/>\n<meta name=\"twitter:card\" content=\"summary_large_image\" \/>\n<meta name=\"twitter:label1\" content=\"Tiempo de lectura\" \/>\n\t<meta name=\"twitter:data1\" content=\"3 minutos\" \/>\n<script type=\"application\/ld+json\" class=\"yoast-schema-graph\">{\"@context\":\"https:\/\/schema.org\",\"@graph\":[{\"@type\":\"WebPage\",\"@id\":\"https:\/\/www.aspronis.com\/es\/serveis-a-les-persones\/laborales\/\",\"url\":\"https:\/\/www.aspronis.com\/es\/serveis-a-les-persones\/laborales\/\",\"name\":\"Laborales - Aspronis\",\"isPartOf\":{\"@id\":\"https:\/\/www.aspronis.com\/es\/#website\"},\"datePublished\":\"2022-07-07T16:09:46+00:00\",\"dateModified\":\"2026-01-27T09:27:46+00:00\",\"breadcrumb\":{\"@id\":\"https:\/\/www.aspronis.com\/es\/serveis-a-les-persones\/laborales\/#breadcrumb\"},\"inLanguage\":\"es\",\"potentialAction\":[{\"@type\":\"ReadAction\",\"target\":[\"https:\/\/www.aspronis.com\/es\/serveis-a-les-persones\/laborales\/\"]}]},{\"@type\":\"BreadcrumbList\",\"@id\":\"https:\/\/www.aspronis.com\/es\/serveis-a-les-persones\/laborales\/#breadcrumb\",\"itemListElement\":[{\"@type\":\"ListItem\",\"position\":1,\"name\":\"Servicio a las personas\",\"item\":\"https:\/\/www.aspronis.com\/es\/serveis-a-les-persones\/\"},{\"@type\":\"ListItem\",\"position\":2,\"name\":\"Laborales\"}]},{\"@type\":\"WebSite\",\"@id\":\"https:\/\/www.aspronis.com\/es\/#website\",\"url\":\"https:\/\/www.aspronis.com\/es\/\",\"name\":\"Aspronis\",\"description\":\"\",\"potentialAction\":[{\"@type\":\"SearchAction\",\"target\":{\"@type\":\"EntryPoint\",\"urlTemplate\":\"https:\/\/www.aspronis.com\/es\/?s={search_term_string}\"},\"query-input\":{\"@type\":\"PropertyValueSpecification\",\"valueRequired\":true,\"valueName\":\"search_term_string\"}}],\"inLanguage\":\"es\"}]}<\/script>\n<!-- \/ Yoast SEO plugin. -->","yoast_head_json":{"title":"Laborales - Aspronis","robots":{"index":"index","follow":"follow","max-snippet":"max-snippet:-1","max-image-preview":"max-image-preview:large","max-video-preview":"max-video-preview:-1"},"canonical":"https:\/\/www.aspronis.com\/es\/serveis-a-les-persones\/laborales\/","og_locale":"es_ES","og_type":"article","og_title":"Laborales - Aspronis","og_description":"[vc_row css_animation=\u00bb\u00bb row_type=\u00bbrow\u00bb use_row_as_full_screen_section=\u00bbno\u00bb type=\u00bbgrid\u00bb angled_section=\u00bbno\u00bb text_align=\u00bbleft\u00bb background_image_as_pattern=\u00bbwithout_pattern\u00bb z_index=\u00bb\u00bb][vc_column][vc_column_text el_class=\u00bbsection_title small sep_small\u00bb] Centro Especial de Trabajo [\/vc_column_text][vc_row_inner row_type=\u00bbrow\u00bb type=\u00bbfull_width\u00bb text_align=\u00bbleft\u00bb css_animation=\u00bb\u00bb][vc_column_inner width=\u00bb1\/2&#8243;][vc_column_text]Las personas con discapacidad intelectual, f\u00edsica o sensorial que trabajan en el entorno productivo y remunerado del Centro Especial de Empleo (CEE) reciben la...","og_url":"https:\/\/www.aspronis.com\/es\/serveis-a-les-persones\/laborales\/","og_site_name":"Aspronis","article_modified_time":"2026-01-27T09:27:46+00:00","twitter_card":"summary_large_image","twitter_misc":{"Tiempo de lectura":"3 minutos"},"schema":{"@context":"https:\/\/schema.org","@graph":[{"@type":"WebPage","@id":"https:\/\/www.aspronis.com\/es\/serveis-a-les-persones\/laborales\/","url":"https:\/\/www.aspronis.com\/es\/serveis-a-les-persones\/laborales\/","name":"Laborales - Aspronis","isPartOf":{"@id":"https:\/\/www.aspronis.com\/es\/#website"},"datePublished":"2022-07-07T16:09:46+00:00","dateModified":"2026-01-27T09:27:46+00:00","breadcrumb":{"@id":"https:\/\/www.aspronis.com\/es\/serveis-a-les-persones\/laborales\/#breadcrumb"},"inLanguage":"es","potentialAction":[{"@type":"ReadAction","target":["https:\/\/www.aspronis.com\/es\/serveis-a-les-persones\/laborales\/"]}]},{"@type":"BreadcrumbList","@id":"https:\/\/www.aspronis.com\/es\/serveis-a-les-persones\/laborales\/#breadcrumb","itemListElement":[{"@type":"ListItem","position":1,"name":"Servicio a las personas","item":"https:\/\/www.aspronis.com\/es\/serveis-a-les-persones\/"},{"@type":"ListItem","position":2,"name":"Laborales"}]},{"@type":"WebSite","@id":"https:\/\/www.aspronis.com\/es\/#website","url":"https:\/\/www.aspronis.com\/es\/","name":"Aspronis","description":"","potentialAction":[{"@type":"SearchAction","target":{"@type":"EntryPoint","urlTemplate":"https:\/\/www.aspronis.com\/es\/?s={search_term_string}"},"query-input":{"@type":"PropertyValueSpecification","valueRequired":true,"valueName":"search_term_string"}}],"inLanguage":"es"}]}},"_links":{"self":[{"href":"https:\/\/www.aspronis.com\/es\/wp-json\/wp\/v2\/pages\/1491","targetHints":{"allow":["GET"]}}],"collection":[{"href":"https:\/\/www.aspronis.com\/es\/wp-json\/wp\/v2\/pages"}],"about":[{"href":"https:\/\/www.aspronis.com\/es\/wp-json\/wp\/v2\/types\/page"}],"author":[{"embeddable":true,"href":"https:\/\/www.aspronis.com\/es\/wp-json\/wp\/v2\/users\/1"}],"replies":[{"embeddable":true,"href":"https:\/\/www.aspronis.com\/es\/wp-json\/wp\/v2\/comments?post=1491"}],"version-history":[{"count":13,"href":"https:\/\/www.aspronis.com\/es\/wp-json\/wp\/v2\/pages\/1491\/revisions"}],"predecessor-version":[{"id":3630,"href":"https:\/\/www.aspronis.com\/es\/wp-json\/wp\/v2\/pages\/1491\/revisions\/3630"}],"up":[{"embeddable":true,"href":"https:\/\/www.aspronis.com\/es\/wp-json\/wp\/v2\/pages\/1484"}],"wp:attachment":[{"href":"https:\/\/www.aspronis.com\/es\/wp-json\/wp\/v2\/media?parent=1491"}],"curies":[{"name":"wp","href":"https:\/\/api.w.org\/{rel}","templated":true}]}}