{"id":1493,"date":"2022-07-07T18:09:16","date_gmt":"2022-07-07T16:09:16","guid":{"rendered":"https:\/\/www.aspronis.com\/serveis-a-les-persones\/residencials\/"},"modified":"2022-12-08T16:21:02","modified_gmt":"2022-12-08T15:21:02","slug":"residenciales","status":"publish","type":"page","link":"https:\/\/www.aspronis.com\/es\/serveis-a-les-persones\/residenciales\/","title":{"rendered":"Residenciales"},"content":{"rendered":"<div class=\"wpb-content-wrapper\"><p>[vc_row css_animation=\u00bb\u00bb row_type=\u00bbrow\u00bb use_row_as_full_screen_section=\u00bbno\u00bb type=\u00bbgrid\u00bb angled_section=\u00bbno\u00bb text_align=\u00bbleft\u00bb background_image_as_pattern=\u00bbwithout_pattern\u00bb z_index=\u00bb\u00bb][vc_column][vc_column_text el_class=\u00bbsection_title small sep_small\u00bb]<\/p>\n<h2>Hogares-residencias<\/h2>\n<p>[\/vc_column_text][vc_column_text]Disponemos de tres <strong>hogares-residencia<\/strong>, dos en Blanes y uno en Palafolls, donde atendemos a un total de 33 personas con discapacidad intelectual con diferentes necesidades de apoyo.<\/p>\n<p>El servicio proporciona un n\u00facleo de convivencia para la estabilidad personal y en el entorno social de los usuarios. Las actividades de la vida diaria que se llevan a cabo se recogen a nivel individual en un programa de trabajo que se complementa con la asistencia a los centros de atenci\u00f3n diurna.<\/p>\n<p>El equipo est\u00e1 formado por m\u00e1s de veinte personas de atenci\u00f3n directa que coordina la direcci\u00f3n t\u00e9cnica.[\/vc_column_text][vc_separator type=\u00bbtransparent\u00bb up=\u00bb30&#8243;]<div class=\"qode-advanced-image-gallery  qode-aig-grid-type qode-medium-space   \">\n\t<div class=\"qode-aig-inner qode-outer-space qode-aig-grid qode-aig-two-columns\">\n\t\t\t\t\t<div class=\"qode-aig-image qode-item-space\">\n\t\t\t\t<div class=\"qode-aig-image-inner\">\n\t\t\t\t\t\t\t\t\t\t\t<img loading=\"lazy\" decoding=\"async\" width=\"600\" height=\"400\" src=\"https:\/\/www.aspronis.com\/wp-content\/uploads\/2022\/08\/residencial1.jpg\" class=\"attachment-full size-full\" alt=\"\" srcset=\"https:\/\/www.aspronis.com\/wp-content\/uploads\/2022\/08\/residencial1.jpg 600w, https:\/\/www.aspronis.com\/wp-content\/uploads\/2022\/08\/residencial1-300x200.jpg 300w\" sizes=\"auto, (max-width: 600px) 100vw, 600px\" \/>\t\t\t\t\t\t<span class=\"aig-gallery-hover\">\n\t\t\t\t\t\t\t\t\t\t\t\t\t<\/span>\n\t\t\t\t\t\t\t\t\t<\/div>\n\t\t\t<\/div>\n\t\t\t\t\t<div class=\"qode-aig-image qode-item-space\">\n\t\t\t\t<div class=\"qode-aig-image-inner\">\n\t\t\t\t\t\t\t\t\t\t\t<img loading=\"lazy\" decoding=\"async\" width=\"600\" height=\"400\" src=\"https:\/\/www.aspronis.com\/wp-content\/uploads\/2022\/08\/residencial2.jpg\" class=\"attachment-full size-full\" alt=\"\" srcset=\"https:\/\/www.aspronis.com\/wp-content\/uploads\/2022\/08\/residencial2.jpg 600w, https:\/\/www.aspronis.com\/wp-content\/uploads\/2022\/08\/residencial2-300x200.jpg 300w\" sizes=\"auto, (max-width: 600px) 100vw, 600px\" \/>\t\t\t\t\t\t<span class=\"aig-gallery-hover\">\n\t\t\t\t\t\t\t\t\t\t\t\t\t<\/span>\n\t\t\t\t\t\t\t\t\t<\/div>\n\t\t\t<\/div>\n\t\t\t<\/div>\n<\/div>[vc_separator type=\u00bbtransparent\u00bb up=\u00bb20&#8243;][vc_column_text el_class=\u00bbatencio_centres_list\u00bb]Contacto:<\/p>\n<ul>\n<li><a href=\"https:\/\/www.aspronis.com\/es\/la-fundacio\/aspronis-qui-som\/contactans\/\">Blanes<\/a><\/li>\n<li><a href=\"https:\/\/www.aspronis.com\/es\/la-fundacio\/aspronis-qui-som\/contactans\/\">Palafolls<\/a><\/li>\n<\/ul>\n<p>[\/vc_column_text][\/vc_column][\/vc_row][vc_row css_animation=\u00bb\u00bb row_type=\u00bbrow\u00bb use_row_as_full_screen_section=\u00bbno\u00bb type=\u00bbgrid\u00bb angled_section=\u00bbno\u00bb text_align=\u00bbleft\u00bb background_image_as_pattern=\u00bbwithout_pattern\u00bb z_index=\u00bb\u00bb][vc_column][vc_column_text el_class=\u00bbsection_title small sep_small\u00bb]<\/p>\n<h2>Residencia Pinya de Rosa<\/h2>\n<p>[\/vc_column_text][vc_column_text]Atendemos a 46 personas en servicio de residencia, personas con discapacidad intelectual con necesidades de apoyo extenso y generalizado que por sus necesidades asistenciales y su situaci\u00f3n familiar no pueden permanecer en su domicilio.<\/p>\n<p>Pinya de Rosa es su casa: ofrecemos alojamiento, manutenci\u00f3n y atenci\u00f3n especializada que cada persona precisa a nivel asistencial, de rehabilitaci\u00f3n o psicopedag\u00f3gico, con un equipo humano amplio y formato que cuida de las personas las 24 horas del d\u00eda.[\/vc_column_text][vc_separator type=\u00bbtransparent\u00bb up=\u00bb30&#8243;]<div class=\"qode-advanced-image-gallery  qode-aig-grid-type qode-medium-space   \">\n\t<div class=\"qode-aig-inner qode-outer-space qode-aig-grid qode-aig-two-columns\">\n\t\t\t\t\t<div class=\"qode-aig-image qode-item-space\">\n\t\t\t\t<div class=\"qode-aig-image-inner\">\n\t\t\t\t\t\t\t\t\t\t\t<img loading=\"lazy\" decoding=\"async\" width=\"860\" height=\"570\" src=\"https:\/\/www.aspronis.com\/wp-content\/uploads\/2022\/07\/atencio_diurna_7.jpg\" class=\"attachment-full size-full\" alt=\"\" srcset=\"https:\/\/www.aspronis.com\/wp-content\/uploads\/2022\/07\/atencio_diurna_7.jpg 860w, https:\/\/www.aspronis.com\/wp-content\/uploads\/2022\/07\/atencio_diurna_7-600x398.jpg 600w, https:\/\/www.aspronis.com\/wp-content\/uploads\/2022\/07\/atencio_diurna_7-300x199.jpg 300w, https:\/\/www.aspronis.com\/wp-content\/uploads\/2022\/07\/atencio_diurna_7-768x509.jpg 768w, https:\/\/www.aspronis.com\/wp-content\/uploads\/2022\/07\/atencio_diurna_7-700x464.jpg 700w\" sizes=\"auto, (max-width: 860px) 100vw, 860px\" \/>\t\t\t\t\t\t<span class=\"aig-gallery-hover\">\n\t\t\t\t\t\t\t\t\t\t\t\t\t<\/span>\n\t\t\t\t\t\t\t\t\t<\/div>\n\t\t\t<\/div>\n\t\t\t\t\t<div class=\"qode-aig-image qode-item-space\">\n\t\t\t\t<div class=\"qode-aig-image-inner\">\n\t\t\t\t\t\t\t\t\t\t\t<img loading=\"lazy\" decoding=\"async\" width=\"860\" height=\"570\" src=\"https:\/\/www.aspronis.com\/wp-content\/uploads\/2022\/07\/atencio_diurna_8.jpg\" class=\"attachment-full size-full\" alt=\"\" srcset=\"https:\/\/www.aspronis.com\/wp-content\/uploads\/2022\/07\/atencio_diurna_8.jpg 860w, https:\/\/www.aspronis.com\/wp-content\/uploads\/2022\/07\/atencio_diurna_8-600x398.jpg 600w, https:\/\/www.aspronis.com\/wp-content\/uploads\/2022\/07\/atencio_diurna_8-300x199.jpg 300w, https:\/\/www.aspronis.com\/wp-content\/uploads\/2022\/07\/atencio_diurna_8-768x509.jpg 768w, https:\/\/www.aspronis.com\/wp-content\/uploads\/2022\/07\/atencio_diurna_8-700x464.jpg 700w\" sizes=\"auto, (max-width: 860px) 100vw, 860px\" \/>\t\t\t\t\t\t<span class=\"aig-gallery-hover\">\n\t\t\t\t\t\t\t\t\t\t\t\t\t<\/span>\n\t\t\t\t\t\t\t\t\t<\/div>\n\t\t\t<\/div>\n\t\t\t<\/div>\n<\/div>[vc_separator type=\u00bbtransparent\u00bb up=\u00bb20&#8243;][vc_column_text el_class=\u00bbatencio_centres_list\u00bb]Contacto:<\/p>\n<ul>\n<li><a href=\"https:\/\/www.google.com\" target=\"_blank\" rel=\"noopener\">Palafolls<\/a><\/li>\n<\/ul>\n<p>[\/vc_column_text][\/vc_column][\/vc_row][vc_row css_animation=\u00bb\u00bb row_type=\u00bbrow\u00bb use_row_as_full_screen_section=\u00bbno\u00bb type=\u00bbfull_width\u00bb angled_section=\u00bbno\u00bb text_align=\u00bbleft\u00bb background_image_as_pattern=\u00bbwithout_pattern\u00bb el_class=\u00bbnewsletter_section_wrapper\u00bb z_index=\u00bb\u00bb][vc_column][vc_widget_sidebar sidebar_id=\u00bbnewsletter\u00bb][\/vc_column][\/vc_row]<\/p>\n<\/div>","protected":false},"excerpt":{"rendered":"<p>[vc_row css_animation=\u00bb\u00bb row_type=\u00bbrow\u00bb use_row_as_full_screen_section=\u00bbno\u00bb type=\u00bbgrid\u00bb angled_section=\u00bbno\u00bb text_align=\u00bbleft\u00bb background_image_as_pattern=\u00bbwithout_pattern\u00bb z_index=\u00bb\u00bb][vc_column][vc_column_text el_class=\u00bbsection_title small sep_small\u00bb] Hogares-residencias [\/vc_column_text][vc_column_text]Disponemos de tres hogares-residencia, dos en Blanes y uno en Palafolls, donde atendemos a un total de 33 personas con discapacidad intelectual con diferentes necesidades de apoyo. El servicio proporciona un n\u00facleo&#8230;<\/p>\n","protected":false},"author":1,"featured_media":0,"parent":1484,"menu_order":0,"comment_status":"closed","ping_status":"closed","template":"full_width.php","meta":{"footnotes":""},"class_list":["post-1493","page","type-page","status-publish","hentry"],"yoast_head":"<!-- This site is optimized with the Yoast SEO plugin v27.5 - https:\/\/yoast.com\/product\/yoast-seo-wordpress\/ -->\n<title>Residenciales - Aspronis<\/title>\n<meta name=\"robots\" content=\"index, follow, max-snippet:-1, max-image-preview:large, max-video-preview:-1\" \/>\n<link rel=\"canonical\" href=\"https:\/\/www.aspronis.com\/es\/serveis-a-les-persones\/residenciales\/\" \/>\n<meta property=\"og:locale\" content=\"es_ES\" \/>\n<meta property=\"og:type\" content=\"article\" \/>\n<meta property=\"og:title\" content=\"Residenciales - Aspronis\" \/>\n<meta property=\"og:description\" content=\"[vc_row css_animation=\u00bb\u00bb row_type=\u00bbrow\u00bb use_row_as_full_screen_section=\u00bbno\u00bb type=\u00bbgrid\u00bb angled_section=\u00bbno\u00bb text_align=\u00bbleft\u00bb background_image_as_pattern=\u00bbwithout_pattern\u00bb z_index=\u00bb\u00bb][vc_column][vc_column_text el_class=\u00bbsection_title small sep_small\u00bb] Hogares-residencias [\/vc_column_text][vc_column_text]Disponemos de tres hogares-residencia, dos en Blanes y uno en Palafolls, donde atendemos a un total de 33 personas con discapacidad intelectual con diferentes necesidades de apoyo. El servicio proporciona un n\u00facleo...\" \/>\n<meta property=\"og:url\" content=\"https:\/\/www.aspronis.com\/es\/serveis-a-les-persones\/residenciales\/\" \/>\n<meta property=\"og:site_name\" content=\"Aspronis\" \/>\n<meta property=\"article:modified_time\" content=\"2022-12-08T15:21:02+00:00\" \/>\n<meta name=\"twitter:card\" content=\"summary_large_image\" \/>\n<meta name=\"twitter:label1\" content=\"Tiempo de lectura\" \/>\n\t<meta name=\"twitter:data1\" content=\"2 minutos\" \/>\n<script type=\"application\/ld+json\" class=\"yoast-schema-graph\">{\"@context\":\"https:\\\/\\\/schema.org\",\"@graph\":[{\"@type\":\"WebPage\",\"@id\":\"https:\\\/\\\/www.aspronis.com\\\/es\\\/serveis-a-les-persones\\\/residenciales\\\/\",\"url\":\"https:\\\/\\\/www.aspronis.com\\\/es\\\/serveis-a-les-persones\\\/residenciales\\\/\",\"name\":\"Residenciales - Aspronis\",\"isPartOf\":{\"@id\":\"https:\\\/\\\/www.aspronis.com\\\/es\\\/#website\"},\"datePublished\":\"2022-07-07T16:09:16+00:00\",\"dateModified\":\"2022-12-08T15:21:02+00:00\",\"breadcrumb\":{\"@id\":\"https:\\\/\\\/www.aspronis.com\\\/es\\\/serveis-a-les-persones\\\/residenciales\\\/#breadcrumb\"},\"inLanguage\":\"es\",\"potentialAction\":[{\"@type\":\"ReadAction\",\"target\":[\"https:\\\/\\\/www.aspronis.com\\\/es\\\/serveis-a-les-persones\\\/residenciales\\\/\"]}]},{\"@type\":\"BreadcrumbList\",\"@id\":\"https:\\\/\\\/www.aspronis.com\\\/es\\\/serveis-a-les-persones\\\/residenciales\\\/#breadcrumb\",\"itemListElement\":[{\"@type\":\"ListItem\",\"position\":1,\"name\":\"Servicio a las personas\",\"item\":\"https:\\\/\\\/www.aspronis.com\\\/es\\\/serveis-a-les-persones\\\/\"},{\"@type\":\"ListItem\",\"position\":2,\"name\":\"Residenciales\"}]},{\"@type\":\"WebSite\",\"@id\":\"https:\\\/\\\/www.aspronis.com\\\/es\\\/#website\",\"url\":\"https:\\\/\\\/www.aspronis.com\\\/es\\\/\",\"name\":\"Aspronis\",\"description\":\"\",\"potentialAction\":[{\"@type\":\"SearchAction\",\"target\":{\"@type\":\"EntryPoint\",\"urlTemplate\":\"https:\\\/\\\/www.aspronis.com\\\/es\\\/?s={search_term_string}\"},\"query-input\":{\"@type\":\"PropertyValueSpecification\",\"valueRequired\":true,\"valueName\":\"search_term_string\"}}],\"inLanguage\":\"es\"}]}<\/script>\n<!-- \/ Yoast SEO plugin. -->","yoast_head_json":{"title":"Residenciales - Aspronis","robots":{"index":"index","follow":"follow","max-snippet":"max-snippet:-1","max-image-preview":"max-image-preview:large","max-video-preview":"max-video-preview:-1"},"canonical":"https:\/\/www.aspronis.com\/es\/serveis-a-les-persones\/residenciales\/","og_locale":"es_ES","og_type":"article","og_title":"Residenciales - Aspronis","og_description":"[vc_row css_animation=\u00bb\u00bb row_type=\u00bbrow\u00bb use_row_as_full_screen_section=\u00bbno\u00bb type=\u00bbgrid\u00bb angled_section=\u00bbno\u00bb text_align=\u00bbleft\u00bb background_image_as_pattern=\u00bbwithout_pattern\u00bb z_index=\u00bb\u00bb][vc_column][vc_column_text el_class=\u00bbsection_title small sep_small\u00bb] Hogares-residencias [\/vc_column_text][vc_column_text]Disponemos de tres hogares-residencia, dos en Blanes y uno en Palafolls, donde atendemos a un total de 33 personas con discapacidad intelectual con diferentes necesidades de apoyo. El servicio proporciona un n\u00facleo...","og_url":"https:\/\/www.aspronis.com\/es\/serveis-a-les-persones\/residenciales\/","og_site_name":"Aspronis","article_modified_time":"2022-12-08T15:21:02+00:00","twitter_card":"summary_large_image","twitter_misc":{"Tiempo de lectura":"2 minutos"},"schema":{"@context":"https:\/\/schema.org","@graph":[{"@type":"WebPage","@id":"https:\/\/www.aspronis.com\/es\/serveis-a-les-persones\/residenciales\/","url":"https:\/\/www.aspronis.com\/es\/serveis-a-les-persones\/residenciales\/","name":"Residenciales - Aspronis","isPartOf":{"@id":"https:\/\/www.aspronis.com\/es\/#website"},"datePublished":"2022-07-07T16:09:16+00:00","dateModified":"2022-12-08T15:21:02+00:00","breadcrumb":{"@id":"https:\/\/www.aspronis.com\/es\/serveis-a-les-persones\/residenciales\/#breadcrumb"},"inLanguage":"es","potentialAction":[{"@type":"ReadAction","target":["https:\/\/www.aspronis.com\/es\/serveis-a-les-persones\/residenciales\/"]}]},{"@type":"BreadcrumbList","@id":"https:\/\/www.aspronis.com\/es\/serveis-a-les-persones\/residenciales\/#breadcrumb","itemListElement":[{"@type":"ListItem","position":1,"name":"Servicio a las personas","item":"https:\/\/www.aspronis.com\/es\/serveis-a-les-persones\/"},{"@type":"ListItem","position":2,"name":"Residenciales"}]},{"@type":"WebSite","@id":"https:\/\/www.aspronis.com\/es\/#website","url":"https:\/\/www.aspronis.com\/es\/","name":"Aspronis","description":"","potentialAction":[{"@type":"SearchAction","target":{"@type":"EntryPoint","urlTemplate":"https:\/\/www.aspronis.com\/es\/?s={search_term_string}"},"query-input":{"@type":"PropertyValueSpecification","valueRequired":true,"valueName":"search_term_string"}}],"inLanguage":"es"}]}},"_links":{"self":[{"href":"https:\/\/www.aspronis.com\/es\/wp-json\/wp\/v2\/pages\/1493","targetHints":{"allow":["GET"]}}],"collection":[{"href":"https:\/\/www.aspronis.com\/es\/wp-json\/wp\/v2\/pages"}],"about":[{"href":"https:\/\/www.aspronis.com\/es\/wp-json\/wp\/v2\/types\/page"}],"author":[{"embeddable":true,"href":"https:\/\/www.aspronis.com\/es\/wp-json\/wp\/v2\/users\/1"}],"replies":[{"embeddable":true,"href":"https:\/\/www.aspronis.com\/es\/wp-json\/wp\/v2\/comments?post=1493"}],"version-history":[{"count":3,"href":"https:\/\/www.aspronis.com\/es\/wp-json\/wp\/v2\/pages\/1493\/revisions"}],"predecessor-version":[{"id":1929,"href":"https:\/\/www.aspronis.com\/es\/wp-json\/wp\/v2\/pages\/1493\/revisions\/1929"}],"up":[{"embeddable":true,"href":"https:\/\/www.aspronis.com\/es\/wp-json\/wp\/v2\/pages\/1484"}],"wp:attachment":[{"href":"https:\/\/www.aspronis.com\/es\/wp-json\/wp\/v2\/media?parent=1493"}],"curies":[{"name":"wp","href":"https:\/\/api.w.org\/{rel}","templated":true}]}}