{"id":1494,"date":"2022-09-19T13:05:51","date_gmt":"2022-09-19T11:05:51","guid":{"rendered":"https:\/\/www.aspronis.com\/serveis-a-les-persones\/serveis-a-la-comunitat\/"},"modified":"2024-05-30T12:19:15","modified_gmt":"2024-05-30T10:19:15","slug":"servicios-a-la-comunidad","status":"publish","type":"page","link":"https:\/\/www.aspronis.com\/es\/serveis-a-les-persones\/servicios-a-la-comunidad\/","title":{"rendered":"Servicios a la comunidad"},"content":{"rendered":"<div class=\"wpb-content-wrapper\"><p>[vc_row css_animation=\u00bb\u00bb row_type=\u00bbrow\u00bb use_row_as_full_screen_section=\u00bbno\u00bb type=\u00bbgrid\u00bb angled_section=\u00bbno\u00bb text_align=\u00bbleft\u00bb background_image_as_pattern=\u00bbwithout_pattern\u00bb z_index=\u00bb\u00bb][vc_column][vc_column_text el_class=\u00bbsection_title small sep_small\u00bb]<\/p>\n<h2>Servicio de Atenci\u00f3n Domiciliaria<\/h2>\n<p>[\/vc_column_text][vc_row_inner row_type=\u00bbrow\u00bb type=\u00bbfull_width\u00bb text_align=\u00bbleft\u00bb css_animation=\u00bb\u00bb][vc_column_inner width=\u00bb1\/2&#8243;][vc_column_text]Ofrecemos la experiencia y la profesionalidad de ASPRONIS para atender a particulares en el propio domicilio en situaci\u00f3n de convalecencia, personas de la tercera edad o con discapacidad. Tambi\u00e9n pueden solicitar el servicio personas con resoluci\u00f3n del grado de dependencia. Atendemos a personas con dificultades, temporales o permanentes, para mejorar el funcionamiento de la vida diaria con atenci\u00f3n individualizada en todo lo necesario:<\/p>\n<ul>\n<li>Atenci\u00f3n al cuidado personal, h\u00e1bitos de autonom\u00eda, higiene, alimentaci\u00f3n, autocuidado, imagen personal.<\/li>\n<li>Acciones de apoyo a la salud: acompa\u00f1amientos m\u00e9dicos, seguimiento de pautas m\u00e9dicas, preparaci\u00f3n de medicaciones.<\/li>\n<li>Acompa\u00f1amiento en desplazamientos habituales o compa\u00f1\u00eda.<\/li>\n<li>Asistencia al hogar: limpieza, compras, ropero, cocina, etc.<\/li>\n<li>Apoyo en actividades de ocio: acompa\u00f1amiento, elecci\u00f3n, etc.<\/li>\n<\/ul>\n<p>Apoyo en gestiones administrativas a nivel de acompa\u00f1amiento a asesoramientos o tr\u00e1mites (excluidas decisiones).<\/p>\n<p>[\/vc_column_text][\/vc_column_inner][vc_column_inner width=\u00bb1\/2&#8243;][vc_single_image image=\u00bb1070&#8243; img_size=\u00bbfull\u00bb qode_css_animation=\u00bb\u00bb][\/vc_column_inner][\/vc_row_inner][vc_separator type=\u00bbtransparent\u00bb up=\u00bb30&#8243;][vc_row_inner row_type=\u00bbrow\u00bb type=\u00bbfull_width\u00bb text_align=\u00bbleft\u00bb css_animation=\u00bb\u00bb][vc_column_inner width=\u00bb1\/2&#8243;][vc_single_image image=\u00bb1076&#8243; img_size=\u00bbfull\u00bb qode_css_animation=\u00bb\u00bb][\/vc_column_inner][vc_column_inner width=\u00bb1\/2&#8243;][vc_column_text]La Fundaci\u00f3n ASPRONIS coordina el <a href=\"https:\/\/fundacionlacaixa.org\/ca\/caixaproinfancia-la-caixa-contra-pobresa-infantil\" target=\"_blank\" rel=\"noopener\">Programa CaixaProinfancia<\/a> de la Fundaci\u00f3n \u00abla Caixa\u00bb en Lloret de Mar desde noviembre de 2020.<\/p>\n<p>El programa tiene por objetivo romper el c\u00edrculo de la pobreza que se transmite de padres a hijos. Por eso, est\u00e1 dirigido a la infancia y la adolescencia de entre 0 y 18 a\u00f1os de Lloret de Mar en situaci\u00f3n de pobreza que necesita atenci\u00f3n o acompa\u00f1amiento para las carencias sociales y econ\u00f3micas que tienen el riesgo de sufrir o que sufren.<\/p>\n<p>Para ello, el Programa CaixaProinfancia favorece el desarrollo social y educativo de los ni\u00f1os y j\u00f3venes, mediante sus competencias, para mejorar su integraci\u00f3n social y su autonom\u00eda en los contextos familiar, escolar y social, as\u00ed como su salud y evitar as\u00ed la exclusi\u00f3n social.[\/vc_column_text][vc_single_image image=\u00bb2770&#8243; img_size=\u00bbfull\u00bb qode_css_animation=\u00bb\u00bb][\/vc_column_inner][\/vc_row_inner][\/vc_column][\/vc_row][vc_row css_animation=\u00bb\u00bb row_type=\u00bbrow\u00bb use_row_as_full_screen_section=\u00bbno\u00bb type=\u00bbgrid\u00bb angled_section=\u00bbno\u00bb text_align=\u00bbleft\u00bb background_image_as_pattern=\u00bbwithout_pattern\u00bb el_class=\u00bbbg_gris\u00bb z_index=\u00bb\u00bb][vc_column][vc_column_text el_class=\u00bbsection_title small sep_small\u00bb]<\/p>\n<h2>Mi Casa<\/h2>\n<p>[\/vc_column_text][vc_row_inner row_type=\u00bbrow\u00bb type=\u00bbfull_width\u00bb text_align=\u00bbleft\u00bb css_animation=\u00bb\u00bb][vc_column_inner][vc_column_text]La Fundaci\u00f3n ASPRONIS ha sido seleccionada para el proyecto \u00abMi Casa\u00bb o \u00abCasa Meva\u00bb, una l\u00ednea de innovaci\u00f3n y pilotaje de la nueva estrategia estatal de desinstitucionalizaci\u00f3n, con el acompa\u00f1amiento de Dincat y la Confederaci\u00f3n Plena Inclusi\u00f3n.<\/p>\n<p>El proyecto tiene como objetivo implicar a las entidades y la administraci\u00f3n p\u00fablica para favorecer procesos de desinstitucionalizaci\u00f3n o de prevenci\u00f3n de la institucionalizaci\u00f3n mediante la vida independiente y en la comunidad. Se concreta en permitir el acceso a estas viviendas a personas con discapacidad intelectual y grandes necesidades de apoyo, prioritariamente, con soporte extenso y generalizado que deseen iniciar una nueva aventura vital.[\/vc_column_text][vc_separator type=\u00bbtransparent\u00bb up=\u00bb30&#8243;][\/vc_column_inner][\/vc_row_inner][\/vc_column][\/vc_row][vc_row css_animation=\u00bb\u00bb row_type=\u00bbrow\u00bb use_row_as_full_screen_section=\u00bbno\u00bb type=\u00bbfull_width\u00bb angled_section=\u00bbno\u00bb text_align=\u00bbleft\u00bb background_image_as_pattern=\u00bbwithout_pattern\u00bb el_class=\u00bbnewsletter_section_wrapper\u00bb z_index=\u00bb\u00bb][vc_column][vc_widget_sidebar sidebar_id=\u00bbnewsletter\u00bb][\/vc_column][\/vc_row]<\/p>\n<\/div>","protected":false},"excerpt":{"rendered":"<p>[vc_row css_animation=\u00bb\u00bb row_type=\u00bbrow\u00bb use_row_as_full_screen_section=\u00bbno\u00bb type=\u00bbgrid\u00bb angled_section=\u00bbno\u00bb text_align=\u00bbleft\u00bb background_image_as_pattern=\u00bbwithout_pattern\u00bb z_index=\u00bb\u00bb][vc_column][vc_column_text el_class=\u00bbsection_title small sep_small\u00bb] Servicio de Atenci\u00f3n Domiciliaria [\/vc_column_text][vc_row_inner row_type=\u00bbrow\u00bb type=\u00bbfull_width\u00bb text_align=\u00bbleft\u00bb css_animation=\u00bb\u00bb][vc_column_inner width=\u00bb1\/2&#8243;][vc_column_text]Ofrecemos la experiencia y la profesionalidad de ASPRONIS para atender a particulares en el propio domicilio en situaci\u00f3n de convalecencia, personas de la tercera&#8230;<\/p>\n","protected":false},"author":2,"featured_media":0,"parent":1484,"menu_order":0,"comment_status":"closed","ping_status":"closed","template":"full_width.php","meta":{"footnotes":""},"class_list":["post-1494","page","type-page","status-publish","hentry"],"yoast_head":"<!-- This site is optimized with the Yoast SEO plugin v27.5 - https:\/\/yoast.com\/product\/yoast-seo-wordpress\/ -->\n<title>Servicios a la comunidad - Aspronis<\/title>\n<meta name=\"robots\" content=\"index, follow, max-snippet:-1, max-image-preview:large, max-video-preview:-1\" \/>\n<link rel=\"canonical\" href=\"https:\/\/www.aspronis.com\/es\/serveis-a-les-persones\/servicios-a-la-comunidad\/\" \/>\n<meta property=\"og:locale\" content=\"es_ES\" \/>\n<meta property=\"og:type\" content=\"article\" \/>\n<meta property=\"og:title\" content=\"Servicios a la comunidad - Aspronis\" \/>\n<meta property=\"og:description\" content=\"[vc_row css_animation=\u00bb\u00bb row_type=\u00bbrow\u00bb use_row_as_full_screen_section=\u00bbno\u00bb type=\u00bbgrid\u00bb angled_section=\u00bbno\u00bb text_align=\u00bbleft\u00bb background_image_as_pattern=\u00bbwithout_pattern\u00bb z_index=\u00bb\u00bb][vc_column][vc_column_text el_class=\u00bbsection_title small sep_small\u00bb] Servicio de Atenci\u00f3n Domiciliaria [\/vc_column_text][vc_row_inner row_type=\u00bbrow\u00bb type=\u00bbfull_width\u00bb text_align=\u00bbleft\u00bb css_animation=\u00bb\u00bb][vc_column_inner width=\u00bb1\/2&#8243;][vc_column_text]Ofrecemos la experiencia y la profesionalidad de ASPRONIS para atender a particulares en el propio domicilio en situaci\u00f3n de convalecencia, personas de la tercera...\" \/>\n<meta property=\"og:url\" content=\"https:\/\/www.aspronis.com\/es\/serveis-a-les-persones\/servicios-a-la-comunidad\/\" \/>\n<meta property=\"og:site_name\" content=\"Aspronis\" \/>\n<meta property=\"article:modified_time\" content=\"2024-05-30T10:19:15+00:00\" \/>\n<meta name=\"twitter:card\" content=\"summary_large_image\" \/>\n<meta name=\"twitter:label1\" content=\"Tiempo de lectura\" \/>\n\t<meta name=\"twitter:data1\" content=\"3 minutos\" \/>\n<script type=\"application\/ld+json\" class=\"yoast-schema-graph\">{\"@context\":\"https:\\\/\\\/schema.org\",\"@graph\":[{\"@type\":\"WebPage\",\"@id\":\"https:\\\/\\\/www.aspronis.com\\\/es\\\/serveis-a-les-persones\\\/servicios-a-la-comunidad\\\/\",\"url\":\"https:\\\/\\\/www.aspronis.com\\\/es\\\/serveis-a-les-persones\\\/servicios-a-la-comunidad\\\/\",\"name\":\"Servicios a la comunidad - Aspronis\",\"isPartOf\":{\"@id\":\"https:\\\/\\\/www.aspronis.com\\\/es\\\/#website\"},\"datePublished\":\"2022-09-19T11:05:51+00:00\",\"dateModified\":\"2024-05-30T10:19:15+00:00\",\"breadcrumb\":{\"@id\":\"https:\\\/\\\/www.aspronis.com\\\/es\\\/serveis-a-les-persones\\\/servicios-a-la-comunidad\\\/#breadcrumb\"},\"inLanguage\":\"es\",\"potentialAction\":[{\"@type\":\"ReadAction\",\"target\":[\"https:\\\/\\\/www.aspronis.com\\\/es\\\/serveis-a-les-persones\\\/servicios-a-la-comunidad\\\/\"]}]},{\"@type\":\"BreadcrumbList\",\"@id\":\"https:\\\/\\\/www.aspronis.com\\\/es\\\/serveis-a-les-persones\\\/servicios-a-la-comunidad\\\/#breadcrumb\",\"itemListElement\":[{\"@type\":\"ListItem\",\"position\":1,\"name\":\"Servicio a las personas\",\"item\":\"https:\\\/\\\/www.aspronis.com\\\/es\\\/serveis-a-les-persones\\\/\"},{\"@type\":\"ListItem\",\"position\":2,\"name\":\"Servicios a la comunidad\"}]},{\"@type\":\"WebSite\",\"@id\":\"https:\\\/\\\/www.aspronis.com\\\/es\\\/#website\",\"url\":\"https:\\\/\\\/www.aspronis.com\\\/es\\\/\",\"name\":\"Aspronis\",\"description\":\"\",\"potentialAction\":[{\"@type\":\"SearchAction\",\"target\":{\"@type\":\"EntryPoint\",\"urlTemplate\":\"https:\\\/\\\/www.aspronis.com\\\/es\\\/?s={search_term_string}\"},\"query-input\":{\"@type\":\"PropertyValueSpecification\",\"valueRequired\":true,\"valueName\":\"search_term_string\"}}],\"inLanguage\":\"es\"}]}<\/script>\n<!-- \/ Yoast SEO plugin. -->","yoast_head_json":{"title":"Servicios a la comunidad - Aspronis","robots":{"index":"index","follow":"follow","max-snippet":"max-snippet:-1","max-image-preview":"max-image-preview:large","max-video-preview":"max-video-preview:-1"},"canonical":"https:\/\/www.aspronis.com\/es\/serveis-a-les-persones\/servicios-a-la-comunidad\/","og_locale":"es_ES","og_type":"article","og_title":"Servicios a la comunidad - Aspronis","og_description":"[vc_row css_animation=\u00bb\u00bb row_type=\u00bbrow\u00bb use_row_as_full_screen_section=\u00bbno\u00bb type=\u00bbgrid\u00bb angled_section=\u00bbno\u00bb text_align=\u00bbleft\u00bb background_image_as_pattern=\u00bbwithout_pattern\u00bb z_index=\u00bb\u00bb][vc_column][vc_column_text el_class=\u00bbsection_title small sep_small\u00bb] Servicio de Atenci\u00f3n Domiciliaria [\/vc_column_text][vc_row_inner row_type=\u00bbrow\u00bb type=\u00bbfull_width\u00bb text_align=\u00bbleft\u00bb css_animation=\u00bb\u00bb][vc_column_inner width=\u00bb1\/2&#8243;][vc_column_text]Ofrecemos la experiencia y la profesionalidad de ASPRONIS para atender a particulares en el propio domicilio en situaci\u00f3n de convalecencia, personas de la tercera...","og_url":"https:\/\/www.aspronis.com\/es\/serveis-a-les-persones\/servicios-a-la-comunidad\/","og_site_name":"Aspronis","article_modified_time":"2024-05-30T10:19:15+00:00","twitter_card":"summary_large_image","twitter_misc":{"Tiempo de lectura":"3 minutos"},"schema":{"@context":"https:\/\/schema.org","@graph":[{"@type":"WebPage","@id":"https:\/\/www.aspronis.com\/es\/serveis-a-les-persones\/servicios-a-la-comunidad\/","url":"https:\/\/www.aspronis.com\/es\/serveis-a-les-persones\/servicios-a-la-comunidad\/","name":"Servicios a la comunidad - Aspronis","isPartOf":{"@id":"https:\/\/www.aspronis.com\/es\/#website"},"datePublished":"2022-09-19T11:05:51+00:00","dateModified":"2024-05-30T10:19:15+00:00","breadcrumb":{"@id":"https:\/\/www.aspronis.com\/es\/serveis-a-les-persones\/servicios-a-la-comunidad\/#breadcrumb"},"inLanguage":"es","potentialAction":[{"@type":"ReadAction","target":["https:\/\/www.aspronis.com\/es\/serveis-a-les-persones\/servicios-a-la-comunidad\/"]}]},{"@type":"BreadcrumbList","@id":"https:\/\/www.aspronis.com\/es\/serveis-a-les-persones\/servicios-a-la-comunidad\/#breadcrumb","itemListElement":[{"@type":"ListItem","position":1,"name":"Servicio a las personas","item":"https:\/\/www.aspronis.com\/es\/serveis-a-les-persones\/"},{"@type":"ListItem","position":2,"name":"Servicios a la comunidad"}]},{"@type":"WebSite","@id":"https:\/\/www.aspronis.com\/es\/#website","url":"https:\/\/www.aspronis.com\/es\/","name":"Aspronis","description":"","potentialAction":[{"@type":"SearchAction","target":{"@type":"EntryPoint","urlTemplate":"https:\/\/www.aspronis.com\/es\/?s={search_term_string}"},"query-input":{"@type":"PropertyValueSpecification","valueRequired":true,"valueName":"search_term_string"}}],"inLanguage":"es"}]}},"_links":{"self":[{"href":"https:\/\/www.aspronis.com\/es\/wp-json\/wp\/v2\/pages\/1494","targetHints":{"allow":["GET"]}}],"collection":[{"href":"https:\/\/www.aspronis.com\/es\/wp-json\/wp\/v2\/pages"}],"about":[{"href":"https:\/\/www.aspronis.com\/es\/wp-json\/wp\/v2\/types\/page"}],"author":[{"embeddable":true,"href":"https:\/\/www.aspronis.com\/es\/wp-json\/wp\/v2\/users\/2"}],"replies":[{"embeddable":true,"href":"https:\/\/www.aspronis.com\/es\/wp-json\/wp\/v2\/comments?post=1494"}],"version-history":[{"count":3,"href":"https:\/\/www.aspronis.com\/es\/wp-json\/wp\/v2\/pages\/1494\/revisions"}],"predecessor-version":[{"id":2772,"href":"https:\/\/www.aspronis.com\/es\/wp-json\/wp\/v2\/pages\/1494\/revisions\/2772"}],"up":[{"embeddable":true,"href":"https:\/\/www.aspronis.com\/es\/wp-json\/wp\/v2\/pages\/1484"}],"wp:attachment":[{"href":"https:\/\/www.aspronis.com\/es\/wp-json\/wp\/v2\/media?parent=1494"}],"curies":[{"name":"wp","href":"https:\/\/api.w.org\/{rel}","templated":true}]}}