{"id":1544,"date":"2022-07-04T17:34:25","date_gmt":"2022-07-04T15:34:25","guid":{"rendered":"https:\/\/www.aspronis.com\/la-fundacio\/etica\/codi-etic\/"},"modified":"2022-10-25T12:55:24","modified_gmt":"2022-10-25T10:55:24","slug":"codigo-etico","status":"publish","type":"page","link":"https:\/\/www.aspronis.com\/es\/la-fundacio\/etica\/codigo-etico\/","title":{"rendered":"C\u00f3digo \u00e9tico"},"content":{"rendered":"<div class=\"wpb-content-wrapper\"><p>[vc_row css_animation=\u00bb\u00bb row_type=\u00bbrow\u00bb use_row_as_full_screen_section=\u00bbno\u00bb type=\u00bbgrid\u00bb angled_section=\u00bbno\u00bb text_align=\u00bbleft\u00bb background_image_as_pattern=\u00bbwithout_pattern\u00bb z_index=\u00bb\u00bb][vc_column width=\u00bb1\/2&#8243;][vc_column_text el_class=\u00bbsection_title small sep\u00bb]<\/p>\n<h2>C\u00f3digo \u00e9tico<\/h2>\n<p>[\/vc_column_text][vc_column_text]<b>La \u00e9tica <\/b>es vital en las organizaciones y en la Fundaci\u00f3n ASPRONIS lo es especialmente: las personas son nuestro eje y la \u00e9tica, nuestra gu\u00eda.<\/p>\n<p>Por eso, contamos con el <b>C\u00f3digo \u00c9tico<\/b>, elaborado de forma participativa y en varios formatos para que llegue al m\u00e1ximo de personas:<\/p>\n<ul>\n<li aria-level=\"1\"><a href=\"https:\/\/www.aspronis.com\/wp-content\/uploads\/2022\/08\/CODIETIC_def_nova-imatge.pdf\" target=\"_blank\" rel=\"noopener\"><b>Escrito en versi\u00f3n extensa<\/b><\/a> y en <a href=\"https:\/\/www.aspronis.com\/wp-content\/uploads\/2022\/08\/codi-etic-Aspronis_ES_04- 1.pdf\" target=\"_blank\" rel=\"noopener\"><b>Lectura F\u00e1cil<\/b><\/a><b><\/b><\/li>\n<li aria-level=\"1\"><a href=\"https:\/\/youtu.be\/kyHKOHgl-YU\" target=\"_blank\" rel=\"noopener\"><b>En v\u00eddeo<\/b> y con subt\u00edtulos en catal\u00e1n y castellano.<\/a><\/li>\n<\/ul>\n<p>[\/vc_column_text][vc_separator type=\u00bbtransparent\u00bb up=\u00bb20&#8243;][\/vc_column][vc_column width=\u00bb1\/2&#8243;][vc_video link=\u00bbhttps:\/\/www.youtube.com\/watch?v=kyHKOHgl-YU\u00bb][\/vc_column][\/vc_row][vc_row css_animation=\u00bb\u00bb row_type=\u00bbrow\u00bb use_row_as_full_screen_section=\u00bbno\u00bb type=\u00bbfull_width\u00bb angled_section=\u00bbno\u00bb text_align=\u00bbleft\u00bb background_image_as_pattern=\u00bbwithout_pattern\u00bb el_class=\u00bbnewsletter_section_wrapper\u00bb z_index=\u00bb\u00bb][vc_column][vc_widget_sidebar sidebar_id=\u00bbnewsletter\u00bb][\/vc_column][\/vc_row]<\/p>\n<\/div>","protected":false},"excerpt":{"rendered":"<p>[vc_row css_animation=\u00bb\u00bb row_type=\u00bbrow\u00bb use_row_as_full_screen_section=\u00bbno\u00bb type=\u00bbgrid\u00bb angled_section=\u00bbno\u00bb text_align=\u00bbleft\u00bb background_image_as_pattern=\u00bbwithout_pattern\u00bb z_index=\u00bb\u00bb][vc_column width=\u00bb1\/2&#8243;][vc_column_text el_class=\u00bbsection_title small sep\u00bb] C\u00f3digo \u00e9tico [\/vc_column_text][vc_column_text]La \u00e9tica es vital en las organizaciones y en la Fundaci\u00f3n ASPRONIS lo es especialmente: las personas son nuestro eje y la \u00e9tica, nuestra gu\u00eda. Por eso, contamos con el&#8230;<\/p>\n","protected":false},"author":1,"featured_media":0,"parent":1461,"menu_order":0,"comment_status":"closed","ping_status":"closed","template":"full_width.php","meta":{"footnotes":""},"class_list":["post-1544","page","type-page","status-publish","hentry"],"yoast_head":"<!-- This site is optimized with the Yoast SEO plugin v26.8 - https:\/\/yoast.com\/product\/yoast-seo-wordpress\/ -->\n<title>C\u00f3digo \u00e9tico - Aspronis<\/title>\n<meta name=\"robots\" content=\"index, follow, max-snippet:-1, max-image-preview:large, max-video-preview:-1\" \/>\n<link rel=\"canonical\" href=\"https:\/\/www.aspronis.com\/es\/la-fundacio\/etica\/codigo-etico\/\" \/>\n<meta property=\"og:locale\" content=\"es_ES\" \/>\n<meta property=\"og:type\" content=\"article\" \/>\n<meta property=\"og:title\" content=\"C\u00f3digo \u00e9tico - Aspronis\" \/>\n<meta property=\"og:description\" content=\"[vc_row css_animation=\u00bb\u00bb row_type=\u00bbrow\u00bb use_row_as_full_screen_section=\u00bbno\u00bb type=\u00bbgrid\u00bb angled_section=\u00bbno\u00bb text_align=\u00bbleft\u00bb background_image_as_pattern=\u00bbwithout_pattern\u00bb z_index=\u00bb\u00bb][vc_column width=\u00bb1\/2&#8243;][vc_column_text el_class=\u00bbsection_title small sep\u00bb] C\u00f3digo \u00e9tico [\/vc_column_text][vc_column_text]La \u00e9tica es vital en las organizaciones y en la Fundaci\u00f3n ASPRONIS lo es especialmente: las personas son nuestro eje y la \u00e9tica, nuestra gu\u00eda. Por eso, contamos con el...\" \/>\n<meta property=\"og:url\" content=\"https:\/\/www.aspronis.com\/es\/la-fundacio\/etica\/codigo-etico\/\" \/>\n<meta property=\"og:site_name\" content=\"Aspronis\" \/>\n<meta property=\"article:modified_time\" content=\"2022-10-25T10:55:24+00:00\" \/>\n<meta name=\"twitter:card\" content=\"summary_large_image\" \/>\n<meta name=\"twitter:label1\" content=\"Tiempo de lectura\" \/>\n\t<meta name=\"twitter:data1\" content=\"1 minuto\" \/>\n<script type=\"application\/ld+json\" class=\"yoast-schema-graph\">{\"@context\":\"https:\/\/schema.org\",\"@graph\":[{\"@type\":\"WebPage\",\"@id\":\"https:\/\/www.aspronis.com\/es\/la-fundacio\/etica\/codigo-etico\/\",\"url\":\"https:\/\/www.aspronis.com\/es\/la-fundacio\/etica\/codigo-etico\/\",\"name\":\"C\u00f3digo \u00e9tico - Aspronis\",\"isPartOf\":{\"@id\":\"https:\/\/www.aspronis.com\/es\/#website\"},\"datePublished\":\"2022-07-04T15:34:25+00:00\",\"dateModified\":\"2022-10-25T10:55:24+00:00\",\"breadcrumb\":{\"@id\":\"https:\/\/www.aspronis.com\/es\/la-fundacio\/etica\/codigo-etico\/#breadcrumb\"},\"inLanguage\":\"es\",\"potentialAction\":[{\"@type\":\"ReadAction\",\"target\":[\"https:\/\/www.aspronis.com\/es\/la-fundacio\/etica\/codigo-etico\/\"]}]},{\"@type\":\"BreadcrumbList\",\"@id\":\"https:\/\/www.aspronis.com\/es\/la-fundacio\/etica\/codigo-etico\/#breadcrumb\",\"itemListElement\":[{\"@type\":\"ListItem\",\"position\":1,\"name\":\"La fundaci\u00f3n\",\"item\":\"https:\/\/www.aspronis.com\/es\/la-fundacio\/\"},{\"@type\":\"ListItem\",\"position\":2,\"name\":\"\u00c9tica\",\"item\":\"https:\/\/www.aspronis.com\/es\/la-fundacio\/etica\/\"},{\"@type\":\"ListItem\",\"position\":3,\"name\":\"C\u00f3digo \u00e9tico\"}]},{\"@type\":\"WebSite\",\"@id\":\"https:\/\/www.aspronis.com\/es\/#website\",\"url\":\"https:\/\/www.aspronis.com\/es\/\",\"name\":\"Aspronis\",\"description\":\"\",\"potentialAction\":[{\"@type\":\"SearchAction\",\"target\":{\"@type\":\"EntryPoint\",\"urlTemplate\":\"https:\/\/www.aspronis.com\/es\/?s={search_term_string}\"},\"query-input\":{\"@type\":\"PropertyValueSpecification\",\"valueRequired\":true,\"valueName\":\"search_term_string\"}}],\"inLanguage\":\"es\"}]}<\/script>\n<!-- \/ Yoast SEO plugin. -->","yoast_head_json":{"title":"C\u00f3digo \u00e9tico - Aspronis","robots":{"index":"index","follow":"follow","max-snippet":"max-snippet:-1","max-image-preview":"max-image-preview:large","max-video-preview":"max-video-preview:-1"},"canonical":"https:\/\/www.aspronis.com\/es\/la-fundacio\/etica\/codigo-etico\/","og_locale":"es_ES","og_type":"article","og_title":"C\u00f3digo \u00e9tico - Aspronis","og_description":"[vc_row css_animation=\u00bb\u00bb row_type=\u00bbrow\u00bb use_row_as_full_screen_section=\u00bbno\u00bb type=\u00bbgrid\u00bb angled_section=\u00bbno\u00bb text_align=\u00bbleft\u00bb background_image_as_pattern=\u00bbwithout_pattern\u00bb z_index=\u00bb\u00bb][vc_column width=\u00bb1\/2&#8243;][vc_column_text el_class=\u00bbsection_title small sep\u00bb] C\u00f3digo \u00e9tico [\/vc_column_text][vc_column_text]La \u00e9tica es vital en las organizaciones y en la Fundaci\u00f3n ASPRONIS lo es especialmente: las personas son nuestro eje y la \u00e9tica, nuestra gu\u00eda. Por eso, contamos con el...","og_url":"https:\/\/www.aspronis.com\/es\/la-fundacio\/etica\/codigo-etico\/","og_site_name":"Aspronis","article_modified_time":"2022-10-25T10:55:24+00:00","twitter_card":"summary_large_image","twitter_misc":{"Tiempo de lectura":"1 minuto"},"schema":{"@context":"https:\/\/schema.org","@graph":[{"@type":"WebPage","@id":"https:\/\/www.aspronis.com\/es\/la-fundacio\/etica\/codigo-etico\/","url":"https:\/\/www.aspronis.com\/es\/la-fundacio\/etica\/codigo-etico\/","name":"C\u00f3digo \u00e9tico - Aspronis","isPartOf":{"@id":"https:\/\/www.aspronis.com\/es\/#website"},"datePublished":"2022-07-04T15:34:25+00:00","dateModified":"2022-10-25T10:55:24+00:00","breadcrumb":{"@id":"https:\/\/www.aspronis.com\/es\/la-fundacio\/etica\/codigo-etico\/#breadcrumb"},"inLanguage":"es","potentialAction":[{"@type":"ReadAction","target":["https:\/\/www.aspronis.com\/es\/la-fundacio\/etica\/codigo-etico\/"]}]},{"@type":"BreadcrumbList","@id":"https:\/\/www.aspronis.com\/es\/la-fundacio\/etica\/codigo-etico\/#breadcrumb","itemListElement":[{"@type":"ListItem","position":1,"name":"La fundaci\u00f3n","item":"https:\/\/www.aspronis.com\/es\/la-fundacio\/"},{"@type":"ListItem","position":2,"name":"\u00c9tica","item":"https:\/\/www.aspronis.com\/es\/la-fundacio\/etica\/"},{"@type":"ListItem","position":3,"name":"C\u00f3digo \u00e9tico"}]},{"@type":"WebSite","@id":"https:\/\/www.aspronis.com\/es\/#website","url":"https:\/\/www.aspronis.com\/es\/","name":"Aspronis","description":"","potentialAction":[{"@type":"SearchAction","target":{"@type":"EntryPoint","urlTemplate":"https:\/\/www.aspronis.com\/es\/?s={search_term_string}"},"query-input":{"@type":"PropertyValueSpecification","valueRequired":true,"valueName":"search_term_string"}}],"inLanguage":"es"}]}},"_links":{"self":[{"href":"https:\/\/www.aspronis.com\/es\/wp-json\/wp\/v2\/pages\/1544","targetHints":{"allow":["GET"]}}],"collection":[{"href":"https:\/\/www.aspronis.com\/es\/wp-json\/wp\/v2\/pages"}],"about":[{"href":"https:\/\/www.aspronis.com\/es\/wp-json\/wp\/v2\/types\/page"}],"author":[{"embeddable":true,"href":"https:\/\/www.aspronis.com\/es\/wp-json\/wp\/v2\/users\/1"}],"replies":[{"embeddable":true,"href":"https:\/\/www.aspronis.com\/es\/wp-json\/wp\/v2\/comments?post=1544"}],"version-history":[{"count":3,"href":"https:\/\/www.aspronis.com\/es\/wp-json\/wp\/v2\/pages\/1544\/revisions"}],"predecessor-version":[{"id":1637,"href":"https:\/\/www.aspronis.com\/es\/wp-json\/wp\/v2\/pages\/1544\/revisions\/1637"}],"up":[{"embeddable":true,"href":"https:\/\/www.aspronis.com\/es\/wp-json\/wp\/v2\/pages\/1461"}],"wp:attachment":[{"href":"https:\/\/www.aspronis.com\/es\/wp-json\/wp\/v2\/media?parent=1544"}],"curies":[{"name":"wp","href":"https:\/\/api.w.org\/{rel}","templated":true}]}}